{"id":4338,"date":"2023-07-21T10:16:49","date_gmt":"2023-07-21T13:16:49","guid":{"rendered":"http:\/\/nutriciondebovinos.ar\/?page_id=4338"},"modified":"2023-09-01T17:47:11","modified_gmt":"2023-09-01T20:47:11","slug":"link","status":"publish","type":"page","link":"https:\/\/nutriciondebovinos.ar\/index.php\/link\/","title":{"rendered":"Link"},"content":{"rendered":"\t\t<div data-elementor-type=\"wp-page\" data-elementor-id=\"4338\" class=\"elementor elementor-4338\" data-elementor-post-type=\"page\">\n\t\t\t\t<div class=\"elementor-element elementor-element-f89d491 e-flex e-con-boxed e-con e-parent\" data-id=\"f89d491\" data-element_type=\"container\" data-e-type=\"container\">\n\t\t\t\t\t<div class=\"e-con-inner\">\n\t\t\t\t<div class=\"elementor-element elementor-element-b04b585 elementor-widget elementor-widget-heading\" data-id=\"b04b585\" data-element_type=\"widget\" data-e-type=\"widget\" data-widget_type=\"heading.default\">\n\t\t\t\t<div class=\"elementor-widget-container\">\n\t\t\t\t\t<h1 class=\"elementor-heading-title elementor-size-default\">Links de inter\u00e9s<\/h1>\t\t\t\t<\/div>\n\t\t\t\t<\/div>\n\t\t\t\t<div class=\"elementor-element elementor-element-0a7bb99 elementor-widget elementor-widget-text-editor\" data-id=\"0a7bb99\" data-element_type=\"widget\" data-e-type=\"widget\" data-widget_type=\"text-editor.default\">\n\t\t\t\t<div class=\"elementor-widget-container\">\n\t\t\t\t\t\t\t\t\t<p>Informaci\u00f3n de inter\u00e9s para las cadenas l\u00e1ctea y c\u00e1rnica de bovino<\/p>\t\t\t\t\t\t\t\t<\/div>\n\t\t\t\t<\/div>\n\t\t\t\t<div class=\"elementor-element elementor-element-7db6272 elementor-widget elementor-widget-text-editor\" data-id=\"7db6272\" data-element_type=\"widget\" data-e-type=\"widget\" data-widget_type=\"text-editor.default\">\n\t\t\t\t<div class=\"elementor-widget-container\">\n\t\t\t\t\t\t\t\t\t<ul>\n \t<li><a href=\"http:\/\/www.noticieroganadero.com\/\" target=\"_blank\" rel=\"noopener nofollow\" title=\"fuente: noticiero ganadero\">www.noticieroganadero.com<\/a>\nMercadeo Gestion Ganadera &#8211; M\u00e9xico<\/li>\n \t<li><a href=\"http:\/\/www.agrocadenas.gov.co\/\" target=\"_blank\" rel=\"noopener nofollow\" title=\"fuente: agrocadenas\">www.agrocadenas.gov.co<\/a>\nIICA Colombia<\/li>\n \t<li><a href=\"https:\/\/www.racve.es\/\" target=\"_blank\" rel=\"noopener nofollow\" title=\"fuente: racve\">www.racve.es<\/a>\nReal Academia de Ciencias Veterinarias &#8211; Espa\u00f1a<\/li>\n \t<li><a href=\"https:\/\/www.france-vet-international.fr\/\" target=\"_blank\" rel=\"noopener nofollow\" title=\"fuente: france v\u00e9t\u00e9rinaire international\">www.france-vet-international.fr<\/a>\nRed Asociativa Francesa Veterinaria Internacional<\/li>\n \t<li><a href=\"https:\/\/www.avsf.org\/\" target=\"_blank\" rel=\"noopener nofollow\" title=\"fuente: avsf\">www.avsf.org<\/a>\nAgronom\u00eda y veterinaria sin fronteras<\/li>\n \t<li><a href=\"https:\/\/www.inta.gov.ar\/\" target=\"_blank\" rel=\"noopener nofollow\" title=\"fuente: inta\">www.inta.gov.ar<\/a>\nInstituto Nacional de Tecnolog\u00eda Agropecuaria de Argentina<\/li>\n \t<li><a href=\"https:\/\/www.ugrj.org.mx\/\" target=\"_blank\" rel=\"noopener nofollow\" title=\"fuente: ugrj\">www.ugrj.org.mx<\/a>\nUni\u00f3n de Ganaderos de Jalisco &#8211; M\u00e9xico<\/li>\n \t<li><a href=\"https:\/\/www.inia.gob.pe\/\" target=\"_blank\" rel=\"noopener nofollow\" title=\"fuente: inia\">www.inia.gob.pe<\/a>\nInstituto Nacional de Investigaci\u00f3n y Extensi\u00f3n Agraria de Peru<\/li>\n \t<li><a href=\"https:\/\/www.cuencarural.com\/\" target=\"_blank\" rel=\"noopener nofollow\" title=\"fuente: cuencarural\">www.cuencarural.com<\/a>\nPortal vinculado al sector Agropecuario y Agronegocios<\/li>\n \t<li><a href=\"https:\/\/www.engormix.com\/\" target=\"_blank\" rel=\"noopener nofollow\" title=\"fuente: engormix\">www.engormix.com<\/a>\nPortal vinculado al sector de la Producci\u00f3n Animal<\/li>\n \t<li><a href=\"https:\/\/www.unaga.org.co\/\" target=\"_blank\" rel=\"noopener nofollow\" title=\"fuente: unaga\">www.unaga.org.co<\/a>\nUni\u00f3n Nacional de Ganaderos de Colombia<\/li>\n \t<li><a href=\"https:\/\/www.asoangusbrangus.org.co\/\" target=\"_blank\" rel=\"noopener nofollow\" title=\"fuente: asoangusbrangus\">www.asoangusbrangus.org.co<\/a>\nAsociaciones de Angus y Brangus de Colombia<\/li>\n \t<li><a href=\"https:\/\/www.ipcva.com.ar\/\" target=\"_blank\" rel=\"noopener nofollow\" title=\"fuente: ipcva\">www.ipcva.com.ar<\/a>\nInstituto de Promoci\u00f3n de la Carne Vacuna Argentina<\/li>\n \t<li><a href=\"https:\/\/www.senasa.gov.ar\/\" target=\"_blank\" rel=\"noopener nofollow\" title=\"fuente: senasa\">www.senasa.gov.ar<\/a>\nServicio de Sanidad Animal de Argentina<\/li>\n \t<li><a href=\"https:\/\/www.apl.org.ar\/\" target=\"_blank\" rel=\"noopener nofollow\" title=\"fuente: apl\">www.apl.org.ar<\/a>\nAsociaci\u00f3n de Productores de Leche<\/li>\n \t<li><a href=\"https:\/\/www.caprolecoba.com.ar\/\" target=\"_blank\" rel=\"noopener nofollow\" title=\"fuente: caprolecoba\">www.caprolecoba.com.ar<\/a>\nC\u00e1mara de Productores de Leche Cuenca Oeste<\/li>\n \t<li><a href=\"https:\/\/www.aacrea.org.ar\/\" target=\"_blank\" rel=\"noopener nofollow\" title=\"fuente: aacrea\">www.aacrea.org.ar<\/a>\nAsociaci\u00f3n Argentina de Consorcios Rurales de Experimentaci\u00f3n Agropecuaria<\/li>\n \t<li><a href=\"https:\/\/www.sumarioganadero.com\/\" target=\"_blank\" rel=\"noopener nofollow\" title=\"fuente: sumarioganadero\">www.sumarioganadero.com<\/a><\/li>\n \t<li><a href=\"https:\/\/www.ganaderiacontodos.com\/\" target=\"_blank\" rel=\"noopener nofollow\" title=\"fuente: ganaderiacontodos\">www.ganaderiacontodos.com<\/a><\/li>\n \t<li><a href=\"https:\/\/www.agendaganadera.com\/\" target=\"_blank\" rel=\"noopener nofollow\" title=\"fuente: agendaganadera\">www.agendaganadera.com<\/a><\/li>\n \t<li><a href=\"https:\/\/www.fedmvz.com\/\" target=\"_blank\" rel=\"noopener nofollow\" title=\"fuente: fedmvz\">www.fedmvz.com<\/a>\nFederaci\u00f3n de Colegios\u00a0 y Asociaciones de M\u00e9dicos\u00a0 Veterinarios Zootecnistas de M\u00e9xico<\/li>\n<\/ul>\t\t\t\t\t\t\t\t<\/div>\n\t\t\t\t<\/div>\n\t\t\t\t\t<\/div>\n\t\t\t\t<\/div>\n\t\t\t\t<\/div>\n\t\t","protected":false},"excerpt":{"rendered":"<p>Links de inter\u00e9s Informaci\u00f3n de inter\u00e9s para las cadenas l\u00e1ctea y c\u00e1rnica de bovino www.noticieroganadero.com Mercadeo Gestion Ganadera &#8211; M\u00e9xico www.agrocadenas.gov.co IICA Colombia www.racve.es Real Academia de Ciencias Veterinarias &#8211; Espa\u00f1a www.france-vet-international.org Red Asociativa Francesa Veterinaria Internacional www.avsf.org Agronom\u00eda y veterinaria sin fronteras www.inta.gov.ar Instituto Nacional de Tecnolog\u00eda Agropecuaria de Argentina www.ugrj.org.mx Uni\u00f3n de Ganaderos [&hellip;]<\/p>\n","protected":false},"author":1,"featured_media":0,"parent":0,"menu_order":0,"comment_status":"closed","ping_status":"closed","template":"","meta":{"footnotes":""},"class_list":["post-4338","page","type-page","status-publish","hentry"],"yoast_head":"<!-- This site is optimized with the Yoast SEO plugin v27.3 - https:\/\/yoast.com\/product\/yoast-seo-wordpress\/ -->\n<title>Link de interes sobre nutrici\u00f3n de bovinos<\/title>\n<meta name=\"description\" content=\"Les dejamos un listado de Links relacionados con la nutrici\u00f3n de bovinos y la gesti\u00f3n ganadera que podrian ser de su inter\u00e9s.\" \/>\n<meta name=\"robots\" content=\"index, follow, max-snippet:-1, max-image-preview:large, max-video-preview:-1\" \/>\n<link rel=\"canonical\" href=\"https:\/\/nutriciondebovinos.ar\/index.php\/link\/\" \/>\n<meta property=\"og:locale\" content=\"es_ES\" \/>\n<meta property=\"og:type\" content=\"article\" \/>\n<meta property=\"og:title\" content=\"Link de interes sobre nutrici\u00f3n de bovinos\" \/>\n<meta property=\"og:description\" content=\"Les dejamos un listado de Links relacionados con la nutrici\u00f3n de bovinos y la gesti\u00f3n ganadera que podrian ser de su inter\u00e9s.\" \/>\n<meta property=\"og:url\" content=\"https:\/\/nutriciondebovinos.ar\/index.php\/link\/\" \/>\n<meta property=\"og:site_name\" content=\"nutriciondebovinos\" \/>\n<meta property=\"article:modified_time\" content=\"2023-09-01T20:47:11+00:00\" \/>\n<meta property=\"og:image\" content=\"https:\/\/nutriciondebovinos.ar\/wp-content\/uploads\/2023\/06\/ganado.jpg\" \/>\n\t<meta property=\"og:image:width\" content=\"2000\" \/>\n\t<meta property=\"og:image:height\" content=\"1143\" \/>\n\t<meta property=\"og:image:type\" content=\"image\/jpeg\" \/>\n<meta name=\"twitter:card\" content=\"summary_large_image\" \/>\n<meta name=\"twitter:label1\" content=\"Tiempo de lectura\" \/>\n\t<meta name=\"twitter:data1\" content=\"1 minuto\" \/>\n<script type=\"application\/ld+json\" class=\"yoast-schema-graph\">{\"@context\":\"https:\\\/\\\/schema.org\",\"@graph\":[{\"@type\":\"WebPage\",\"@id\":\"https:\\\/\\\/nutriciondebovinos.ar\\\/index.php\\\/link\\\/\",\"url\":\"https:\\\/\\\/nutriciondebovinos.ar\\\/index.php\\\/link\\\/\",\"name\":\"Link de interes sobre nutrici\u00f3n de bovinos\",\"isPartOf\":{\"@id\":\"https:\\\/\\\/nutriciondebovinos.ar\\\/#website\"},\"datePublished\":\"2023-07-21T13:16:49+00:00\",\"dateModified\":\"2023-09-01T20:47:11+00:00\",\"description\":\"Les dejamos un listado de Links relacionados con la nutrici\u00f3n de bovinos y la gesti\u00f3n ganadera que podrian ser de su inter\u00e9s.\",\"breadcrumb\":{\"@id\":\"https:\\\/\\\/nutriciondebovinos.ar\\\/index.php\\\/link\\\/#breadcrumb\"},\"inLanguage\":\"es-AR\",\"potentialAction\":[{\"@type\":\"ReadAction\",\"target\":[\"https:\\\/\\\/nutriciondebovinos.ar\\\/index.php\\\/link\\\/\"]}]},{\"@type\":\"BreadcrumbList\",\"@id\":\"https:\\\/\\\/nutriciondebovinos.ar\\\/index.php\\\/link\\\/#breadcrumb\",\"itemListElement\":[{\"@type\":\"ListItem\",\"position\":1,\"name\":\"Inicio\",\"item\":\"https:\\\/\\\/nutriciondebovinos.ar\\\/\"},{\"@type\":\"ListItem\",\"position\":2,\"name\":\"Link\"}]},{\"@type\":\"WebSite\",\"@id\":\"https:\\\/\\\/nutriciondebovinos.ar\\\/#website\",\"url\":\"https:\\\/\\\/nutriciondebovinos.ar\\\/\",\"name\":\"Nutrici\u00f3n de Bovinos\",\"description\":\"Sitio Web sobre Nutrici\u00f3n de Rumiantes y Gesti\u00f3n Ganadera, tiene como finalidad representar un espacio com\u00fan de discusi\u00f3n, difusi\u00f3n y transferencia de conocimientos entre el mundo cient\u00edfico-t\u00e9cnico\",\"publisher\":{\"@id\":\"https:\\\/\\\/nutriciondebovinos.ar\\\/#\\\/schema\\\/person\\\/0728d66fb1fe97c3333f40ee2e09e263\"},\"potentialAction\":[{\"@type\":\"SearchAction\",\"target\":{\"@type\":\"EntryPoint\",\"urlTemplate\":\"https:\\\/\\\/nutriciondebovinos.ar\\\/?s={search_term_string}\"},\"query-input\":{\"@type\":\"PropertyValueSpecification\",\"valueRequired\":true,\"valueName\":\"search_term_string\"}}],\"inLanguage\":\"es-AR\"},{\"@type\":[\"Person\",\"Organization\"],\"@id\":\"https:\\\/\\\/nutriciondebovinos.ar\\\/#\\\/schema\\\/person\\\/0728d66fb1fe97c3333f40ee2e09e263\",\"name\":\"nutricion.portafoliosweb.com.ar\",\"image\":{\"@type\":\"ImageObject\",\"inLanguage\":\"es-AR\",\"@id\":\"https:\\\/\\\/nutriciondebovinos.ar\\\/wp-content\\\/uploads\\\/2023\\\/08\\\/cropped-cow-logo.png\",\"url\":\"https:\\\/\\\/nutriciondebovinos.ar\\\/wp-content\\\/uploads\\\/2023\\\/08\\\/cropped-cow-logo.png\",\"contentUrl\":\"https:\\\/\\\/nutriciondebovinos.ar\\\/wp-content\\\/uploads\\\/2023\\\/08\\\/cropped-cow-logo.png\",\"width\":2998,\"height\":1909,\"caption\":\"nutricion.portafoliosweb.com.ar\"},\"logo\":{\"@id\":\"https:\\\/\\\/nutriciondebovinos.ar\\\/wp-content\\\/uploads\\\/2023\\\/08\\\/cropped-cow-logo.png\"},\"sameAs\":[\"http:\\\/\\\/nutriciondebovinos.ar\"]}]}<\/script>\n<!-- \/ Yoast SEO plugin. -->","yoast_head_json":{"title":"Link de interes sobre nutrici\u00f3n de bovinos","description":"Les dejamos un listado de Links relacionados con la nutrici\u00f3n de bovinos y la gesti\u00f3n ganadera que podrian ser de su inter\u00e9s.","robots":{"index":"index","follow":"follow","max-snippet":"max-snippet:-1","max-image-preview":"max-image-preview:large","max-video-preview":"max-video-preview:-1"},"canonical":"https:\/\/nutriciondebovinos.ar\/index.php\/link\/","og_locale":"es_ES","og_type":"article","og_title":"Link de interes sobre nutrici\u00f3n de bovinos","og_description":"Les dejamos un listado de Links relacionados con la nutrici\u00f3n de bovinos y la gesti\u00f3n ganadera que podrian ser de su inter\u00e9s.","og_url":"https:\/\/nutriciondebovinos.ar\/index.php\/link\/","og_site_name":"nutriciondebovinos","article_modified_time":"2023-09-01T20:47:11+00:00","og_image":[{"width":2000,"height":1143,"url":"https:\/\/nutriciondebovinos.ar\/wp-content\/uploads\/2023\/06\/ganado.jpg","type":"image\/jpeg"}],"twitter_card":"summary_large_image","twitter_misc":{"Tiempo de lectura":"1 minuto"},"schema":{"@context":"https:\/\/schema.org","@graph":[{"@type":"WebPage","@id":"https:\/\/nutriciondebovinos.ar\/index.php\/link\/","url":"https:\/\/nutriciondebovinos.ar\/index.php\/link\/","name":"Link de interes sobre nutrici\u00f3n de bovinos","isPartOf":{"@id":"https:\/\/nutriciondebovinos.ar\/#website"},"datePublished":"2023-07-21T13:16:49+00:00","dateModified":"2023-09-01T20:47:11+00:00","description":"Les dejamos un listado de Links relacionados con la nutrici\u00f3n de bovinos y la gesti\u00f3n ganadera que podrian ser de su inter\u00e9s.","breadcrumb":{"@id":"https:\/\/nutriciondebovinos.ar\/index.php\/link\/#breadcrumb"},"inLanguage":"es-AR","potentialAction":[{"@type":"ReadAction","target":["https:\/\/nutriciondebovinos.ar\/index.php\/link\/"]}]},{"@type":"BreadcrumbList","@id":"https:\/\/nutriciondebovinos.ar\/index.php\/link\/#breadcrumb","itemListElement":[{"@type":"ListItem","position":1,"name":"Inicio","item":"https:\/\/nutriciondebovinos.ar\/"},{"@type":"ListItem","position":2,"name":"Link"}]},{"@type":"WebSite","@id":"https:\/\/nutriciondebovinos.ar\/#website","url":"https:\/\/nutriciondebovinos.ar\/","name":"Nutrici\u00f3n de Bovinos","description":"Sitio Web sobre Nutrici\u00f3n de Rumiantes y Gesti\u00f3n Ganadera, tiene como finalidad representar un espacio com\u00fan de discusi\u00f3n, difusi\u00f3n y transferencia de conocimientos entre el mundo cient\u00edfico-t\u00e9cnico","publisher":{"@id":"https:\/\/nutriciondebovinos.ar\/#\/schema\/person\/0728d66fb1fe97c3333f40ee2e09e263"},"potentialAction":[{"@type":"SearchAction","target":{"@type":"EntryPoint","urlTemplate":"https:\/\/nutriciondebovinos.ar\/?s={search_term_string}"},"query-input":{"@type":"PropertyValueSpecification","valueRequired":true,"valueName":"search_term_string"}}],"inLanguage":"es-AR"},{"@type":["Person","Organization"],"@id":"https:\/\/nutriciondebovinos.ar\/#\/schema\/person\/0728d66fb1fe97c3333f40ee2e09e263","name":"nutricion.portafoliosweb.com.ar","image":{"@type":"ImageObject","inLanguage":"es-AR","@id":"https:\/\/nutriciondebovinos.ar\/wp-content\/uploads\/2023\/08\/cropped-cow-logo.png","url":"https:\/\/nutriciondebovinos.ar\/wp-content\/uploads\/2023\/08\/cropped-cow-logo.png","contentUrl":"https:\/\/nutriciondebovinos.ar\/wp-content\/uploads\/2023\/08\/cropped-cow-logo.png","width":2998,"height":1909,"caption":"nutricion.portafoliosweb.com.ar"},"logo":{"@id":"https:\/\/nutriciondebovinos.ar\/wp-content\/uploads\/2023\/08\/cropped-cow-logo.png"},"sameAs":["http:\/\/nutriciondebovinos.ar"]}]}},"_links":{"self":[{"href":"https:\/\/nutriciondebovinos.ar\/index.php\/wp-json\/wp\/v2\/pages\/4338","targetHints":{"allow":["GET"]}}],"collection":[{"href":"https:\/\/nutriciondebovinos.ar\/index.php\/wp-json\/wp\/v2\/pages"}],"about":[{"href":"https:\/\/nutriciondebovinos.ar\/index.php\/wp-json\/wp\/v2\/types\/page"}],"author":[{"embeddable":true,"href":"https:\/\/nutriciondebovinos.ar\/index.php\/wp-json\/wp\/v2\/users\/1"}],"replies":[{"embeddable":true,"href":"https:\/\/nutriciondebovinos.ar\/index.php\/wp-json\/wp\/v2\/comments?post=4338"}],"version-history":[{"count":35,"href":"https:\/\/nutriciondebovinos.ar\/index.php\/wp-json\/wp\/v2\/pages\/4338\/revisions"}],"predecessor-version":[{"id":8498,"href":"https:\/\/nutriciondebovinos.ar\/index.php\/wp-json\/wp\/v2\/pages\/4338\/revisions\/8498"}],"wp:attachment":[{"href":"https:\/\/nutriciondebovinos.ar\/index.php\/wp-json\/wp\/v2\/media?parent=4338"}],"curies":[{"name":"wp","href":"https:\/\/api.w.org\/{rel}","templated":true}]}}