{"id":4926,"date":"2023-07-28T10:49:11","date_gmt":"2023-07-28T13:49:11","guid":{"rendered":"http:\/\/nutriciondebovinos.ar\/?page_id=4926"},"modified":"2023-09-01T09:58:50","modified_gmt":"2023-09-01T12:58:50","slug":"bufalos","status":"publish","type":"page","link":"https:\/\/nutriciondebovinos.ar\/index.php\/bufalos\/","title":{"rendered":"B\u00fafalos"},"content":{"rendered":"\t\t<div data-elementor-type=\"wp-page\" data-elementor-id=\"4926\" class=\"elementor elementor-4926\" data-elementor-post-type=\"page\">\n\t\t\t\t<div class=\"elementor-element elementor-element-d789257 e-flex e-con-boxed e-con e-parent\" data-id=\"d789257\" data-element_type=\"container\" data-e-type=\"container\">\n\t\t\t\t\t<div class=\"e-con-inner\">\n\t\t\t\t\t<\/div>\n\t\t\t\t<\/div>\n\t\t<div class=\"elementor-element elementor-element-3a76ea3e e-flex e-con-boxed e-con e-parent\" data-id=\"3a76ea3e\" data-element_type=\"container\" data-e-type=\"container\" data-settings=\"{&quot;background_background&quot;:&quot;classic&quot;}\">\n\t\t\t\t\t<div class=\"e-con-inner\">\n\t\t\t\t<div class=\"elementor-element elementor-element-442e18b1 elementor-widget-mobile__width-inherit elementor-widget elementor-widget-gallery\" data-id=\"442e18b1\" data-element_type=\"widget\" data-e-type=\"widget\" data-settings=\"{&quot;columns&quot;:3,&quot;gap&quot;:{&quot;unit&quot;:&quot;px&quot;,&quot;size&quot;:22,&quot;sizes&quot;:[]},&quot;content_hover_animation&quot;:&quot;shrink&quot;,&quot;content_sequenced_animation&quot;:&quot;yes&quot;,&quot;lazyload&quot;:&quot;yes&quot;,&quot;gallery_layout&quot;:&quot;grid&quot;,&quot;columns_tablet&quot;:2,&quot;columns_mobile&quot;:1,&quot;gap_tablet&quot;:{&quot;unit&quot;:&quot;px&quot;,&quot;size&quot;:10,&quot;sizes&quot;:[]},&quot;gap_mobile&quot;:{&quot;unit&quot;:&quot;px&quot;,&quot;size&quot;:10,&quot;sizes&quot;:[]},&quot;link_to&quot;:&quot;file&quot;,&quot;aspect_ratio&quot;:&quot;3:2&quot;,&quot;overlay_background&quot;:&quot;yes&quot;}\" data-widget_type=\"gallery.default\">\n\t\t\t\t<div class=\"elementor-widget-container\">\n\t\t\t\t\t\t\t<div class=\"elementor-gallery__container\">\n\t\t\t\t\t\t\t<a class=\"e-gallery-item elementor-gallery-item elementor-animated-content\" href=\"https:\/\/nutriciondebovinos.ar\/wp-content\/uploads\/2023\/07\/BALANZA-ELECTRONICA-PARA-PESAR-A-LOS-BUFALOS.webp\" data-elementor-open-lightbox=\"yes\" data-elementor-lightbox-slideshow=\"442e18b1\" data-elementor-lightbox-title=\"Balanza Electr\u00f3nica para pesar a los B\u00fafalos\" data-elementor-lightbox-description=\"Balanza Electr\u00f3nica para pesar a los B\u00fafalos\" data-e-action-hash=\"#elementor-action%3Aaction%3Dlightbox%26settings%3DeyJpZCI6NDkyOCwidXJsIjoiaHR0cHM6XC9cL251dHJpY2lvbmRlYm92aW5vcy5hclwvd3AtY29udGVudFwvdXBsb2Fkc1wvMjAyM1wvMDdcL0JBTEFOWkEtRUxFQ1RST05JQ0EtUEFSQS1QRVNBUi1BLUxPUy1CVUZBTE9TLndlYnAiLCJzbGlkZXNob3ciOiI0NDJlMThiMSJ9\">\n\t\t\t\t\t<div class=\"e-gallery-image elementor-gallery-item__image\" data-thumbnail=\"https:\/\/nutriciondebovinos.ar\/wp-content\/uploads\/2023\/07\/BALANZA-ELECTRONICA-PARA-PESAR-A-LOS-BUFALOS.webp\" data-width=\"800\" data-height=\"600\" aria-label=\"Balanza Electr\u00f3nica para pesar a los B\u00fafalos\" role=\"img\" ><\/div>\n\t\t\t\t\t\t\t\t\t\t\t<div class=\"elementor-gallery-item__overlay\"><\/div>\n\t\t\t\t\t\t\t\t\t\t\t\t\t\t<\/a>\n\t\t\t\t\t\t\t<a class=\"e-gallery-item elementor-gallery-item elementor-animated-content\" href=\"https:\/\/nutriciondebovinos.ar\/wp-content\/uploads\/2023\/07\/BUBILLAS-Y-BUFALAS.webp\" data-elementor-open-lightbox=\"yes\" data-elementor-lightbox-slideshow=\"442e18b1\" data-elementor-lightbox-title=\"B\u00fabillas y B\u00fafalas\" data-elementor-lightbox-description=\"B\u00fabillas y B\u00fafalas\" data-e-action-hash=\"#elementor-action%3Aaction%3Dlightbox%26settings%3DeyJpZCI6NDkyOSwidXJsIjoiaHR0cHM6XC9cL251dHJpY2lvbmRlYm92aW5vcy5hclwvd3AtY29udGVudFwvdXBsb2Fkc1wvMjAyM1wvMDdcL0JVQklMTEFTLVktQlVGQUxBUy53ZWJwIiwic2xpZGVzaG93IjoiNDQyZTE4YjEifQ%3D%3D\">\n\t\t\t\t\t<div class=\"e-gallery-image elementor-gallery-item__image\" data-thumbnail=\"https:\/\/nutriciondebovinos.ar\/wp-content\/uploads\/2023\/07\/BUBILLAS-Y-BUFALAS.webp\" data-width=\"800\" data-height=\"600\" aria-label=\"B\u00fabillas y B\u00fafalas\" role=\"img\" ><\/div>\n\t\t\t\t\t\t\t\t\t\t\t<div class=\"elementor-gallery-item__overlay\"><\/div>\n\t\t\t\t\t\t\t\t\t\t\t\t\t\t<\/a>\n\t\t\t\t\t\t\t<a class=\"e-gallery-item elementor-gallery-item elementor-animated-content\" href=\"https:\/\/nutriciondebovinos.ar\/wp-content\/uploads\/2023\/07\/BUCERROS.webp\" data-elementor-open-lightbox=\"yes\" data-elementor-lightbox-slideshow=\"442e18b1\" data-elementor-lightbox-title=\"Bucerros\" data-elementor-lightbox-description=\"Bucerros\" data-e-action-hash=\"#elementor-action%3Aaction%3Dlightbox%26settings%3DeyJpZCI6NDkzMCwidXJsIjoiaHR0cHM6XC9cL251dHJpY2lvbmRlYm92aW5vcy5hclwvd3AtY29udGVudFwvdXBsb2Fkc1wvMjAyM1wvMDdcL0JVQ0VSUk9TLndlYnAiLCJzbGlkZXNob3ciOiI0NDJlMThiMSJ9\">\n\t\t\t\t\t<div class=\"e-gallery-image elementor-gallery-item__image\" data-thumbnail=\"https:\/\/nutriciondebovinos.ar\/wp-content\/uploads\/2023\/07\/BUCERROS.webp\" data-width=\"800\" data-height=\"600\" aria-label=\"Bucerros\" role=\"img\" ><\/div>\n\t\t\t\t\t\t\t\t\t\t\t<div class=\"elementor-gallery-item__overlay\"><\/div>\n\t\t\t\t\t\t\t\t\t\t\t\t\t\t<\/a>\n\t\t\t\t\t\t\t<a class=\"e-gallery-item elementor-gallery-item elementor-animated-content\" href=\"https:\/\/nutriciondebovinos.ar\/wp-content\/uploads\/2023\/07\/BUFALOS.webp\" data-elementor-open-lightbox=\"yes\" data-elementor-lightbox-slideshow=\"442e18b1\" data-elementor-lightbox-title=\"B\u00fafalos\" data-elementor-lightbox-description=\"B\u00fafalos\" data-e-action-hash=\"#elementor-action%3Aaction%3Dlightbox%26settings%3DeyJpZCI6NDkzMSwidXJsIjoiaHR0cHM6XC9cL251dHJpY2lvbmRlYm92aW5vcy5hclwvd3AtY29udGVudFwvdXBsb2Fkc1wvMjAyM1wvMDdcL0JVRkFMT1Mud2VicCIsInNsaWRlc2hvdyI6IjQ0MmUxOGIxIn0%3D\">\n\t\t\t\t\t<div class=\"e-gallery-image elementor-gallery-item__image\" data-thumbnail=\"https:\/\/nutriciondebovinos.ar\/wp-content\/uploads\/2023\/07\/BUFALOS.webp\" data-width=\"800\" data-height=\"600\" aria-label=\"B\u00fafalos\" role=\"img\" ><\/div>\n\t\t\t\t\t\t\t\t\t\t\t<div class=\"elementor-gallery-item__overlay\"><\/div>\n\t\t\t\t\t\t\t\t\t\t\t\t\t\t<\/a>\n\t\t\t\t\t\t\t<a class=\"e-gallery-item elementor-gallery-item elementor-animated-content\" href=\"https:\/\/nutriciondebovinos.ar\/wp-content\/uploads\/2023\/07\/BUFALOS-1.webp\" data-elementor-open-lightbox=\"yes\" data-elementor-lightbox-slideshow=\"442e18b1\" data-elementor-lightbox-title=\"B\u00fafalos 1\" data-elementor-lightbox-description=\"B\u00fafalos 1\" data-e-action-hash=\"#elementor-action%3Aaction%3Dlightbox%26settings%3DeyJpZCI6NDkzMiwidXJsIjoiaHR0cHM6XC9cL251dHJpY2lvbmRlYm92aW5vcy5hclwvd3AtY29udGVudFwvdXBsb2Fkc1wvMjAyM1wvMDdcL0JVRkFMT1MtMS53ZWJwIiwic2xpZGVzaG93IjoiNDQyZTE4YjEifQ%3D%3D\">\n\t\t\t\t\t<div class=\"e-gallery-image elementor-gallery-item__image\" data-thumbnail=\"https:\/\/nutriciondebovinos.ar\/wp-content\/uploads\/2023\/07\/BUFALOS-1.webp\" data-width=\"800\" data-height=\"600\" aria-label=\"B\u00fafalos 1\" role=\"img\" ><\/div>\n\t\t\t\t\t\t\t\t\t\t\t<div class=\"elementor-gallery-item__overlay\"><\/div>\n\t\t\t\t\t\t\t\t\t\t\t\t\t\t<\/a>\n\t\t\t\t\t\t\t<a class=\"e-gallery-item elementor-gallery-item elementor-animated-content\" href=\"https:\/\/nutriciondebovinos.ar\/wp-content\/uploads\/2023\/07\/BUFALOS-2.webp\" data-elementor-open-lightbox=\"yes\" data-elementor-lightbox-slideshow=\"442e18b1\" data-elementor-lightbox-title=\"B\u00fafalos 2\" data-elementor-lightbox-description=\"B\u00fafalos 2\" data-e-action-hash=\"#elementor-action%3Aaction%3Dlightbox%26settings%3DeyJpZCI6NDkzMywidXJsIjoiaHR0cHM6XC9cL251dHJpY2lvbmRlYm92aW5vcy5hclwvd3AtY29udGVudFwvdXBsb2Fkc1wvMjAyM1wvMDdcL0JVRkFMT1MtMi53ZWJwIiwic2xpZGVzaG93IjoiNDQyZTE4YjEifQ%3D%3D\">\n\t\t\t\t\t<div class=\"e-gallery-image elementor-gallery-item__image\" data-thumbnail=\"https:\/\/nutriciondebovinos.ar\/wp-content\/uploads\/2023\/07\/BUFALOS-2.webp\" data-width=\"800\" data-height=\"600\" aria-label=\"B\u00fafalos 2\" role=\"img\" ><\/div>\n\t\t\t\t\t\t\t\t\t\t\t<div class=\"elementor-gallery-item__overlay\"><\/div>\n\t\t\t\t\t\t\t\t\t\t\t\t\t\t<\/a>\n\t\t\t\t\t\t\t<a class=\"e-gallery-item elementor-gallery-item elementor-animated-content\" href=\"https:\/\/nutriciondebovinos.ar\/wp-content\/uploads\/2023\/07\/BUFALOS-3.webp\" data-elementor-open-lightbox=\"yes\" data-elementor-lightbox-slideshow=\"442e18b1\" data-elementor-lightbox-title=\"B\u00fafalos 3\" data-elementor-lightbox-description=\"B\u00fafalos 3\" data-e-action-hash=\"#elementor-action%3Aaction%3Dlightbox%26settings%3DeyJpZCI6NDkzNCwidXJsIjoiaHR0cHM6XC9cL251dHJpY2lvbmRlYm92aW5vcy5hclwvd3AtY29udGVudFwvdXBsb2Fkc1wvMjAyM1wvMDdcL0JVRkFMT1MtMy53ZWJwIiwic2xpZGVzaG93IjoiNDQyZTE4YjEifQ%3D%3D\">\n\t\t\t\t\t<div class=\"e-gallery-image elementor-gallery-item__image\" data-thumbnail=\"https:\/\/nutriciondebovinos.ar\/wp-content\/uploads\/2023\/07\/BUFALOS-3.webp\" data-width=\"800\" data-height=\"600\" aria-label=\"B\u00fafalos 3\" role=\"img\" ><\/div>\n\t\t\t\t\t\t\t\t\t\t\t<div class=\"elementor-gallery-item__overlay\"><\/div>\n\t\t\t\t\t\t\t\t\t\t\t\t\t\t<\/a>\n\t\t\t\t\t\t\t<a class=\"e-gallery-item elementor-gallery-item elementor-animated-content\" href=\"https:\/\/nutriciondebovinos.ar\/wp-content\/uploads\/2023\/07\/ZUCARITAS-SUPLEMENTO-PARA-LOS-BUCERROS-Y-BUFALOS-EN-ENGORDE.webp\" data-elementor-open-lightbox=\"yes\" data-elementor-lightbox-slideshow=\"442e18b1\" data-elementor-lightbox-title=\"Zucaritas (suplemento para los bucerros y b\u00fafalos en engorde)\" data-elementor-lightbox-description=\"Zucaritas (suplemento para los bucerros y b\u00fafalos en engorde)\" data-e-action-hash=\"#elementor-action%3Aaction%3Dlightbox%26settings%3DeyJpZCI6NDkzNSwidXJsIjoiaHR0cHM6XC9cL251dHJpY2lvbmRlYm92aW5vcy5hclwvd3AtY29udGVudFwvdXBsb2Fkc1wvMjAyM1wvMDdcL1pVQ0FSSVRBUy1TVVBMRU1FTlRPLVBBUkEtTE9TLUJVQ0VSUk9TLVktQlVGQUxPUy1FTi1FTkdPUkRFLndlYnAiLCJzbGlkZXNob3ciOiI0NDJlMThiMSJ9\">\n\t\t\t\t\t<div class=\"e-gallery-image elementor-gallery-item__image\" data-thumbnail=\"https:\/\/nutriciondebovinos.ar\/wp-content\/uploads\/2023\/07\/ZUCARITAS-SUPLEMENTO-PARA-LOS-BUCERROS-Y-BUFALOS-EN-ENGORDE.webp\" data-width=\"800\" data-height=\"600\" aria-label=\"Zucaritas (suplemento para los bucerros y b\u00fafalos en engorde)\" role=\"img\" ><\/div>\n\t\t\t\t\t\t\t\t\t\t\t<div class=\"elementor-gallery-item__overlay\"><\/div>\n\t\t\t\t\t\t\t\t\t\t\t\t\t\t<\/a>\n\t\t\t\t\t\t\t<a class=\"e-gallery-item elementor-gallery-item elementor-animated-content\" href=\"https:\/\/nutriciondebovinos.ar\/wp-content\/uploads\/2023\/07\/ZUCARITAS.webp\" data-elementor-open-lightbox=\"yes\" data-elementor-lightbox-slideshow=\"442e18b1\" data-elementor-lightbox-title=\"Zucaritas\" data-elementor-lightbox-description=\"Zucaritas\" data-e-action-hash=\"#elementor-action%3Aaction%3Dlightbox%26settings%3DeyJpZCI6NDkzNiwidXJsIjoiaHR0cHM6XC9cL251dHJpY2lvbmRlYm92aW5vcy5hclwvd3AtY29udGVudFwvdXBsb2Fkc1wvMjAyM1wvMDdcL1pVQ0FSSVRBUy53ZWJwIiwic2xpZGVzaG93IjoiNDQyZTE4YjEifQ%3D%3D\">\n\t\t\t\t\t<div class=\"e-gallery-image elementor-gallery-item__image\" data-thumbnail=\"https:\/\/nutriciondebovinos.ar\/wp-content\/uploads\/2023\/07\/ZUCARITAS.webp\" data-width=\"800\" data-height=\"600\" aria-label=\"Zucaritas\" role=\"img\" ><\/div>\n\t\t\t\t\t\t\t\t\t\t\t<div class=\"elementor-gallery-item__overlay\"><\/div>\n\t\t\t\t\t\t\t\t\t\t\t\t\t\t<\/a>\n\t\t\t\t\t\t\t<a class=\"e-gallery-item elementor-gallery-item elementor-animated-content\" href=\"https:\/\/nutriciondebovinos.ar\/wp-content\/uploads\/2023\/07\/AVENA-PARA-LOS-BUFALOS.webp\" data-elementor-open-lightbox=\"yes\" data-elementor-lightbox-slideshow=\"442e18b1\" data-elementor-lightbox-title=\"Avena para los B\u00fafalos\" data-elementor-lightbox-description=\"Avena para los B\u00fafalos\" data-e-action-hash=\"#elementor-action%3Aaction%3Dlightbox%26settings%3DeyJpZCI6NDkzNywidXJsIjoiaHR0cHM6XC9cL251dHJpY2lvbmRlYm92aW5vcy5hclwvd3AtY29udGVudFwvdXBsb2Fkc1wvMjAyM1wvMDdcL0FWRU5BLVBBUkEtTE9TLUJVRkFMT1Mud2VicCIsInNsaWRlc2hvdyI6IjQ0MmUxOGIxIn0%3D\">\n\t\t\t\t\t<div class=\"e-gallery-image elementor-gallery-item__image\" data-thumbnail=\"https:\/\/nutriciondebovinos.ar\/wp-content\/uploads\/2023\/07\/AVENA-PARA-LOS-BUFALOS.webp\" data-width=\"800\" data-height=\"600\" aria-label=\"Avena para los B\u00fafalos\" role=\"img\" ><\/div>\n\t\t\t\t\t\t\t\t\t\t\t<div class=\"elementor-gallery-item__overlay\"><\/div>\n\t\t\t\t\t\t\t\t\t\t\t\t\t\t<\/a>\n\t\t\t\t\t<\/div>\n\t\t\t\t\t<\/div>\n\t\t\t\t<\/div>\n\t\t\t\t\t<\/div>\n\t\t\t\t<\/div>\n\t\t\t\t<\/div>\n\t\t","protected":false},"excerpt":{"rendered":"","protected":false},"author":1,"featured_media":0,"parent":0,"menu_order":0,"comment_status":"closed","ping_status":"closed","template":"","meta":{"footnotes":""},"class_list":["post-4926","page","type-page","status-publish","hentry"],"yoast_head":"<!-- This site is optimized with the Yoast SEO plugin v27.3 - https:\/\/yoast.com\/product\/yoast-seo-wordpress\/ -->\n<title>B\u00fafalos | nutriciondebovinos<\/title>\n<meta name=\"description\" content=\"Galeria de imagenes de bufalos en corral y su alimentaci\u00f3n.\" \/>\n<meta name=\"robots\" content=\"noindex, nofollow\" \/>\n<meta property=\"og:locale\" content=\"es_ES\" \/>\n<meta property=\"og:type\" content=\"article\" \/>\n<meta property=\"og:title\" content=\"B\u00fafalos | nutriciondebovinos\" \/>\n<meta property=\"og:description\" content=\"Galeria de imagenes de bufalos en corral y su alimentaci\u00f3n.\" \/>\n<meta property=\"og:url\" content=\"https:\/\/nutriciondebovinos.ar\/index.php\/bufalos\/\" \/>\n<meta property=\"og:site_name\" content=\"nutriciondebovinos\" \/>\n<meta property=\"article:modified_time\" content=\"2023-09-01T12:58:50+00:00\" \/>\n<meta property=\"og:image\" content=\"https:\/\/nutriciondebovinos.ar\/wp-content\/uploads\/2023\/06\/ganado.jpg\" \/>\n\t<meta property=\"og:image:width\" content=\"2000\" \/>\n\t<meta property=\"og:image:height\" content=\"1143\" \/>\n\t<meta property=\"og:image:type\" content=\"image\/jpeg\" \/>\n<meta name=\"twitter:card\" content=\"summary_large_image\" \/>\n<script type=\"application\/ld+json\" class=\"yoast-schema-graph\">{\"@context\":\"https:\\\/\\\/schema.org\",\"@graph\":[{\"@type\":\"WebPage\",\"@id\":\"https:\\\/\\\/nutriciondebovinos.ar\\\/index.php\\\/bufalos\\\/\",\"url\":\"https:\\\/\\\/nutriciondebovinos.ar\\\/index.php\\\/bufalos\\\/\",\"name\":\"B\u00fafalos | nutriciondebovinos\",\"isPartOf\":{\"@id\":\"https:\\\/\\\/nutriciondebovinos.ar\\\/#website\"},\"datePublished\":\"2023-07-28T13:49:11+00:00\",\"dateModified\":\"2023-09-01T12:58:50+00:00\",\"description\":\"Galeria de imagenes de bufalos en corral y su alimentaci\u00f3n.\",\"breadcrumb\":{\"@id\":\"https:\\\/\\\/nutriciondebovinos.ar\\\/index.php\\\/bufalos\\\/#breadcrumb\"},\"inLanguage\":\"es-AR\",\"potentialAction\":[{\"@type\":\"ReadAction\",\"target\":[\"https:\\\/\\\/nutriciondebovinos.ar\\\/index.php\\\/bufalos\\\/\"]}]},{\"@type\":\"BreadcrumbList\",\"@id\":\"https:\\\/\\\/nutriciondebovinos.ar\\\/index.php\\\/bufalos\\\/#breadcrumb\",\"itemListElement\":[{\"@type\":\"ListItem\",\"position\":1,\"name\":\"Inicio\",\"item\":\"https:\\\/\\\/nutriciondebovinos.ar\\\/\"},{\"@type\":\"ListItem\",\"position\":2,\"name\":\"B\u00fafalos\"}]},{\"@type\":\"WebSite\",\"@id\":\"https:\\\/\\\/nutriciondebovinos.ar\\\/#website\",\"url\":\"https:\\\/\\\/nutriciondebovinos.ar\\\/\",\"name\":\"Nutrici\u00f3n de Bovinos\",\"description\":\"Sitio Web sobre Nutrici\u00f3n de Rumiantes y Gesti\u00f3n Ganadera, tiene como finalidad representar un espacio com\u00fan de discusi\u00f3n, difusi\u00f3n y transferencia de conocimientos entre el mundo cient\u00edfico-t\u00e9cnico\",\"publisher\":{\"@id\":\"https:\\\/\\\/nutriciondebovinos.ar\\\/#\\\/schema\\\/person\\\/0728d66fb1fe97c3333f40ee2e09e263\"},\"potentialAction\":[{\"@type\":\"SearchAction\",\"target\":{\"@type\":\"EntryPoint\",\"urlTemplate\":\"https:\\\/\\\/nutriciondebovinos.ar\\\/?s={search_term_string}\"},\"query-input\":{\"@type\":\"PropertyValueSpecification\",\"valueRequired\":true,\"valueName\":\"search_term_string\"}}],\"inLanguage\":\"es-AR\"},{\"@type\":[\"Person\",\"Organization\"],\"@id\":\"https:\\\/\\\/nutriciondebovinos.ar\\\/#\\\/schema\\\/person\\\/0728d66fb1fe97c3333f40ee2e09e263\",\"name\":\"nutricion.portafoliosweb.com.ar\",\"image\":{\"@type\":\"ImageObject\",\"inLanguage\":\"es-AR\",\"@id\":\"https:\\\/\\\/nutriciondebovinos.ar\\\/wp-content\\\/uploads\\\/2023\\\/08\\\/cropped-cow-logo.png\",\"url\":\"https:\\\/\\\/nutriciondebovinos.ar\\\/wp-content\\\/uploads\\\/2023\\\/08\\\/cropped-cow-logo.png\",\"contentUrl\":\"https:\\\/\\\/nutriciondebovinos.ar\\\/wp-content\\\/uploads\\\/2023\\\/08\\\/cropped-cow-logo.png\",\"width\":2998,\"height\":1909,\"caption\":\"nutricion.portafoliosweb.com.ar\"},\"logo\":{\"@id\":\"https:\\\/\\\/nutriciondebovinos.ar\\\/wp-content\\\/uploads\\\/2023\\\/08\\\/cropped-cow-logo.png\"},\"sameAs\":[\"http:\\\/\\\/nutriciondebovinos.ar\"]}]}<\/script>\n<!-- \/ Yoast SEO plugin. -->","yoast_head_json":{"title":"B\u00fafalos | nutriciondebovinos","description":"Galeria de imagenes de bufalos en corral y su alimentaci\u00f3n.","robots":{"index":"noindex","follow":"nofollow"},"og_locale":"es_ES","og_type":"article","og_title":"B\u00fafalos | nutriciondebovinos","og_description":"Galeria de imagenes de bufalos en corral y su alimentaci\u00f3n.","og_url":"https:\/\/nutriciondebovinos.ar\/index.php\/bufalos\/","og_site_name":"nutriciondebovinos","article_modified_time":"2023-09-01T12:58:50+00:00","og_image":[{"width":2000,"height":1143,"url":"https:\/\/nutriciondebovinos.ar\/wp-content\/uploads\/2023\/06\/ganado.jpg","type":"image\/jpeg"}],"twitter_card":"summary_large_image","schema":{"@context":"https:\/\/schema.org","@graph":[{"@type":"WebPage","@id":"https:\/\/nutriciondebovinos.ar\/index.php\/bufalos\/","url":"https:\/\/nutriciondebovinos.ar\/index.php\/bufalos\/","name":"B\u00fafalos | nutriciondebovinos","isPartOf":{"@id":"https:\/\/nutriciondebovinos.ar\/#website"},"datePublished":"2023-07-28T13:49:11+00:00","dateModified":"2023-09-01T12:58:50+00:00","description":"Galeria de imagenes de bufalos en corral y su alimentaci\u00f3n.","breadcrumb":{"@id":"https:\/\/nutriciondebovinos.ar\/index.php\/bufalos\/#breadcrumb"},"inLanguage":"es-AR","potentialAction":[{"@type":"ReadAction","target":["https:\/\/nutriciondebovinos.ar\/index.php\/bufalos\/"]}]},{"@type":"BreadcrumbList","@id":"https:\/\/nutriciondebovinos.ar\/index.php\/bufalos\/#breadcrumb","itemListElement":[{"@type":"ListItem","position":1,"name":"Inicio","item":"https:\/\/nutriciondebovinos.ar\/"},{"@type":"ListItem","position":2,"name":"B\u00fafalos"}]},{"@type":"WebSite","@id":"https:\/\/nutriciondebovinos.ar\/#website","url":"https:\/\/nutriciondebovinos.ar\/","name":"Nutrici\u00f3n de Bovinos","description":"Sitio Web sobre Nutrici\u00f3n de Rumiantes y Gesti\u00f3n Ganadera, tiene como finalidad representar un espacio com\u00fan de discusi\u00f3n, difusi\u00f3n y transferencia de conocimientos entre el mundo cient\u00edfico-t\u00e9cnico","publisher":{"@id":"https:\/\/nutriciondebovinos.ar\/#\/schema\/person\/0728d66fb1fe97c3333f40ee2e09e263"},"potentialAction":[{"@type":"SearchAction","target":{"@type":"EntryPoint","urlTemplate":"https:\/\/nutriciondebovinos.ar\/?s={search_term_string}"},"query-input":{"@type":"PropertyValueSpecification","valueRequired":true,"valueName":"search_term_string"}}],"inLanguage":"es-AR"},{"@type":["Person","Organization"],"@id":"https:\/\/nutriciondebovinos.ar\/#\/schema\/person\/0728d66fb1fe97c3333f40ee2e09e263","name":"nutricion.portafoliosweb.com.ar","image":{"@type":"ImageObject","inLanguage":"es-AR","@id":"https:\/\/nutriciondebovinos.ar\/wp-content\/uploads\/2023\/08\/cropped-cow-logo.png","url":"https:\/\/nutriciondebovinos.ar\/wp-content\/uploads\/2023\/08\/cropped-cow-logo.png","contentUrl":"https:\/\/nutriciondebovinos.ar\/wp-content\/uploads\/2023\/08\/cropped-cow-logo.png","width":2998,"height":1909,"caption":"nutricion.portafoliosweb.com.ar"},"logo":{"@id":"https:\/\/nutriciondebovinos.ar\/wp-content\/uploads\/2023\/08\/cropped-cow-logo.png"},"sameAs":["http:\/\/nutriciondebovinos.ar"]}]}},"_links":{"self":[{"href":"https:\/\/nutriciondebovinos.ar\/index.php\/wp-json\/wp\/v2\/pages\/4926","targetHints":{"allow":["GET"]}}],"collection":[{"href":"https:\/\/nutriciondebovinos.ar\/index.php\/wp-json\/wp\/v2\/pages"}],"about":[{"href":"https:\/\/nutriciondebovinos.ar\/index.php\/wp-json\/wp\/v2\/types\/page"}],"author":[{"embeddable":true,"href":"https:\/\/nutriciondebovinos.ar\/index.php\/wp-json\/wp\/v2\/users\/1"}],"replies":[{"embeddable":true,"href":"https:\/\/nutriciondebovinos.ar\/index.php\/wp-json\/wp\/v2\/comments?post=4926"}],"version-history":[{"count":5,"href":"https:\/\/nutriciondebovinos.ar\/index.php\/wp-json\/wp\/v2\/pages\/4926\/revisions"}],"predecessor-version":[{"id":4942,"href":"https:\/\/nutriciondebovinos.ar\/index.php\/wp-json\/wp\/v2\/pages\/4926\/revisions\/4942"}],"wp:attachment":[{"href":"https:\/\/nutriciondebovinos.ar\/index.php\/wp-json\/wp\/v2\/media?parent=4926"}],"curies":[{"name":"wp","href":"https:\/\/api.w.org\/{rel}","templated":true}]}}