{"id":4989,"date":"2023-07-28T11:21:35","date_gmt":"2023-07-28T14:21:35","guid":{"rendered":"http:\/\/nutriciondebovinos.ar\/?page_id=4989"},"modified":"2023-09-01T16:48:54","modified_gmt":"2023-09-01T19:48:54","slug":"engorde-con-ramas-de-eucaliptus","status":"publish","type":"page","link":"https:\/\/nutriciondebovinos.ar\/index.php\/engorde-con-ramas-de-eucaliptus\/","title":{"rendered":"Engorde con ramas de Eucaliptus"},"content":{"rendered":"\t\t<div data-elementor-type=\"wp-page\" data-elementor-id=\"4989\" class=\"elementor elementor-4989\" data-elementor-post-type=\"page\">\n\t\t\t\t<div class=\"elementor-element elementor-element-5abcf5b8 e-flex e-con-boxed e-con e-parent\" data-id=\"5abcf5b8\" data-element_type=\"container\" data-e-type=\"container\">\n\t\t\t\t\t<div class=\"e-con-inner\">\n\t\t\t\t\t<\/div>\n\t\t\t\t<\/div>\n\t\t<div class=\"elementor-element elementor-element-213cee4f e-flex e-con-boxed e-con e-parent\" data-id=\"213cee4f\" data-element_type=\"container\" data-e-type=\"container\" data-settings=\"{&quot;background_background&quot;:&quot;classic&quot;}\">\n\t\t\t\t\t<div class=\"e-con-inner\">\n\t\t\t\t<div class=\"elementor-element elementor-element-2ac548f4 elementor-widget-mobile__width-inherit elementor-widget elementor-widget-gallery\" data-id=\"2ac548f4\" data-element_type=\"widget\" data-e-type=\"widget\" data-settings=\"{&quot;columns&quot;:3,&quot;gap&quot;:{&quot;unit&quot;:&quot;px&quot;,&quot;size&quot;:22,&quot;sizes&quot;:[]},&quot;content_hover_animation&quot;:&quot;shrink&quot;,&quot;content_sequenced_animation&quot;:&quot;yes&quot;,&quot;lazyload&quot;:&quot;yes&quot;,&quot;gallery_layout&quot;:&quot;grid&quot;,&quot;columns_tablet&quot;:2,&quot;columns_mobile&quot;:1,&quot;gap_tablet&quot;:{&quot;unit&quot;:&quot;px&quot;,&quot;size&quot;:10,&quot;sizes&quot;:[]},&quot;gap_mobile&quot;:{&quot;unit&quot;:&quot;px&quot;,&quot;size&quot;:10,&quot;sizes&quot;:[]},&quot;link_to&quot;:&quot;file&quot;,&quot;aspect_ratio&quot;:&quot;3:2&quot;,&quot;overlay_background&quot;:&quot;yes&quot;}\" data-widget_type=\"gallery.default\">\n\t\t\t\t<div class=\"elementor-widget-container\">\n\t\t\t\t\t\t\t<div class=\"elementor-gallery__container\">\n\t\t\t\t\t\t\t<a class=\"e-gallery-item elementor-gallery-item elementor-animated-content\" href=\"https:\/\/nutriciondebovinos.ar\/wp-content\/uploads\/2023\/07\/ENGORDE-CON-RAMAS-DE-EUCALIPTUS.webp\" data-elementor-open-lightbox=\"yes\" data-elementor-lightbox-slideshow=\"2ac548f4\" data-elementor-lightbox-title=\"comedero con ramas de eucaliptus\" data-elementor-lightbox-description=\"comedero con ramas de eucaliptus\" data-e-action-hash=\"#elementor-action%3Aaction%3Dlightbox%26settings%3DeyJpZCI6NDk5NCwidXJsIjoiaHR0cHM6XC9cL251dHJpY2lvbmRlYm92aW5vcy5hclwvd3AtY29udGVudFwvdXBsb2Fkc1wvMjAyM1wvMDdcL0VOR09SREUtQ09OLVJBTUFTLURFLUVVQ0FMSVBUVVMud2VicCIsInNsaWRlc2hvdyI6IjJhYzU0OGY0In0%3D\">\n\t\t\t\t\t<div class=\"e-gallery-image elementor-gallery-item__image\" data-thumbnail=\"https:\/\/nutriciondebovinos.ar\/wp-content\/uploads\/2023\/07\/ENGORDE-CON-RAMAS-DE-EUCALIPTUS.webp\" data-width=\"793\" data-height=\"600\" aria-label=\"comedero con ramas de eucaliptus\" role=\"img\" ><\/div>\n\t\t\t\t\t\t\t\t\t\t\t<div class=\"elementor-gallery-item__overlay\"><\/div>\n\t\t\t\t\t\t\t\t\t\t\t\t\t\t<\/a>\n\t\t\t\t\t\t\t<a class=\"e-gallery-item elementor-gallery-item elementor-animated-content\" href=\"https:\/\/nutriciondebovinos.ar\/wp-content\/uploads\/2023\/07\/ENGORDE-CON-RAMAS-DE-EUCALIPTUS-1.webp\" data-elementor-open-lightbox=\"yes\" data-elementor-lightbox-slideshow=\"2ac548f4\" data-elementor-lightbox-title=\"Engorde con ramas de eucaliptus\" data-elementor-lightbox-description=\"Engorde con ramas de eucaliptus\" data-e-action-hash=\"#elementor-action%3Aaction%3Dlightbox%26settings%3DeyJpZCI6NDk5NSwidXJsIjoiaHR0cHM6XC9cL251dHJpY2lvbmRlYm92aW5vcy5hclwvd3AtY29udGVudFwvdXBsb2Fkc1wvMjAyM1wvMDdcL0VOR09SREUtQ09OLVJBTUFTLURFLUVVQ0FMSVBUVVMtMS53ZWJwIiwic2xpZGVzaG93IjoiMmFjNTQ4ZjQifQ%3D%3D\">\n\t\t\t\t\t<div class=\"e-gallery-image elementor-gallery-item__image\" data-thumbnail=\"https:\/\/nutriciondebovinos.ar\/wp-content\/uploads\/2023\/07\/ENGORDE-CON-RAMAS-DE-EUCALIPTUS-1.webp\" data-width=\"800\" data-height=\"600\" aria-label=\"Engorde con ramas de eucaliptus\" role=\"img\" ><\/div>\n\t\t\t\t\t\t\t\t\t\t\t<div class=\"elementor-gallery-item__overlay\"><\/div>\n\t\t\t\t\t\t\t\t\t\t\t\t\t\t<\/a>\n\t\t\t\t\t\t\t<a class=\"e-gallery-item elementor-gallery-item elementor-animated-content\" href=\"https:\/\/nutriciondebovinos.ar\/wp-content\/uploads\/2023\/07\/ENGORDE-CON-RAMAS-DE-EUCALIPTUS-2.webp\" data-elementor-open-lightbox=\"yes\" data-elementor-lightbox-slideshow=\"2ac548f4\" data-elementor-lightbox-title=\"Ganado comiendo ramas de eucaliptus\" data-elementor-lightbox-description=\"Ganado comiendo ramas de eucaliptus\" data-e-action-hash=\"#elementor-action%3Aaction%3Dlightbox%26settings%3DeyJpZCI6NDk5NiwidXJsIjoiaHR0cHM6XC9cL251dHJpY2lvbmRlYm92aW5vcy5hclwvd3AtY29udGVudFwvdXBsb2Fkc1wvMjAyM1wvMDdcL0VOR09SREUtQ09OLVJBTUFTLURFLUVVQ0FMSVBUVVMtMi53ZWJwIiwic2xpZGVzaG93IjoiMmFjNTQ4ZjQifQ%3D%3D\">\n\t\t\t\t\t<div class=\"e-gallery-image elementor-gallery-item__image\" data-thumbnail=\"https:\/\/nutriciondebovinos.ar\/wp-content\/uploads\/2023\/07\/ENGORDE-CON-RAMAS-DE-EUCALIPTUS-2.webp\" data-width=\"793\" data-height=\"600\" aria-label=\"Ganado comiendo ramas de eucaliptus\" role=\"img\" ><\/div>\n\t\t\t\t\t\t\t\t\t\t\t<div class=\"elementor-gallery-item__overlay\"><\/div>\n\t\t\t\t\t\t\t\t\t\t\t\t\t\t<\/a>\n\t\t\t\t\t\t\t<a class=\"e-gallery-item elementor-gallery-item elementor-animated-content\" href=\"https:\/\/nutriciondebovinos.ar\/wp-content\/uploads\/2023\/07\/ENGORDE-CON-RAMAS-DE-EUCALIPTUS-3.webp\" data-elementor-open-lightbox=\"yes\" data-elementor-lightbox-slideshow=\"2ac548f4\" data-elementor-lightbox-title=\"ganado con ramas de eucaliptus\" data-elementor-lightbox-description=\"ganado con ramas de eucaliptus\" data-e-action-hash=\"#elementor-action%3Aaction%3Dlightbox%26settings%3DeyJpZCI6NDk5NywidXJsIjoiaHR0cHM6XC9cL251dHJpY2lvbmRlYm92aW5vcy5hclwvd3AtY29udGVudFwvdXBsb2Fkc1wvMjAyM1wvMDdcL0VOR09SREUtQ09OLVJBTUFTLURFLUVVQ0FMSVBUVVMtMy53ZWJwIiwic2xpZGVzaG93IjoiMmFjNTQ4ZjQifQ%3D%3D\">\n\t\t\t\t\t<div class=\"e-gallery-image elementor-gallery-item__image\" data-thumbnail=\"https:\/\/nutriciondebovinos.ar\/wp-content\/uploads\/2023\/07\/ENGORDE-CON-RAMAS-DE-EUCALIPTUS-3.webp\" data-width=\"793\" data-height=\"600\" aria-label=\"ganado con ramas de eucaliptus\" role=\"img\" ><\/div>\n\t\t\t\t\t\t\t\t\t\t\t<div class=\"elementor-gallery-item__overlay\"><\/div>\n\t\t\t\t\t\t\t\t\t\t\t\t\t\t<\/a>\n\t\t\t\t\t\t\t<a class=\"e-gallery-item elementor-gallery-item elementor-animated-content\" href=\"https:\/\/nutriciondebovinos.ar\/wp-content\/uploads\/2023\/07\/ENGORDE-CON-RAMAS-DE-EUCALIPTUS-4.webp\" data-elementor-open-lightbox=\"yes\" data-elementor-lightbox-slideshow=\"2ac548f4\" data-elementor-lightbox-title=\"corral alimentado con ramas de eucaliptus\" data-elementor-lightbox-description=\"corral alimentado con ramas de eucaliptus\" data-e-action-hash=\"#elementor-action%3Aaction%3Dlightbox%26settings%3DeyJpZCI6NDk5OCwidXJsIjoiaHR0cHM6XC9cL251dHJpY2lvbmRlYm92aW5vcy5hclwvd3AtY29udGVudFwvdXBsb2Fkc1wvMjAyM1wvMDdcL0VOR09SREUtQ09OLVJBTUFTLURFLUVVQ0FMSVBUVVMtNC53ZWJwIiwic2xpZGVzaG93IjoiMmFjNTQ4ZjQifQ%3D%3D\">\n\t\t\t\t\t<div class=\"e-gallery-image elementor-gallery-item__image\" data-thumbnail=\"https:\/\/nutriciondebovinos.ar\/wp-content\/uploads\/2023\/07\/ENGORDE-CON-RAMAS-DE-EUCALIPTUS-4.webp\" data-width=\"793\" data-height=\"600\" aria-label=\"corral alimentado con ramas de eucaliptus\" role=\"img\" ><\/div>\n\t\t\t\t\t\t\t\t\t\t\t<div class=\"elementor-gallery-item__overlay\"><\/div>\n\t\t\t\t\t\t\t\t\t\t\t\t\t\t<\/a>\n\t\t\t\t\t\t\t<a class=\"e-gallery-item elementor-gallery-item elementor-animated-content\" href=\"https:\/\/nutriciondebovinos.ar\/wp-content\/uploads\/2023\/07\/ENGORDE-CON-RAMAS-DE-EUCALIPTUS-5.webp\" data-elementor-open-lightbox=\"yes\" data-elementor-lightbox-slideshow=\"2ac548f4\" data-elementor-lightbox-title=\"ramas de eucaliptus\" data-elementor-lightbox-description=\"ramas de eucaliptus\" data-e-action-hash=\"#elementor-action%3Aaction%3Dlightbox%26settings%3DeyJpZCI6NDk5OSwidXJsIjoiaHR0cHM6XC9cL251dHJpY2lvbmRlYm92aW5vcy5hclwvd3AtY29udGVudFwvdXBsb2Fkc1wvMjAyM1wvMDdcL0VOR09SREUtQ09OLVJBTUFTLURFLUVVQ0FMSVBUVVMtNS53ZWJwIiwic2xpZGVzaG93IjoiMmFjNTQ4ZjQifQ%3D%3D\">\n\t\t\t\t\t<div class=\"e-gallery-image elementor-gallery-item__image\" data-thumbnail=\"https:\/\/nutriciondebovinos.ar\/wp-content\/uploads\/2023\/07\/ENGORDE-CON-RAMAS-DE-EUCALIPTUS-5.webp\" data-width=\"793\" data-height=\"600\" aria-label=\"ramas de eucaliptus\" role=\"img\" ><\/div>\n\t\t\t\t\t\t\t\t\t\t\t<div class=\"elementor-gallery-item__overlay\"><\/div>\n\t\t\t\t\t\t\t\t\t\t\t\t\t\t<\/a>\n\t\t\t\t\t\t\t<a class=\"e-gallery-item elementor-gallery-item elementor-animated-content\" href=\"https:\/\/nutriciondebovinos.ar\/wp-content\/uploads\/2023\/07\/ENGORDE-CON-RAMAS-DE-EUCALIPTUS-6.webp\" data-elementor-open-lightbox=\"yes\" data-elementor-lightbox-slideshow=\"2ac548f4\" data-elementor-lightbox-title=\"engorde con ramas de eucaliptus, comedero vacuno\" data-elementor-lightbox-description=\"engorde con ramas de eucaliptus, comedero vacuno\" data-e-action-hash=\"#elementor-action%3Aaction%3Dlightbox%26settings%3DeyJpZCI6NTAwMCwidXJsIjoiaHR0cHM6XC9cL251dHJpY2lvbmRlYm92aW5vcy5hclwvd3AtY29udGVudFwvdXBsb2Fkc1wvMjAyM1wvMDdcL0VOR09SREUtQ09OLVJBTUFTLURFLUVVQ0FMSVBUVVMtNi53ZWJwIiwic2xpZGVzaG93IjoiMmFjNTQ4ZjQifQ%3D%3D\">\n\t\t\t\t\t<div class=\"e-gallery-image elementor-gallery-item__image\" data-thumbnail=\"https:\/\/nutriciondebovinos.ar\/wp-content\/uploads\/2023\/07\/ENGORDE-CON-RAMAS-DE-EUCALIPTUS-6.webp\" data-width=\"793\" data-height=\"600\" aria-label=\"engorde con ramas de eucaliptus, comedero vacuno\" role=\"img\" ><\/div>\n\t\t\t\t\t\t\t\t\t\t\t<div class=\"elementor-gallery-item__overlay\"><\/div>\n\t\t\t\t\t\t\t\t\t\t\t\t\t\t<\/a>\n\t\t\t\t\t\t\t<a class=\"e-gallery-item elementor-gallery-item elementor-animated-content\" href=\"https:\/\/nutriciondebovinos.ar\/wp-content\/uploads\/2023\/07\/ENGORDE-CON-RAMAS-DE-EUCALIPTUS-7.webp\" data-elementor-open-lightbox=\"yes\" data-elementor-lightbox-slideshow=\"2ac548f4\" data-elementor-lightbox-title=\"eucaliptus\" data-elementor-lightbox-description=\"eucaliptus\" data-e-action-hash=\"#elementor-action%3Aaction%3Dlightbox%26settings%3DeyJpZCI6NTAwMSwidXJsIjoiaHR0cHM6XC9cL251dHJpY2lvbmRlYm92aW5vcy5hclwvd3AtY29udGVudFwvdXBsb2Fkc1wvMjAyM1wvMDdcL0VOR09SREUtQ09OLVJBTUFTLURFLUVVQ0FMSVBUVVMtNy53ZWJwIiwic2xpZGVzaG93IjoiMmFjNTQ4ZjQifQ%3D%3D\">\n\t\t\t\t\t<div class=\"e-gallery-image elementor-gallery-item__image\" data-thumbnail=\"https:\/\/nutriciondebovinos.ar\/wp-content\/uploads\/2023\/07\/ENGORDE-CON-RAMAS-DE-EUCALIPTUS-7.webp\" data-width=\"793\" data-height=\"600\" aria-label=\"eucaliptus\" role=\"img\" ><\/div>\n\t\t\t\t\t\t\t\t\t\t\t<div class=\"elementor-gallery-item__overlay\"><\/div>\n\t\t\t\t\t\t\t\t\t\t\t\t\t\t<\/a>\n\t\t\t\t\t<\/div>\n\t\t\t\t\t<\/div>\n\t\t\t\t<\/div>\n\t\t\t\t\t<\/div>\n\t\t\t\t<\/div>\n\t\t\t\t<\/div>\n\t\t","protected":false},"excerpt":{"rendered":"","protected":false},"author":1,"featured_media":0,"parent":0,"menu_order":0,"comment_status":"closed","ping_status":"closed","template":"","meta":{"footnotes":""},"class_list":["post-4989","page","type-page","status-publish","hentry"],"yoast_head":"<!-- This site is optimized with the Yoast SEO plugin v27.3 - https:\/\/yoast.com\/product\/yoast-seo-wordpress\/ -->\n<title>Engorde ganado con ramas de Eucaliptus<\/title>\n<meta name=\"description\" content=\"Galeria de imagenes de ganado bovino en etapa de engorde mediante la ingesta de ramas de eucaliptus.\" \/>\n<meta name=\"robots\" content=\"noindex, nofollow\" \/>\n<meta property=\"og:locale\" content=\"es_ES\" \/>\n<meta property=\"og:type\" content=\"article\" \/>\n<meta property=\"og:title\" content=\"Engorde ganado con ramas de Eucaliptus\" \/>\n<meta property=\"og:description\" content=\"Galeria de imagenes de ganado bovino en etapa de engorde mediante la ingesta de ramas de eucaliptus.\" \/>\n<meta property=\"og:url\" content=\"https:\/\/nutriciondebovinos.ar\/index.php\/engorde-con-ramas-de-eucaliptus\/\" \/>\n<meta property=\"og:site_name\" content=\"nutriciondebovinos\" \/>\n<meta property=\"article:modified_time\" content=\"2023-09-01T19:48:54+00:00\" \/>\n<meta property=\"og:image\" content=\"https:\/\/nutriciondebovinos.ar\/wp-content\/uploads\/2023\/06\/ganado.jpg\" \/>\n\t<meta property=\"og:image:width\" content=\"2000\" \/>\n\t<meta property=\"og:image:height\" content=\"1143\" \/>\n\t<meta property=\"og:image:type\" content=\"image\/jpeg\" \/>\n<meta name=\"twitter:card\" content=\"summary_large_image\" \/>\n<script type=\"application\/ld+json\" class=\"yoast-schema-graph\">{\"@context\":\"https:\\\/\\\/schema.org\",\"@graph\":[{\"@type\":\"WebPage\",\"@id\":\"https:\\\/\\\/nutriciondebovinos.ar\\\/index.php\\\/engorde-con-ramas-de-eucaliptus\\\/\",\"url\":\"https:\\\/\\\/nutriciondebovinos.ar\\\/index.php\\\/engorde-con-ramas-de-eucaliptus\\\/\",\"name\":\"Engorde ganado con ramas de Eucaliptus\",\"isPartOf\":{\"@id\":\"https:\\\/\\\/nutriciondebovinos.ar\\\/#website\"},\"datePublished\":\"2023-07-28T14:21:35+00:00\",\"dateModified\":\"2023-09-01T19:48:54+00:00\",\"description\":\"Galeria de imagenes de ganado bovino en etapa de engorde mediante la ingesta de ramas de eucaliptus.\",\"breadcrumb\":{\"@id\":\"https:\\\/\\\/nutriciondebovinos.ar\\\/index.php\\\/engorde-con-ramas-de-eucaliptus\\\/#breadcrumb\"},\"inLanguage\":\"es-AR\",\"potentialAction\":[{\"@type\":\"ReadAction\",\"target\":[\"https:\\\/\\\/nutriciondebovinos.ar\\\/index.php\\\/engorde-con-ramas-de-eucaliptus\\\/\"]}]},{\"@type\":\"BreadcrumbList\",\"@id\":\"https:\\\/\\\/nutriciondebovinos.ar\\\/index.php\\\/engorde-con-ramas-de-eucaliptus\\\/#breadcrumb\",\"itemListElement\":[{\"@type\":\"ListItem\",\"position\":1,\"name\":\"Inicio\",\"item\":\"https:\\\/\\\/nutriciondebovinos.ar\\\/\"},{\"@type\":\"ListItem\",\"position\":2,\"name\":\"Engorde con ramas de Eucaliptus\"}]},{\"@type\":\"WebSite\",\"@id\":\"https:\\\/\\\/nutriciondebovinos.ar\\\/#website\",\"url\":\"https:\\\/\\\/nutriciondebovinos.ar\\\/\",\"name\":\"Nutrici\u00f3n de Bovinos\",\"description\":\"Sitio Web sobre Nutrici\u00f3n de Rumiantes y Gesti\u00f3n Ganadera, tiene como finalidad representar un espacio com\u00fan de discusi\u00f3n, difusi\u00f3n y transferencia de conocimientos entre el mundo cient\u00edfico-t\u00e9cnico\",\"publisher\":{\"@id\":\"https:\\\/\\\/nutriciondebovinos.ar\\\/#\\\/schema\\\/person\\\/0728d66fb1fe97c3333f40ee2e09e263\"},\"potentialAction\":[{\"@type\":\"SearchAction\",\"target\":{\"@type\":\"EntryPoint\",\"urlTemplate\":\"https:\\\/\\\/nutriciondebovinos.ar\\\/?s={search_term_string}\"},\"query-input\":{\"@type\":\"PropertyValueSpecification\",\"valueRequired\":true,\"valueName\":\"search_term_string\"}}],\"inLanguage\":\"es-AR\"},{\"@type\":[\"Person\",\"Organization\"],\"@id\":\"https:\\\/\\\/nutriciondebovinos.ar\\\/#\\\/schema\\\/person\\\/0728d66fb1fe97c3333f40ee2e09e263\",\"name\":\"nutricion.portafoliosweb.com.ar\",\"image\":{\"@type\":\"ImageObject\",\"inLanguage\":\"es-AR\",\"@id\":\"https:\\\/\\\/nutriciondebovinos.ar\\\/wp-content\\\/uploads\\\/2023\\\/08\\\/cropped-cow-logo.png\",\"url\":\"https:\\\/\\\/nutriciondebovinos.ar\\\/wp-content\\\/uploads\\\/2023\\\/08\\\/cropped-cow-logo.png\",\"contentUrl\":\"https:\\\/\\\/nutriciondebovinos.ar\\\/wp-content\\\/uploads\\\/2023\\\/08\\\/cropped-cow-logo.png\",\"width\":2998,\"height\":1909,\"caption\":\"nutricion.portafoliosweb.com.ar\"},\"logo\":{\"@id\":\"https:\\\/\\\/nutriciondebovinos.ar\\\/wp-content\\\/uploads\\\/2023\\\/08\\\/cropped-cow-logo.png\"},\"sameAs\":[\"http:\\\/\\\/nutriciondebovinos.ar\"]}]}<\/script>\n<!-- \/ Yoast SEO plugin. -->","yoast_head_json":{"title":"Engorde ganado con ramas de Eucaliptus","description":"Galeria de imagenes de ganado bovino en etapa de engorde mediante la ingesta de ramas de eucaliptus.","robots":{"index":"noindex","follow":"nofollow"},"og_locale":"es_ES","og_type":"article","og_title":"Engorde ganado con ramas de Eucaliptus","og_description":"Galeria de imagenes de ganado bovino en etapa de engorde mediante la ingesta de ramas de eucaliptus.","og_url":"https:\/\/nutriciondebovinos.ar\/index.php\/engorde-con-ramas-de-eucaliptus\/","og_site_name":"nutriciondebovinos","article_modified_time":"2023-09-01T19:48:54+00:00","og_image":[{"width":2000,"height":1143,"url":"https:\/\/nutriciondebovinos.ar\/wp-content\/uploads\/2023\/06\/ganado.jpg","type":"image\/jpeg"}],"twitter_card":"summary_large_image","schema":{"@context":"https:\/\/schema.org","@graph":[{"@type":"WebPage","@id":"https:\/\/nutriciondebovinos.ar\/index.php\/engorde-con-ramas-de-eucaliptus\/","url":"https:\/\/nutriciondebovinos.ar\/index.php\/engorde-con-ramas-de-eucaliptus\/","name":"Engorde ganado con ramas de Eucaliptus","isPartOf":{"@id":"https:\/\/nutriciondebovinos.ar\/#website"},"datePublished":"2023-07-28T14:21:35+00:00","dateModified":"2023-09-01T19:48:54+00:00","description":"Galeria de imagenes de ganado bovino en etapa de engorde mediante la ingesta de ramas de eucaliptus.","breadcrumb":{"@id":"https:\/\/nutriciondebovinos.ar\/index.php\/engorde-con-ramas-de-eucaliptus\/#breadcrumb"},"inLanguage":"es-AR","potentialAction":[{"@type":"ReadAction","target":["https:\/\/nutriciondebovinos.ar\/index.php\/engorde-con-ramas-de-eucaliptus\/"]}]},{"@type":"BreadcrumbList","@id":"https:\/\/nutriciondebovinos.ar\/index.php\/engorde-con-ramas-de-eucaliptus\/#breadcrumb","itemListElement":[{"@type":"ListItem","position":1,"name":"Inicio","item":"https:\/\/nutriciondebovinos.ar\/"},{"@type":"ListItem","position":2,"name":"Engorde con ramas de Eucaliptus"}]},{"@type":"WebSite","@id":"https:\/\/nutriciondebovinos.ar\/#website","url":"https:\/\/nutriciondebovinos.ar\/","name":"Nutrici\u00f3n de Bovinos","description":"Sitio Web sobre Nutrici\u00f3n de Rumiantes y Gesti\u00f3n Ganadera, tiene como finalidad representar un espacio com\u00fan de discusi\u00f3n, difusi\u00f3n y transferencia de conocimientos entre el mundo cient\u00edfico-t\u00e9cnico","publisher":{"@id":"https:\/\/nutriciondebovinos.ar\/#\/schema\/person\/0728d66fb1fe97c3333f40ee2e09e263"},"potentialAction":[{"@type":"SearchAction","target":{"@type":"EntryPoint","urlTemplate":"https:\/\/nutriciondebovinos.ar\/?s={search_term_string}"},"query-input":{"@type":"PropertyValueSpecification","valueRequired":true,"valueName":"search_term_string"}}],"inLanguage":"es-AR"},{"@type":["Person","Organization"],"@id":"https:\/\/nutriciondebovinos.ar\/#\/schema\/person\/0728d66fb1fe97c3333f40ee2e09e263","name":"nutricion.portafoliosweb.com.ar","image":{"@type":"ImageObject","inLanguage":"es-AR","@id":"https:\/\/nutriciondebovinos.ar\/wp-content\/uploads\/2023\/08\/cropped-cow-logo.png","url":"https:\/\/nutriciondebovinos.ar\/wp-content\/uploads\/2023\/08\/cropped-cow-logo.png","contentUrl":"https:\/\/nutriciondebovinos.ar\/wp-content\/uploads\/2023\/08\/cropped-cow-logo.png","width":2998,"height":1909,"caption":"nutricion.portafoliosweb.com.ar"},"logo":{"@id":"https:\/\/nutriciondebovinos.ar\/wp-content\/uploads\/2023\/08\/cropped-cow-logo.png"},"sameAs":["http:\/\/nutriciondebovinos.ar"]}]}},"_links":{"self":[{"href":"https:\/\/nutriciondebovinos.ar\/index.php\/wp-json\/wp\/v2\/pages\/4989","targetHints":{"allow":["GET"]}}],"collection":[{"href":"https:\/\/nutriciondebovinos.ar\/index.php\/wp-json\/wp\/v2\/pages"}],"about":[{"href":"https:\/\/nutriciondebovinos.ar\/index.php\/wp-json\/wp\/v2\/types\/page"}],"author":[{"embeddable":true,"href":"https:\/\/nutriciondebovinos.ar\/index.php\/wp-json\/wp\/v2\/users\/1"}],"replies":[{"embeddable":true,"href":"https:\/\/nutriciondebovinos.ar\/index.php\/wp-json\/wp\/v2\/comments?post=4989"}],"version-history":[{"count":5,"href":"https:\/\/nutriciondebovinos.ar\/index.php\/wp-json\/wp\/v2\/pages\/4989\/revisions"}],"predecessor-version":[{"id":8472,"href":"https:\/\/nutriciondebovinos.ar\/index.php\/wp-json\/wp\/v2\/pages\/4989\/revisions\/8472"}],"wp:attachment":[{"href":"https:\/\/nutriciondebovinos.ar\/index.php\/wp-json\/wp\/v2\/media?parent=4989"}],"curies":[{"name":"wp","href":"https:\/\/api.w.org\/{rel}","templated":true}]}}