{"id":5055,"date":"2023-07-28T11:45:04","date_gmt":"2023-07-28T14:45:04","guid":{"rendered":"http:\/\/nutriciondebovinos.ar\/?page_id=5055"},"modified":"2023-09-01T17:04:27","modified_gmt":"2023-09-01T20:04:27","slug":"engorde-pastoril-de-novillos-britanicos-inta-argentina","status":"publish","type":"page","link":"https:\/\/nutriciondebovinos.ar\/index.php\/engorde-pastoril-de-novillos-britanicos-inta-argentina\/","title":{"rendered":"Engorde pastoril de novillos Brit\u00e1nicos (Inta Argentina)"},"content":{"rendered":"\t\t<div data-elementor-type=\"wp-page\" data-elementor-id=\"5055\" class=\"elementor elementor-5055\" data-elementor-post-type=\"page\">\n\t\t\t\t<div class=\"elementor-element elementor-element-38ab0ebe e-flex e-con-boxed e-con e-parent\" data-id=\"38ab0ebe\" data-element_type=\"container\" data-e-type=\"container\">\n\t\t\t\t\t<div class=\"e-con-inner\">\n\t\t\t\t\t<\/div>\n\t\t\t\t<\/div>\n\t\t<div class=\"elementor-element elementor-element-167eb664 e-flex e-con-boxed e-con e-parent\" data-id=\"167eb664\" data-element_type=\"container\" data-e-type=\"container\" data-settings=\"{&quot;background_background&quot;:&quot;classic&quot;}\">\n\t\t\t\t\t<div class=\"e-con-inner\">\n\t\t\t\t<div class=\"elementor-element elementor-element-1929f9b6 elementor-widget-mobile__width-inherit elementor-widget elementor-widget-gallery\" data-id=\"1929f9b6\" data-element_type=\"widget\" data-e-type=\"widget\" data-settings=\"{&quot;columns&quot;:3,&quot;gap&quot;:{&quot;unit&quot;:&quot;px&quot;,&quot;size&quot;:22,&quot;sizes&quot;:[]},&quot;content_hover_animation&quot;:&quot;shrink&quot;,&quot;content_sequenced_animation&quot;:&quot;yes&quot;,&quot;lazyload&quot;:&quot;yes&quot;,&quot;gallery_layout&quot;:&quot;grid&quot;,&quot;columns_tablet&quot;:2,&quot;columns_mobile&quot;:1,&quot;gap_tablet&quot;:{&quot;unit&quot;:&quot;px&quot;,&quot;size&quot;:10,&quot;sizes&quot;:[]},&quot;gap_mobile&quot;:{&quot;unit&quot;:&quot;px&quot;,&quot;size&quot;:10,&quot;sizes&quot;:[]},&quot;link_to&quot;:&quot;file&quot;,&quot;aspect_ratio&quot;:&quot;3:2&quot;,&quot;overlay_background&quot;:&quot;yes&quot;}\" data-widget_type=\"gallery.default\">\n\t\t\t\t<div class=\"elementor-widget-container\">\n\t\t\t\t\t\t\t<div class=\"elementor-gallery__container\">\n\t\t\t\t\t\t\t<a class=\"e-gallery-item elementor-gallery-item elementor-animated-content\" href=\"https:\/\/nutriciondebovinos.ar\/wp-content\/uploads\/2023\/07\/ENGORDE-PASTORIL-DE-NOVILLOS-BRITANICOS-INTA.webp\" data-elementor-open-lightbox=\"yes\" data-elementor-lightbox-slideshow=\"1929f9b6\" data-elementor-lightbox-title=\"Engorde pastoril de novillos Brit\u00e1nicos (INTA)\" data-elementor-lightbox-description=\"Engorde pastoril de novillos Brit\u00e1nicos (INTA)\" data-e-action-hash=\"#elementor-action%3Aaction%3Dlightbox%26settings%3DeyJpZCI6NTA2MiwidXJsIjoiaHR0cHM6XC9cL251dHJpY2lvbmRlYm92aW5vcy5hclwvd3AtY29udGVudFwvdXBsb2Fkc1wvMjAyM1wvMDdcL0VOR09SREUtUEFTVE9SSUwtREUtTk9WSUxMT1MtQlJJVEFOSUNPUy1JTlRBLndlYnAiLCJzbGlkZXNob3ciOiIxOTI5ZjliNiJ9\">\n\t\t\t\t\t<div class=\"e-gallery-image elementor-gallery-item__image\" data-thumbnail=\"https:\/\/nutriciondebovinos.ar\/wp-content\/uploads\/2023\/07\/ENGORDE-PASTORIL-DE-NOVILLOS-BRITANICOS-INTA.webp\" data-width=\"793\" data-height=\"600\" aria-label=\"Engorde pastoril de novillos Brit\u00e1nicos (INTA)\" role=\"img\" ><\/div>\n\t\t\t\t\t\t\t\t\t\t\t<div class=\"elementor-gallery-item__overlay\"><\/div>\n\t\t\t\t\t\t\t\t\t\t\t\t\t\t<\/a>\n\t\t\t\t\t\t\t<a class=\"e-gallery-item elementor-gallery-item elementor-animated-content\" href=\"https:\/\/nutriciondebovinos.ar\/wp-content\/uploads\/2023\/07\/ENGORDE-PASTORIL-DE-NOVILLOS-BRITANICOS-INTA-2.webp\" data-elementor-open-lightbox=\"yes\" data-elementor-lightbox-slideshow=\"1929f9b6\" data-elementor-lightbox-title=\"Engorde pastoril de novillos Brit\u00e1nicos (INTA), imagen 2\" data-elementor-lightbox-description=\"Engorde pastoril de novillos Brit\u00e1nicos (INTA), imagen 2\" data-e-action-hash=\"#elementor-action%3Aaction%3Dlightbox%26settings%3DeyJpZCI6NTA2MywidXJsIjoiaHR0cHM6XC9cL251dHJpY2lvbmRlYm92aW5vcy5hclwvd3AtY29udGVudFwvdXBsb2Fkc1wvMjAyM1wvMDdcL0VOR09SREUtUEFTVE9SSUwtREUtTk9WSUxMT1MtQlJJVEFOSUNPUy1JTlRBLTIud2VicCIsInNsaWRlc2hvdyI6IjE5MjlmOWI2In0%3D\">\n\t\t\t\t\t<div class=\"e-gallery-image elementor-gallery-item__image\" data-thumbnail=\"https:\/\/nutriciondebovinos.ar\/wp-content\/uploads\/2023\/07\/ENGORDE-PASTORIL-DE-NOVILLOS-BRITANICOS-INTA-2.webp\" data-width=\"800\" data-height=\"600\" aria-label=\"Engorde pastoril de novillos Brit\u00e1nicos (INTA), imagen 2\" role=\"img\" ><\/div>\n\t\t\t\t\t\t\t\t\t\t\t<div class=\"elementor-gallery-item__overlay\"><\/div>\n\t\t\t\t\t\t\t\t\t\t\t\t\t\t<\/a>\n\t\t\t\t\t\t\t<a class=\"e-gallery-item elementor-gallery-item elementor-animated-content\" href=\"https:\/\/nutriciondebovinos.ar\/wp-content\/uploads\/2023\/07\/ENGORDE-PASTORIL-DE-NOVILLOS-BRITANICOS-INTA-3.webp\" data-elementor-open-lightbox=\"yes\" data-elementor-lightbox-slideshow=\"1929f9b6\" data-elementor-lightbox-title=\"Engorde pastoril de novillos Brit\u00e1nicos (INTA), imagen 3\" data-elementor-lightbox-description=\"Engorde pastoril de novillos Brit\u00e1nicos (INTA), imagen 3\" data-e-action-hash=\"#elementor-action%3Aaction%3Dlightbox%26settings%3DeyJpZCI6NTA2NCwidXJsIjoiaHR0cHM6XC9cL251dHJpY2lvbmRlYm92aW5vcy5hclwvd3AtY29udGVudFwvdXBsb2Fkc1wvMjAyM1wvMDdcL0VOR09SREUtUEFTVE9SSUwtREUtTk9WSUxMT1MtQlJJVEFOSUNPUy1JTlRBLTMud2VicCIsInNsaWRlc2hvdyI6IjE5MjlmOWI2In0%3D\">\n\t\t\t\t\t<div class=\"e-gallery-image elementor-gallery-item__image\" data-thumbnail=\"https:\/\/nutriciondebovinos.ar\/wp-content\/uploads\/2023\/07\/ENGORDE-PASTORIL-DE-NOVILLOS-BRITANICOS-INTA-3.webp\" data-width=\"793\" data-height=\"600\" aria-label=\"Engorde pastoril de novillos Brit\u00e1nicos (INTA), imagen 3\" role=\"img\" ><\/div>\n\t\t\t\t\t\t\t\t\t\t\t<div class=\"elementor-gallery-item__overlay\"><\/div>\n\t\t\t\t\t\t\t\t\t\t\t\t\t\t<\/a>\n\t\t\t\t\t\t\t<a class=\"e-gallery-item elementor-gallery-item elementor-animated-content\" href=\"https:\/\/nutriciondebovinos.ar\/wp-content\/uploads\/2023\/07\/ENGORDE-PASTORIL-DE-NOVILLOS-BRITANICOS-INTA-4.webp\" data-elementor-open-lightbox=\"yes\" data-elementor-lightbox-slideshow=\"1929f9b6\" data-elementor-lightbox-title=\"Engorde pastoril de novillos Brit\u00e1nicos (INTA), imagen 4\" data-elementor-lightbox-description=\"Engorde pastoril de novillos Brit\u00e1nicos (INTA), imagen 4\" data-e-action-hash=\"#elementor-action%3Aaction%3Dlightbox%26settings%3DeyJpZCI6NTA2NSwidXJsIjoiaHR0cHM6XC9cL251dHJpY2lvbmRlYm92aW5vcy5hclwvd3AtY29udGVudFwvdXBsb2Fkc1wvMjAyM1wvMDdcL0VOR09SREUtUEFTVE9SSUwtREUtTk9WSUxMT1MtQlJJVEFOSUNPUy1JTlRBLTQud2VicCIsInNsaWRlc2hvdyI6IjE5MjlmOWI2In0%3D\">\n\t\t\t\t\t<div class=\"e-gallery-image elementor-gallery-item__image\" data-thumbnail=\"https:\/\/nutriciondebovinos.ar\/wp-content\/uploads\/2023\/07\/ENGORDE-PASTORIL-DE-NOVILLOS-BRITANICOS-INTA-4.webp\" data-width=\"800\" data-height=\"600\" aria-label=\"Engorde pastoril de novillos Brit\u00e1nicos (INTA), imagen 4\" role=\"img\" ><\/div>\n\t\t\t\t\t\t\t\t\t\t\t<div class=\"elementor-gallery-item__overlay\"><\/div>\n\t\t\t\t\t\t\t\t\t\t\t\t\t\t<\/a>\n\t\t\t\t\t\t\t<a class=\"e-gallery-item elementor-gallery-item elementor-animated-content\" href=\"https:\/\/nutriciondebovinos.ar\/wp-content\/uploads\/2023\/07\/ENGORDE-PASTORIL-DE-NOVILLOS-BRITANICOS-INTA-5.webp\" data-elementor-open-lightbox=\"yes\" data-elementor-lightbox-slideshow=\"1929f9b6\" data-elementor-lightbox-title=\"Engorde pastoril de novillos Brit\u00e1nicos (INTA), imagen 5\" data-elementor-lightbox-description=\"Engorde pastoril de novillos Brit\u00e1nicos (INTA), imagen 5\" data-e-action-hash=\"#elementor-action%3Aaction%3Dlightbox%26settings%3DeyJpZCI6NTA2NiwidXJsIjoiaHR0cHM6XC9cL251dHJpY2lvbmRlYm92aW5vcy5hclwvd3AtY29udGVudFwvdXBsb2Fkc1wvMjAyM1wvMDdcL0VOR09SREUtUEFTVE9SSUwtREUtTk9WSUxMT1MtQlJJVEFOSUNPUy1JTlRBLTUud2VicCIsInNsaWRlc2hvdyI6IjE5MjlmOWI2In0%3D\">\n\t\t\t\t\t<div class=\"e-gallery-image elementor-gallery-item__image\" data-thumbnail=\"https:\/\/nutriciondebovinos.ar\/wp-content\/uploads\/2023\/07\/ENGORDE-PASTORIL-DE-NOVILLOS-BRITANICOS-INTA-5.webp\" data-width=\"793\" data-height=\"600\" aria-label=\"Engorde pastoril de novillos Brit\u00e1nicos (INTA), imagen 5\" role=\"img\" ><\/div>\n\t\t\t\t\t\t\t\t\t\t\t<div class=\"elementor-gallery-item__overlay\"><\/div>\n\t\t\t\t\t\t\t\t\t\t\t\t\t\t<\/a>\n\t\t\t\t\t\t\t<a class=\"e-gallery-item elementor-gallery-item elementor-animated-content\" href=\"https:\/\/nutriciondebovinos.ar\/wp-content\/uploads\/2023\/07\/ENGORDE-PASTORIL-DE-NOVILLOS-BRITANICOS-INTA-6.webp\" data-elementor-open-lightbox=\"yes\" data-elementor-lightbox-slideshow=\"1929f9b6\" data-elementor-lightbox-title=\"Engorde pastoril de novillos Brit\u00e1nicos (INTA), autoconsumo\" data-elementor-lightbox-description=\"Engorde pastoril de novillos Brit\u00e1nicos (INTA), autoconsumo\" data-e-action-hash=\"#elementor-action%3Aaction%3Dlightbox%26settings%3DeyJpZCI6NTA2NywidXJsIjoiaHR0cHM6XC9cL251dHJpY2lvbmRlYm92aW5vcy5hclwvd3AtY29udGVudFwvdXBsb2Fkc1wvMjAyM1wvMDdcL0VOR09SREUtUEFTVE9SSUwtREUtTk9WSUxMT1MtQlJJVEFOSUNPUy1JTlRBLTYud2VicCIsInNsaWRlc2hvdyI6IjE5MjlmOWI2In0%3D\">\n\t\t\t\t\t<div class=\"e-gallery-image elementor-gallery-item__image\" data-thumbnail=\"https:\/\/nutriciondebovinos.ar\/wp-content\/uploads\/2023\/07\/ENGORDE-PASTORIL-DE-NOVILLOS-BRITANICOS-INTA-6.webp\" data-width=\"800\" data-height=\"600\" aria-label=\"Engorde pastoril de novillos Brit\u00e1nicos (INTA), autoconsumo\" role=\"img\" ><\/div>\n\t\t\t\t\t\t\t\t\t\t\t<div class=\"elementor-gallery-item__overlay\"><\/div>\n\t\t\t\t\t\t\t\t\t\t\t\t\t\t<\/a>\n\t\t\t\t\t\t\t<a class=\"e-gallery-item elementor-gallery-item elementor-animated-content\" href=\"https:\/\/nutriciondebovinos.ar\/wp-content\/uploads\/2023\/07\/ENGORDE-PASTORIL-DE-NOVILLOS-BRITANICOS-INTA-7.webp\" data-elementor-open-lightbox=\"yes\" data-elementor-lightbox-slideshow=\"1929f9b6\" data-elementor-lightbox-title=\"Novillos Brit\u00e1nicos (INTA)\" data-elementor-lightbox-description=\"Novillos Brit\u00e1nicos (INTA)\" data-e-action-hash=\"#elementor-action%3Aaction%3Dlightbox%26settings%3DeyJpZCI6NTA2OCwidXJsIjoiaHR0cHM6XC9cL251dHJpY2lvbmRlYm92aW5vcy5hclwvd3AtY29udGVudFwvdXBsb2Fkc1wvMjAyM1wvMDdcL0VOR09SREUtUEFTVE9SSUwtREUtTk9WSUxMT1MtQlJJVEFOSUNPUy1JTlRBLTcud2VicCIsInNsaWRlc2hvdyI6IjE5MjlmOWI2In0%3D\">\n\t\t\t\t\t<div class=\"e-gallery-image elementor-gallery-item__image\" data-thumbnail=\"https:\/\/nutriciondebovinos.ar\/wp-content\/uploads\/2023\/07\/ENGORDE-PASTORIL-DE-NOVILLOS-BRITANICOS-INTA-7.webp\" data-width=\"800\" data-height=\"600\" aria-label=\"Novillos Brit\u00e1nicos (INTA)\" role=\"img\" ><\/div>\n\t\t\t\t\t\t\t\t\t\t\t<div class=\"elementor-gallery-item__overlay\"><\/div>\n\t\t\t\t\t\t\t\t\t\t\t\t\t\t<\/a>\n\t\t\t\t\t<\/div>\n\t\t\t\t\t<\/div>\n\t\t\t\t<\/div>\n\t\t\t\t\t<\/div>\n\t\t\t\t<\/div>\n\t\t\t\t<\/div>\n\t\t","protected":false},"excerpt":{"rendered":"","protected":false},"author":1,"featured_media":0,"parent":0,"menu_order":0,"comment_status":"closed","ping_status":"closed","template":"","meta":{"footnotes":""},"class_list":["post-5055","page","type-page","status-publish","hentry"],"yoast_head":"<!-- This site is optimized with the Yoast SEO plugin v27.3 - https:\/\/yoast.com\/product\/yoast-seo-wordpress\/ -->\n<title>Engorde pastoril de novillos Brit\u00e1nicos (Inta Argentina)<\/title>\n<meta name=\"description\" content=\"Galeria de imagenes de novillos Brit\u00e1nicos en etapa de engorde pastoril (Inta Argentina).\" \/>\n<meta name=\"robots\" content=\"noindex, nofollow\" \/>\n<meta property=\"og:locale\" content=\"es_ES\" \/>\n<meta property=\"og:type\" content=\"article\" \/>\n<meta property=\"og:title\" content=\"Engorde pastoril de novillos Brit\u00e1nicos (Inta Argentina)\" \/>\n<meta property=\"og:description\" content=\"Galeria de imagenes de novillos Brit\u00e1nicos en etapa de engorde pastoril (Inta Argentina).\" \/>\n<meta property=\"og:url\" content=\"https:\/\/nutriciondebovinos.ar\/index.php\/engorde-pastoril-de-novillos-britanicos-inta-argentina\/\" \/>\n<meta property=\"og:site_name\" content=\"nutriciondebovinos\" \/>\n<meta property=\"article:modified_time\" content=\"2023-09-01T20:04:27+00:00\" \/>\n<meta property=\"og:image\" content=\"https:\/\/nutriciondebovinos.ar\/wp-content\/uploads\/2023\/06\/ganado.jpg\" \/>\n\t<meta property=\"og:image:width\" content=\"2000\" \/>\n\t<meta property=\"og:image:height\" content=\"1143\" \/>\n\t<meta property=\"og:image:type\" content=\"image\/jpeg\" \/>\n<meta name=\"twitter:card\" content=\"summary_large_image\" \/>\n<script type=\"application\/ld+json\" class=\"yoast-schema-graph\">{\"@context\":\"https:\\\/\\\/schema.org\",\"@graph\":[{\"@type\":\"WebPage\",\"@id\":\"https:\\\/\\\/nutriciondebovinos.ar\\\/index.php\\\/engorde-pastoril-de-novillos-britanicos-inta-argentina\\\/\",\"url\":\"https:\\\/\\\/nutriciondebovinos.ar\\\/index.php\\\/engorde-pastoril-de-novillos-britanicos-inta-argentina\\\/\",\"name\":\"Engorde pastoril de novillos Brit\u00e1nicos (Inta Argentina)\",\"isPartOf\":{\"@id\":\"https:\\\/\\\/nutriciondebovinos.ar\\\/#website\"},\"datePublished\":\"2023-07-28T14:45:04+00:00\",\"dateModified\":\"2023-09-01T20:04:27+00:00\",\"description\":\"Galeria de imagenes de novillos Brit\u00e1nicos en etapa de engorde pastoril (Inta Argentina).\",\"breadcrumb\":{\"@id\":\"https:\\\/\\\/nutriciondebovinos.ar\\\/index.php\\\/engorde-pastoril-de-novillos-britanicos-inta-argentina\\\/#breadcrumb\"},\"inLanguage\":\"es-AR\",\"potentialAction\":[{\"@type\":\"ReadAction\",\"target\":[\"https:\\\/\\\/nutriciondebovinos.ar\\\/index.php\\\/engorde-pastoril-de-novillos-britanicos-inta-argentina\\\/\"]}]},{\"@type\":\"BreadcrumbList\",\"@id\":\"https:\\\/\\\/nutriciondebovinos.ar\\\/index.php\\\/engorde-pastoril-de-novillos-britanicos-inta-argentina\\\/#breadcrumb\",\"itemListElement\":[{\"@type\":\"ListItem\",\"position\":1,\"name\":\"Inicio\",\"item\":\"https:\\\/\\\/nutriciondebovinos.ar\\\/\"},{\"@type\":\"ListItem\",\"position\":2,\"name\":\"Engorde pastoril de novillos Brit\u00e1nicos (Inta Argentina)\"}]},{\"@type\":\"WebSite\",\"@id\":\"https:\\\/\\\/nutriciondebovinos.ar\\\/#website\",\"url\":\"https:\\\/\\\/nutriciondebovinos.ar\\\/\",\"name\":\"Nutrici\u00f3n de Bovinos\",\"description\":\"Sitio Web sobre Nutrici\u00f3n de Rumiantes y Gesti\u00f3n Ganadera, tiene como finalidad representar un espacio com\u00fan de discusi\u00f3n, difusi\u00f3n y transferencia de conocimientos entre el mundo cient\u00edfico-t\u00e9cnico\",\"publisher\":{\"@id\":\"https:\\\/\\\/nutriciondebovinos.ar\\\/#\\\/schema\\\/person\\\/0728d66fb1fe97c3333f40ee2e09e263\"},\"potentialAction\":[{\"@type\":\"SearchAction\",\"target\":{\"@type\":\"EntryPoint\",\"urlTemplate\":\"https:\\\/\\\/nutriciondebovinos.ar\\\/?s={search_term_string}\"},\"query-input\":{\"@type\":\"PropertyValueSpecification\",\"valueRequired\":true,\"valueName\":\"search_term_string\"}}],\"inLanguage\":\"es-AR\"},{\"@type\":[\"Person\",\"Organization\"],\"@id\":\"https:\\\/\\\/nutriciondebovinos.ar\\\/#\\\/schema\\\/person\\\/0728d66fb1fe97c3333f40ee2e09e263\",\"name\":\"nutricion.portafoliosweb.com.ar\",\"image\":{\"@type\":\"ImageObject\",\"inLanguage\":\"es-AR\",\"@id\":\"https:\\\/\\\/nutriciondebovinos.ar\\\/wp-content\\\/uploads\\\/2023\\\/08\\\/cropped-cow-logo.png\",\"url\":\"https:\\\/\\\/nutriciondebovinos.ar\\\/wp-content\\\/uploads\\\/2023\\\/08\\\/cropped-cow-logo.png\",\"contentUrl\":\"https:\\\/\\\/nutriciondebovinos.ar\\\/wp-content\\\/uploads\\\/2023\\\/08\\\/cropped-cow-logo.png\",\"width\":2998,\"height\":1909,\"caption\":\"nutricion.portafoliosweb.com.ar\"},\"logo\":{\"@id\":\"https:\\\/\\\/nutriciondebovinos.ar\\\/wp-content\\\/uploads\\\/2023\\\/08\\\/cropped-cow-logo.png\"},\"sameAs\":[\"http:\\\/\\\/nutriciondebovinos.ar\"]}]}<\/script>\n<!-- \/ Yoast SEO plugin. -->","yoast_head_json":{"title":"Engorde pastoril de novillos Brit\u00e1nicos (Inta Argentina)","description":"Galeria de imagenes de novillos Brit\u00e1nicos en etapa de engorde pastoril (Inta Argentina).","robots":{"index":"noindex","follow":"nofollow"},"og_locale":"es_ES","og_type":"article","og_title":"Engorde pastoril de novillos Brit\u00e1nicos (Inta Argentina)","og_description":"Galeria de imagenes de novillos Brit\u00e1nicos en etapa de engorde pastoril (Inta Argentina).","og_url":"https:\/\/nutriciondebovinos.ar\/index.php\/engorde-pastoril-de-novillos-britanicos-inta-argentina\/","og_site_name":"nutriciondebovinos","article_modified_time":"2023-09-01T20:04:27+00:00","og_image":[{"width":2000,"height":1143,"url":"https:\/\/nutriciondebovinos.ar\/wp-content\/uploads\/2023\/06\/ganado.jpg","type":"image\/jpeg"}],"twitter_card":"summary_large_image","schema":{"@context":"https:\/\/schema.org","@graph":[{"@type":"WebPage","@id":"https:\/\/nutriciondebovinos.ar\/index.php\/engorde-pastoril-de-novillos-britanicos-inta-argentina\/","url":"https:\/\/nutriciondebovinos.ar\/index.php\/engorde-pastoril-de-novillos-britanicos-inta-argentina\/","name":"Engorde pastoril de novillos Brit\u00e1nicos (Inta Argentina)","isPartOf":{"@id":"https:\/\/nutriciondebovinos.ar\/#website"},"datePublished":"2023-07-28T14:45:04+00:00","dateModified":"2023-09-01T20:04:27+00:00","description":"Galeria de imagenes de novillos Brit\u00e1nicos en etapa de engorde pastoril (Inta Argentina).","breadcrumb":{"@id":"https:\/\/nutriciondebovinos.ar\/index.php\/engorde-pastoril-de-novillos-britanicos-inta-argentina\/#breadcrumb"},"inLanguage":"es-AR","potentialAction":[{"@type":"ReadAction","target":["https:\/\/nutriciondebovinos.ar\/index.php\/engorde-pastoril-de-novillos-britanicos-inta-argentina\/"]}]},{"@type":"BreadcrumbList","@id":"https:\/\/nutriciondebovinos.ar\/index.php\/engorde-pastoril-de-novillos-britanicos-inta-argentina\/#breadcrumb","itemListElement":[{"@type":"ListItem","position":1,"name":"Inicio","item":"https:\/\/nutriciondebovinos.ar\/"},{"@type":"ListItem","position":2,"name":"Engorde pastoril de novillos Brit\u00e1nicos (Inta Argentina)"}]},{"@type":"WebSite","@id":"https:\/\/nutriciondebovinos.ar\/#website","url":"https:\/\/nutriciondebovinos.ar\/","name":"Nutrici\u00f3n de Bovinos","description":"Sitio Web sobre Nutrici\u00f3n de Rumiantes y Gesti\u00f3n Ganadera, tiene como finalidad representar un espacio com\u00fan de discusi\u00f3n, difusi\u00f3n y transferencia de conocimientos entre el mundo cient\u00edfico-t\u00e9cnico","publisher":{"@id":"https:\/\/nutriciondebovinos.ar\/#\/schema\/person\/0728d66fb1fe97c3333f40ee2e09e263"},"potentialAction":[{"@type":"SearchAction","target":{"@type":"EntryPoint","urlTemplate":"https:\/\/nutriciondebovinos.ar\/?s={search_term_string}"},"query-input":{"@type":"PropertyValueSpecification","valueRequired":true,"valueName":"search_term_string"}}],"inLanguage":"es-AR"},{"@type":["Person","Organization"],"@id":"https:\/\/nutriciondebovinos.ar\/#\/schema\/person\/0728d66fb1fe97c3333f40ee2e09e263","name":"nutricion.portafoliosweb.com.ar","image":{"@type":"ImageObject","inLanguage":"es-AR","@id":"https:\/\/nutriciondebovinos.ar\/wp-content\/uploads\/2023\/08\/cropped-cow-logo.png","url":"https:\/\/nutriciondebovinos.ar\/wp-content\/uploads\/2023\/08\/cropped-cow-logo.png","contentUrl":"https:\/\/nutriciondebovinos.ar\/wp-content\/uploads\/2023\/08\/cropped-cow-logo.png","width":2998,"height":1909,"caption":"nutricion.portafoliosweb.com.ar"},"logo":{"@id":"https:\/\/nutriciondebovinos.ar\/wp-content\/uploads\/2023\/08\/cropped-cow-logo.png"},"sameAs":["http:\/\/nutriciondebovinos.ar"]}]}},"_links":{"self":[{"href":"https:\/\/nutriciondebovinos.ar\/index.php\/wp-json\/wp\/v2\/pages\/5055","targetHints":{"allow":["GET"]}}],"collection":[{"href":"https:\/\/nutriciondebovinos.ar\/index.php\/wp-json\/wp\/v2\/pages"}],"about":[{"href":"https:\/\/nutriciondebovinos.ar\/index.php\/wp-json\/wp\/v2\/types\/page"}],"author":[{"embeddable":true,"href":"https:\/\/nutriciondebovinos.ar\/index.php\/wp-json\/wp\/v2\/users\/1"}],"replies":[{"embeddable":true,"href":"https:\/\/nutriciondebovinos.ar\/index.php\/wp-json\/wp\/v2\/comments?post=5055"}],"version-history":[{"count":5,"href":"https:\/\/nutriciondebovinos.ar\/index.php\/wp-json\/wp\/v2\/pages\/5055\/revisions"}],"predecessor-version":[{"id":8478,"href":"https:\/\/nutriciondebovinos.ar\/index.php\/wp-json\/wp\/v2\/pages\/5055\/revisions\/8478"}],"wp:attachment":[{"href":"https:\/\/nutriciondebovinos.ar\/index.php\/wp-json\/wp\/v2\/media?parent=5055"}],"curies":[{"name":"wp","href":"https:\/\/api.w.org\/{rel}","templated":true}]}}