{"id":5094,"date":"2023-07-28T12:13:43","date_gmt":"2023-07-28T15:13:43","guid":{"rendered":"http:\/\/nutriciondebovinos.ar\/?page_id=5094"},"modified":"2023-09-01T16:56:17","modified_gmt":"2023-09-01T19:56:17","slug":"engorde-de-vacas-y-vaquillonas-con-pastos-naturales","status":"publish","type":"page","link":"https:\/\/nutriciondebovinos.ar\/index.php\/engorde-de-vacas-y-vaquillonas-con-pastos-naturales\/","title":{"rendered":"Engorde de vacas y vaquillonas con pastos naturales"},"content":{"rendered":"\t\t<div data-elementor-type=\"wp-page\" data-elementor-id=\"5094\" class=\"elementor elementor-5094\" data-elementor-post-type=\"page\">\n\t\t\t\t<div class=\"elementor-element elementor-element-1c0370b9 e-flex e-con-boxed e-con e-parent\" data-id=\"1c0370b9\" data-element_type=\"container\" data-e-type=\"container\">\n\t\t\t\t\t<div class=\"e-con-inner\">\n\t\t\t\t\t<\/div>\n\t\t\t\t<\/div>\n\t\t<div class=\"elementor-element elementor-element-70c7d788 e-flex e-con-boxed e-con e-parent\" data-id=\"70c7d788\" data-element_type=\"container\" data-e-type=\"container\" data-settings=\"{&quot;background_background&quot;:&quot;classic&quot;}\">\n\t\t\t\t\t<div class=\"e-con-inner\">\n\t\t\t\t<div class=\"elementor-element elementor-element-53eb97c2 elementor-widget-mobile__width-inherit elementor-widget elementor-widget-gallery\" data-id=\"53eb97c2\" data-element_type=\"widget\" data-e-type=\"widget\" data-settings=\"{&quot;columns&quot;:3,&quot;gap&quot;:{&quot;unit&quot;:&quot;px&quot;,&quot;size&quot;:22,&quot;sizes&quot;:[]},&quot;content_hover_animation&quot;:&quot;shrink&quot;,&quot;content_sequenced_animation&quot;:&quot;yes&quot;,&quot;lazyload&quot;:&quot;yes&quot;,&quot;gallery_layout&quot;:&quot;grid&quot;,&quot;columns_tablet&quot;:2,&quot;columns_mobile&quot;:1,&quot;gap_tablet&quot;:{&quot;unit&quot;:&quot;px&quot;,&quot;size&quot;:10,&quot;sizes&quot;:[]},&quot;gap_mobile&quot;:{&quot;unit&quot;:&quot;px&quot;,&quot;size&quot;:10,&quot;sizes&quot;:[]},&quot;link_to&quot;:&quot;file&quot;,&quot;aspect_ratio&quot;:&quot;3:2&quot;,&quot;overlay_background&quot;:&quot;yes&quot;}\" data-widget_type=\"gallery.default\">\n\t\t\t\t<div class=\"elementor-widget-container\">\n\t\t\t\t\t\t\t<div class=\"elementor-gallery__container\">\n\t\t\t\t\t\t\t<a class=\"e-gallery-item elementor-gallery-item elementor-animated-content\" href=\"https:\/\/nutriciondebovinos.ar\/wp-content\/uploads\/2023\/07\/ENGORDE-DE-VACAS-Y-VAQUILLOS-CON-PASTOS-NATURALES-11.webp\" data-elementor-open-lightbox=\"yes\" data-elementor-lightbox-slideshow=\"53eb97c2\" data-elementor-lightbox-title=\"pasto de campo\" data-elementor-lightbox-description=\"pasto de campo\" data-e-action-hash=\"#elementor-action%3Aaction%3Dlightbox%26settings%3DeyJpZCI6NTEwMiwidXJsIjoiaHR0cHM6XC9cL251dHJpY2lvbmRlYm92aW5vcy5hclwvd3AtY29udGVudFwvdXBsb2Fkc1wvMjAyM1wvMDdcL0VOR09SREUtREUtVkFDQVMtWS1WQVFVSUxMT1MtQ09OLVBBU1RPUy1OQVRVUkFMRVMtMTEud2VicCIsInNsaWRlc2hvdyI6IjUzZWI5N2MyIn0%3D\">\n\t\t\t\t\t<div class=\"e-gallery-image elementor-gallery-item__image\" data-thumbnail=\"https:\/\/nutriciondebovinos.ar\/wp-content\/uploads\/2023\/07\/ENGORDE-DE-VACAS-Y-VAQUILLOS-CON-PASTOS-NATURALES-11.webp\" data-width=\"800\" data-height=\"450\" aria-label=\"pasto de campo\" role=\"img\" ><\/div>\n\t\t\t\t\t\t\t\t\t\t\t<div class=\"elementor-gallery-item__overlay\"><\/div>\n\t\t\t\t\t\t\t\t\t\t\t\t\t\t<\/a>\n\t\t\t\t\t\t\t<a class=\"e-gallery-item elementor-gallery-item elementor-animated-content\" href=\"https:\/\/nutriciondebovinos.ar\/wp-content\/uploads\/2023\/07\/ENSAYO-DE-VACAS-Y-VAQUILLONAS-CON-PASTOS-NATURALES.webp\" data-elementor-open-lightbox=\"yes\" data-elementor-lightbox-slideshow=\"53eb97c2\" data-elementor-lightbox-title=\"ganado en campo sobre pastos naturales\" data-elementor-lightbox-description=\"ganado en campo sobre pastos naturales\" data-e-action-hash=\"#elementor-action%3Aaction%3Dlightbox%26settings%3DeyJpZCI6NTEwMywidXJsIjoiaHR0cHM6XC9cL251dHJpY2lvbmRlYm92aW5vcy5hclwvd3AtY29udGVudFwvdXBsb2Fkc1wvMjAyM1wvMDdcL0VOU0FZTy1ERS1WQUNBUy1ZLVZBUVVJTExPTkFTLUNPTi1QQVNUT1MtTkFUVVJBTEVTLndlYnAiLCJzbGlkZXNob3ciOiI1M2ViOTdjMiJ9\">\n\t\t\t\t\t<div class=\"e-gallery-image elementor-gallery-item__image\" data-thumbnail=\"https:\/\/nutriciondebovinos.ar\/wp-content\/uploads\/2023\/07\/ENSAYO-DE-VACAS-Y-VAQUILLONAS-CON-PASTOS-NATURALES.webp\" data-width=\"800\" data-height=\"600\" aria-label=\"ganado en campo sobre pastos naturales\" role=\"img\" ><\/div>\n\t\t\t\t\t\t\t\t\t\t\t<div class=\"elementor-gallery-item__overlay\"><\/div>\n\t\t\t\t\t\t\t\t\t\t\t\t\t\t<\/a>\n\t\t\t\t\t\t\t<a class=\"e-gallery-item elementor-gallery-item elementor-animated-content\" href=\"https:\/\/nutriciondebovinos.ar\/wp-content\/uploads\/2023\/07\/ENGORDE-DE-VACAS-Y-VAQUILLOS-CON-PASTOS-NATURALES-2.webp\" data-elementor-open-lightbox=\"yes\" data-elementor-lightbox-slideshow=\"53eb97c2\" data-elementor-lightbox-title=\"vaca en campo, sobre pasto amarrillo\" data-elementor-lightbox-description=\"vaca en campo, sobre pasto amarrillo\" data-e-action-hash=\"#elementor-action%3Aaction%3Dlightbox%26settings%3DeyJpZCI6NTEwNCwidXJsIjoiaHR0cHM6XC9cL251dHJpY2lvbmRlYm92aW5vcy5hclwvd3AtY29udGVudFwvdXBsb2Fkc1wvMjAyM1wvMDdcL0VOR09SREUtREUtVkFDQVMtWS1WQVFVSUxMT1MtQ09OLVBBU1RPUy1OQVRVUkFMRVMtMi53ZWJwIiwic2xpZGVzaG93IjoiNTNlYjk3YzIifQ%3D%3D\">\n\t\t\t\t\t<div class=\"e-gallery-image elementor-gallery-item__image\" data-thumbnail=\"https:\/\/nutriciondebovinos.ar\/wp-content\/uploads\/2023\/07\/ENGORDE-DE-VACAS-Y-VAQUILLOS-CON-PASTOS-NATURALES-2.webp\" data-width=\"800\" data-height=\"600\" aria-label=\"vaca en campo, sobre pasto amarrillo\" role=\"img\" ><\/div>\n\t\t\t\t\t\t\t\t\t\t\t<div class=\"elementor-gallery-item__overlay\"><\/div>\n\t\t\t\t\t\t\t\t\t\t\t\t\t\t<\/a>\n\t\t\t\t\t\t\t<a class=\"e-gallery-item elementor-gallery-item elementor-animated-content\" href=\"https:\/\/nutriciondebovinos.ar\/wp-content\/uploads\/2023\/07\/ENGORDE-DE-VACAS-Y-VAQUILLOS-CON-PASTOS-NATURALES-3.webp\" data-elementor-open-lightbox=\"yes\" data-elementor-lightbox-slideshow=\"53eb97c2\" data-elementor-lightbox-title=\"ganado descansando\" data-elementor-lightbox-description=\"ganado descansando \" data-e-action-hash=\"#elementor-action%3Aaction%3Dlightbox%26settings%3DeyJpZCI6NTEwNSwidXJsIjoiaHR0cHM6XC9cL251dHJpY2lvbmRlYm92aW5vcy5hclwvd3AtY29udGVudFwvdXBsb2Fkc1wvMjAyM1wvMDdcL0VOR09SREUtREUtVkFDQVMtWS1WQVFVSUxMT1MtQ09OLVBBU1RPUy1OQVRVUkFMRVMtMy53ZWJwIiwic2xpZGVzaG93IjoiNTNlYjk3YzIifQ%3D%3D\">\n\t\t\t\t\t<div class=\"e-gallery-image elementor-gallery-item__image\" data-thumbnail=\"https:\/\/nutriciondebovinos.ar\/wp-content\/uploads\/2023\/07\/ENGORDE-DE-VACAS-Y-VAQUILLOS-CON-PASTOS-NATURALES-3.webp\" data-width=\"800\" data-height=\"600\" aria-label=\"ganado descansando\" role=\"img\" ><\/div>\n\t\t\t\t\t\t\t\t\t\t\t<div class=\"elementor-gallery-item__overlay\"><\/div>\n\t\t\t\t\t\t\t\t\t\t\t\t\t\t<\/a>\n\t\t\t\t\t\t\t<a class=\"e-gallery-item elementor-gallery-item elementor-animated-content\" href=\"https:\/\/nutriciondebovinos.ar\/wp-content\/uploads\/2023\/07\/ENGORDE-DE-VACAS-Y-VAQUILLOS-CON-PASTOS-NATURALES-4.webp\" data-elementor-open-lightbox=\"yes\" data-elementor-lightbox-slideshow=\"53eb97c2\" data-elementor-lightbox-title=\"alimento para ganado\" data-elementor-lightbox-description=\"alimento para ganado\" data-e-action-hash=\"#elementor-action%3Aaction%3Dlightbox%26settings%3DeyJpZCI6NTEwNiwidXJsIjoiaHR0cHM6XC9cL251dHJpY2lvbmRlYm92aW5vcy5hclwvd3AtY29udGVudFwvdXBsb2Fkc1wvMjAyM1wvMDdcL0VOR09SREUtREUtVkFDQVMtWS1WQVFVSUxMT1MtQ09OLVBBU1RPUy1OQVRVUkFMRVMtNC53ZWJwIiwic2xpZGVzaG93IjoiNTNlYjk3YzIifQ%3D%3D\">\n\t\t\t\t\t<div class=\"e-gallery-image elementor-gallery-item__image\" data-thumbnail=\"https:\/\/nutriciondebovinos.ar\/wp-content\/uploads\/2023\/07\/ENGORDE-DE-VACAS-Y-VAQUILLOS-CON-PASTOS-NATURALES-4-1024x576.webp\" data-width=\"800\" data-height=\"450\" aria-label=\"alimento para ganado\" role=\"img\" ><\/div>\n\t\t\t\t\t\t\t\t\t\t\t<div class=\"elementor-gallery-item__overlay\"><\/div>\n\t\t\t\t\t\t\t\t\t\t\t\t\t\t<\/a>\n\t\t\t\t\t\t\t<a class=\"e-gallery-item elementor-gallery-item elementor-animated-content\" href=\"https:\/\/nutriciondebovinos.ar\/wp-content\/uploads\/2023\/07\/ENGORDE-DE-VACAS-Y-VAQUILLOS-CON-PASTOS-NATURALES-5.webp\" data-elementor-open-lightbox=\"yes\" data-elementor-lightbox-slideshow=\"53eb97c2\" data-elementor-lightbox-title=\"pasto natural de campo\" data-elementor-lightbox-description=\"pasto natural de campo\" data-e-action-hash=\"#elementor-action%3Aaction%3Dlightbox%26settings%3DeyJpZCI6NTEwNywidXJsIjoiaHR0cHM6XC9cL251dHJpY2lvbmRlYm92aW5vcy5hclwvd3AtY29udGVudFwvdXBsb2Fkc1wvMjAyM1wvMDdcL0VOR09SREUtREUtVkFDQVMtWS1WQVFVSUxMT1MtQ09OLVBBU1RPUy1OQVRVUkFMRVMtNS53ZWJwIiwic2xpZGVzaG93IjoiNTNlYjk3YzIifQ%3D%3D\">\n\t\t\t\t\t<div class=\"e-gallery-image elementor-gallery-item__image\" data-thumbnail=\"https:\/\/nutriciondebovinos.ar\/wp-content\/uploads\/2023\/07\/ENGORDE-DE-VACAS-Y-VAQUILLOS-CON-PASTOS-NATURALES-5.webp\" data-width=\"800\" data-height=\"600\" aria-label=\"pasto natural de campo\" role=\"img\" ><\/div>\n\t\t\t\t\t\t\t\t\t\t\t<div class=\"elementor-gallery-item__overlay\"><\/div>\n\t\t\t\t\t\t\t\t\t\t\t\t\t\t<\/a>\n\t\t\t\t\t\t\t<a class=\"e-gallery-item elementor-gallery-item elementor-animated-content\" href=\"https:\/\/nutriciondebovinos.ar\/wp-content\/uploads\/2023\/07\/ENGORDE-DE-VACAS-Y-VAQUILLOS-CON-PASTOS-NATURALES-6.webp\" data-elementor-open-lightbox=\"yes\" data-elementor-lightbox-slideshow=\"53eb97c2\" data-elementor-lightbox-title=\"pasto natural de campo, tipo 2\" data-elementor-lightbox-description=\"pasto natural de campo, tipo 2\" data-e-action-hash=\"#elementor-action%3Aaction%3Dlightbox%26settings%3DeyJpZCI6NTEwOCwidXJsIjoiaHR0cHM6XC9cL251dHJpY2lvbmRlYm92aW5vcy5hclwvd3AtY29udGVudFwvdXBsb2Fkc1wvMjAyM1wvMDdcL0VOR09SREUtREUtVkFDQVMtWS1WQVFVSUxMT1MtQ09OLVBBU1RPUy1OQVRVUkFMRVMtNi53ZWJwIiwic2xpZGVzaG93IjoiNTNlYjk3YzIifQ%3D%3D\">\n\t\t\t\t\t<div class=\"e-gallery-image elementor-gallery-item__image\" data-thumbnail=\"https:\/\/nutriciondebovinos.ar\/wp-content\/uploads\/2023\/07\/ENGORDE-DE-VACAS-Y-VAQUILLOS-CON-PASTOS-NATURALES-6.webp\" data-width=\"800\" data-height=\"600\" aria-label=\"pasto natural de campo, tipo 2\" role=\"img\" ><\/div>\n\t\t\t\t\t\t\t\t\t\t\t<div class=\"elementor-gallery-item__overlay\"><\/div>\n\t\t\t\t\t\t\t\t\t\t\t\t\t\t<\/a>\n\t\t\t\t\t\t\t<a class=\"e-gallery-item elementor-gallery-item elementor-animated-content\" href=\"https:\/\/nutriciondebovinos.ar\/wp-content\/uploads\/2023\/07\/ENGORDE-DE-VACAS-Y-VAQUILLOS-CON-PASTOS-NATURALES-7.webp\" data-elementor-open-lightbox=\"yes\" data-elementor-lightbox-slideshow=\"53eb97c2\" data-elementor-lightbox-title=\"pasto natural de campo color verde\" data-elementor-lightbox-description=\"pasto natural de campo color verde\" data-e-action-hash=\"#elementor-action%3Aaction%3Dlightbox%26settings%3DeyJpZCI6NTEwOSwidXJsIjoiaHR0cHM6XC9cL251dHJpY2lvbmRlYm92aW5vcy5hclwvd3AtY29udGVudFwvdXBsb2Fkc1wvMjAyM1wvMDdcL0VOR09SREUtREUtVkFDQVMtWS1WQVFVSUxMT1MtQ09OLVBBU1RPUy1OQVRVUkFMRVMtNy53ZWJwIiwic2xpZGVzaG93IjoiNTNlYjk3YzIifQ%3D%3D\">\n\t\t\t\t\t<div class=\"e-gallery-image elementor-gallery-item__image\" data-thumbnail=\"https:\/\/nutriciondebovinos.ar\/wp-content\/uploads\/2023\/07\/ENGORDE-DE-VACAS-Y-VAQUILLOS-CON-PASTOS-NATURALES-7.webp\" data-width=\"800\" data-height=\"600\" aria-label=\"pasto natural de campo color verde\" role=\"img\" ><\/div>\n\t\t\t\t\t\t\t\t\t\t\t<div class=\"elementor-gallery-item__overlay\"><\/div>\n\t\t\t\t\t\t\t\t\t\t\t\t\t\t<\/a>\n\t\t\t\t\t\t\t<a class=\"e-gallery-item elementor-gallery-item elementor-animated-content\" href=\"https:\/\/nutriciondebovinos.ar\/wp-content\/uploads\/2023\/07\/ENGORDE-DE-VACAS-Y-VAQUILLOS-CON-PASTOS-NATURALES-8.webp\" data-elementor-open-lightbox=\"yes\" data-elementor-lightbox-slideshow=\"53eb97c2\" data-elementor-lightbox-title=\"pasto verde de campo\" data-elementor-lightbox-description=\"pasto verde de campo\" data-e-action-hash=\"#elementor-action%3Aaction%3Dlightbox%26settings%3DeyJpZCI6NTExMCwidXJsIjoiaHR0cHM6XC9cL251dHJpY2lvbmRlYm92aW5vcy5hclwvd3AtY29udGVudFwvdXBsb2Fkc1wvMjAyM1wvMDdcL0VOR09SREUtREUtVkFDQVMtWS1WQVFVSUxMT1MtQ09OLVBBU1RPUy1OQVRVUkFMRVMtOC53ZWJwIiwic2xpZGVzaG93IjoiNTNlYjk3YzIifQ%3D%3D\">\n\t\t\t\t\t<div class=\"e-gallery-image elementor-gallery-item__image\" data-thumbnail=\"https:\/\/nutriciondebovinos.ar\/wp-content\/uploads\/2023\/07\/ENGORDE-DE-VACAS-Y-VAQUILLOS-CON-PASTOS-NATURALES-8.webp\" data-width=\"800\" data-height=\"600\" aria-label=\"pasto verde de campo\" role=\"img\" ><\/div>\n\t\t\t\t\t\t\t\t\t\t\t<div class=\"elementor-gallery-item__overlay\"><\/div>\n\t\t\t\t\t\t\t\t\t\t\t\t\t\t<\/a>\n\t\t\t\t\t\t\t<a class=\"e-gallery-item elementor-gallery-item elementor-animated-content\" href=\"https:\/\/nutriciondebovinos.ar\/wp-content\/uploads\/2023\/07\/ENGORDE-DE-VACAS-Y-VAQUILLOS-CON-PASTOS-NATURALES-9.webp\" data-elementor-open-lightbox=\"yes\" data-elementor-lightbox-slideshow=\"53eb97c2\" data-elementor-lightbox-title=\"novillo\" data-elementor-lightbox-description=\"novillo\" data-e-action-hash=\"#elementor-action%3Aaction%3Dlightbox%26settings%3DeyJpZCI6NTExMSwidXJsIjoiaHR0cHM6XC9cL251dHJpY2lvbmRlYm92aW5vcy5hclwvd3AtY29udGVudFwvdXBsb2Fkc1wvMjAyM1wvMDdcL0VOR09SREUtREUtVkFDQVMtWS1WQVFVSUxMT1MtQ09OLVBBU1RPUy1OQVRVUkFMRVMtOS53ZWJwIiwic2xpZGVzaG93IjoiNTNlYjk3YzIifQ%3D%3D\">\n\t\t\t\t\t<div class=\"e-gallery-image elementor-gallery-item__image\" data-thumbnail=\"https:\/\/nutriciondebovinos.ar\/wp-content\/uploads\/2023\/07\/ENGORDE-DE-VACAS-Y-VAQUILLOS-CON-PASTOS-NATURALES-9.webp\" data-width=\"800\" data-height=\"450\" aria-label=\"novillo\" role=\"img\" ><\/div>\n\t\t\t\t\t\t\t\t\t\t\t<div class=\"elementor-gallery-item__overlay\"><\/div>\n\t\t\t\t\t\t\t\t\t\t\t\t\t\t<\/a>\n\t\t\t\t\t\t\t<a class=\"e-gallery-item elementor-gallery-item elementor-animated-content\" href=\"https:\/\/nutriciondebovinos.ar\/wp-content\/uploads\/2023\/07\/ENGORDE-DE-VACAS-Y-VAQUILLOS-CON-PASTOS-NATURALES-10.webp\" data-elementor-open-lightbox=\"yes\" data-elementor-lightbox-slideshow=\"53eb97c2\" data-elementor-lightbox-title=\"campo con pastura natural\" data-elementor-lightbox-description=\"campo con pastura natural\" data-e-action-hash=\"#elementor-action%3Aaction%3Dlightbox%26settings%3DeyJpZCI6NTExMiwidXJsIjoiaHR0cHM6XC9cL251dHJpY2lvbmRlYm92aW5vcy5hclwvd3AtY29udGVudFwvdXBsb2Fkc1wvMjAyM1wvMDdcL0VOR09SREUtREUtVkFDQVMtWS1WQVFVSUxMT1MtQ09OLVBBU1RPUy1OQVRVUkFMRVMtMTAud2VicCIsInNsaWRlc2hvdyI6IjUzZWI5N2MyIn0%3D\">\n\t\t\t\t\t<div class=\"e-gallery-image elementor-gallery-item__image\" data-thumbnail=\"https:\/\/nutriciondebovinos.ar\/wp-content\/uploads\/2023\/07\/ENGORDE-DE-VACAS-Y-VAQUILLOS-CON-PASTOS-NATURALES-10.webp\" data-width=\"800\" data-height=\"450\" aria-label=\"campo con pastura natural\" role=\"img\" ><\/div>\n\t\t\t\t\t\t\t\t\t\t\t<div class=\"elementor-gallery-item__overlay\"><\/div>\n\t\t\t\t\t\t\t\t\t\t\t\t\t\t<\/a>\n\t\t\t\t\t<\/div>\n\t\t\t\t\t<\/div>\n\t\t\t\t<\/div>\n\t\t\t\t\t<\/div>\n\t\t\t\t<\/div>\n\t\t\t\t<\/div>\n\t\t","protected":false},"excerpt":{"rendered":"","protected":false},"author":1,"featured_media":0,"parent":0,"menu_order":0,"comment_status":"closed","ping_status":"closed","template":"","meta":{"footnotes":""},"class_list":["post-5094","page","type-page","status-publish","hentry"],"yoast_head":"<!-- This site is optimized with the Yoast SEO plugin v27.3 - https:\/\/yoast.com\/product\/yoast-seo-wordpress\/ -->\n<title>Engorde de vacas y vaquillonas con pastos naturales<\/title>\n<meta name=\"description\" content=\"Galeria de imagenes de vacas y vaquillonas en etapa de engorde mediante pastos naturales en corral.\" \/>\n<meta name=\"robots\" content=\"noindex, nofollow\" \/>\n<meta property=\"og:locale\" content=\"es_ES\" \/>\n<meta property=\"og:type\" content=\"article\" \/>\n<meta property=\"og:title\" content=\"Engorde de vacas y vaquillonas con pastos naturales\" \/>\n<meta property=\"og:description\" content=\"Galeria de imagenes de vacas y vaquillonas en etapa de engorde mediante pastos naturales en corral.\" \/>\n<meta property=\"og:url\" content=\"https:\/\/nutriciondebovinos.ar\/index.php\/engorde-de-vacas-y-vaquillonas-con-pastos-naturales\/\" \/>\n<meta property=\"og:site_name\" content=\"nutriciondebovinos\" \/>\n<meta property=\"article:modified_time\" content=\"2023-09-01T19:56:17+00:00\" \/>\n<meta property=\"og:image\" content=\"https:\/\/nutriciondebovinos.ar\/wp-content\/uploads\/2023\/06\/ganado.jpg\" \/>\n\t<meta property=\"og:image:width\" content=\"2000\" \/>\n\t<meta property=\"og:image:height\" content=\"1143\" \/>\n\t<meta property=\"og:image:type\" content=\"image\/jpeg\" \/>\n<meta name=\"twitter:card\" content=\"summary_large_image\" \/>\n<script type=\"application\/ld+json\" class=\"yoast-schema-graph\">{\"@context\":\"https:\\\/\\\/schema.org\",\"@graph\":[{\"@type\":\"WebPage\",\"@id\":\"https:\\\/\\\/nutriciondebovinos.ar\\\/index.php\\\/engorde-de-vacas-y-vaquillonas-con-pastos-naturales\\\/\",\"url\":\"https:\\\/\\\/nutriciondebovinos.ar\\\/index.php\\\/engorde-de-vacas-y-vaquillonas-con-pastos-naturales\\\/\",\"name\":\"Engorde de vacas y vaquillonas con pastos naturales\",\"isPartOf\":{\"@id\":\"https:\\\/\\\/nutriciondebovinos.ar\\\/#website\"},\"datePublished\":\"2023-07-28T15:13:43+00:00\",\"dateModified\":\"2023-09-01T19:56:17+00:00\",\"description\":\"Galeria de imagenes de vacas y vaquillonas en etapa de engorde mediante pastos naturales en corral.\",\"breadcrumb\":{\"@id\":\"https:\\\/\\\/nutriciondebovinos.ar\\\/index.php\\\/engorde-de-vacas-y-vaquillonas-con-pastos-naturales\\\/#breadcrumb\"},\"inLanguage\":\"es-AR\",\"potentialAction\":[{\"@type\":\"ReadAction\",\"target\":[\"https:\\\/\\\/nutriciondebovinos.ar\\\/index.php\\\/engorde-de-vacas-y-vaquillonas-con-pastos-naturales\\\/\"]}]},{\"@type\":\"BreadcrumbList\",\"@id\":\"https:\\\/\\\/nutriciondebovinos.ar\\\/index.php\\\/engorde-de-vacas-y-vaquillonas-con-pastos-naturales\\\/#breadcrumb\",\"itemListElement\":[{\"@type\":\"ListItem\",\"position\":1,\"name\":\"Inicio\",\"item\":\"https:\\\/\\\/nutriciondebovinos.ar\\\/\"},{\"@type\":\"ListItem\",\"position\":2,\"name\":\"Engorde de vacas y vaquillonas con pastos naturales\"}]},{\"@type\":\"WebSite\",\"@id\":\"https:\\\/\\\/nutriciondebovinos.ar\\\/#website\",\"url\":\"https:\\\/\\\/nutriciondebovinos.ar\\\/\",\"name\":\"Nutrici\u00f3n de Bovinos\",\"description\":\"Sitio Web sobre Nutrici\u00f3n de Rumiantes y Gesti\u00f3n Ganadera, tiene como finalidad representar un espacio com\u00fan de discusi\u00f3n, difusi\u00f3n y transferencia de conocimientos entre el mundo cient\u00edfico-t\u00e9cnico\",\"publisher\":{\"@id\":\"https:\\\/\\\/nutriciondebovinos.ar\\\/#\\\/schema\\\/person\\\/0728d66fb1fe97c3333f40ee2e09e263\"},\"potentialAction\":[{\"@type\":\"SearchAction\",\"target\":{\"@type\":\"EntryPoint\",\"urlTemplate\":\"https:\\\/\\\/nutriciondebovinos.ar\\\/?s={search_term_string}\"},\"query-input\":{\"@type\":\"PropertyValueSpecification\",\"valueRequired\":true,\"valueName\":\"search_term_string\"}}],\"inLanguage\":\"es-AR\"},{\"@type\":[\"Person\",\"Organization\"],\"@id\":\"https:\\\/\\\/nutriciondebovinos.ar\\\/#\\\/schema\\\/person\\\/0728d66fb1fe97c3333f40ee2e09e263\",\"name\":\"nutricion.portafoliosweb.com.ar\",\"image\":{\"@type\":\"ImageObject\",\"inLanguage\":\"es-AR\",\"@id\":\"https:\\\/\\\/nutriciondebovinos.ar\\\/wp-content\\\/uploads\\\/2023\\\/08\\\/cropped-cow-logo.png\",\"url\":\"https:\\\/\\\/nutriciondebovinos.ar\\\/wp-content\\\/uploads\\\/2023\\\/08\\\/cropped-cow-logo.png\",\"contentUrl\":\"https:\\\/\\\/nutriciondebovinos.ar\\\/wp-content\\\/uploads\\\/2023\\\/08\\\/cropped-cow-logo.png\",\"width\":2998,\"height\":1909,\"caption\":\"nutricion.portafoliosweb.com.ar\"},\"logo\":{\"@id\":\"https:\\\/\\\/nutriciondebovinos.ar\\\/wp-content\\\/uploads\\\/2023\\\/08\\\/cropped-cow-logo.png\"},\"sameAs\":[\"http:\\\/\\\/nutriciondebovinos.ar\"]}]}<\/script>\n<!-- \/ Yoast SEO plugin. -->","yoast_head_json":{"title":"Engorde de vacas y vaquillonas con pastos naturales","description":"Galeria de imagenes de vacas y vaquillonas en etapa de engorde mediante pastos naturales en corral.","robots":{"index":"noindex","follow":"nofollow"},"og_locale":"es_ES","og_type":"article","og_title":"Engorde de vacas y vaquillonas con pastos naturales","og_description":"Galeria de imagenes de vacas y vaquillonas en etapa de engorde mediante pastos naturales en corral.","og_url":"https:\/\/nutriciondebovinos.ar\/index.php\/engorde-de-vacas-y-vaquillonas-con-pastos-naturales\/","og_site_name":"nutriciondebovinos","article_modified_time":"2023-09-01T19:56:17+00:00","og_image":[{"width":2000,"height":1143,"url":"https:\/\/nutriciondebovinos.ar\/wp-content\/uploads\/2023\/06\/ganado.jpg","type":"image\/jpeg"}],"twitter_card":"summary_large_image","schema":{"@context":"https:\/\/schema.org","@graph":[{"@type":"WebPage","@id":"https:\/\/nutriciondebovinos.ar\/index.php\/engorde-de-vacas-y-vaquillonas-con-pastos-naturales\/","url":"https:\/\/nutriciondebovinos.ar\/index.php\/engorde-de-vacas-y-vaquillonas-con-pastos-naturales\/","name":"Engorde de vacas y vaquillonas con pastos naturales","isPartOf":{"@id":"https:\/\/nutriciondebovinos.ar\/#website"},"datePublished":"2023-07-28T15:13:43+00:00","dateModified":"2023-09-01T19:56:17+00:00","description":"Galeria de imagenes de vacas y vaquillonas en etapa de engorde mediante pastos naturales en corral.","breadcrumb":{"@id":"https:\/\/nutriciondebovinos.ar\/index.php\/engorde-de-vacas-y-vaquillonas-con-pastos-naturales\/#breadcrumb"},"inLanguage":"es-AR","potentialAction":[{"@type":"ReadAction","target":["https:\/\/nutriciondebovinos.ar\/index.php\/engorde-de-vacas-y-vaquillonas-con-pastos-naturales\/"]}]},{"@type":"BreadcrumbList","@id":"https:\/\/nutriciondebovinos.ar\/index.php\/engorde-de-vacas-y-vaquillonas-con-pastos-naturales\/#breadcrumb","itemListElement":[{"@type":"ListItem","position":1,"name":"Inicio","item":"https:\/\/nutriciondebovinos.ar\/"},{"@type":"ListItem","position":2,"name":"Engorde de vacas y vaquillonas con pastos naturales"}]},{"@type":"WebSite","@id":"https:\/\/nutriciondebovinos.ar\/#website","url":"https:\/\/nutriciondebovinos.ar\/","name":"Nutrici\u00f3n de Bovinos","description":"Sitio Web sobre Nutrici\u00f3n de Rumiantes y Gesti\u00f3n Ganadera, tiene como finalidad representar un espacio com\u00fan de discusi\u00f3n, difusi\u00f3n y transferencia de conocimientos entre el mundo cient\u00edfico-t\u00e9cnico","publisher":{"@id":"https:\/\/nutriciondebovinos.ar\/#\/schema\/person\/0728d66fb1fe97c3333f40ee2e09e263"},"potentialAction":[{"@type":"SearchAction","target":{"@type":"EntryPoint","urlTemplate":"https:\/\/nutriciondebovinos.ar\/?s={search_term_string}"},"query-input":{"@type":"PropertyValueSpecification","valueRequired":true,"valueName":"search_term_string"}}],"inLanguage":"es-AR"},{"@type":["Person","Organization"],"@id":"https:\/\/nutriciondebovinos.ar\/#\/schema\/person\/0728d66fb1fe97c3333f40ee2e09e263","name":"nutricion.portafoliosweb.com.ar","image":{"@type":"ImageObject","inLanguage":"es-AR","@id":"https:\/\/nutriciondebovinos.ar\/wp-content\/uploads\/2023\/08\/cropped-cow-logo.png","url":"https:\/\/nutriciondebovinos.ar\/wp-content\/uploads\/2023\/08\/cropped-cow-logo.png","contentUrl":"https:\/\/nutriciondebovinos.ar\/wp-content\/uploads\/2023\/08\/cropped-cow-logo.png","width":2998,"height":1909,"caption":"nutricion.portafoliosweb.com.ar"},"logo":{"@id":"https:\/\/nutriciondebovinos.ar\/wp-content\/uploads\/2023\/08\/cropped-cow-logo.png"},"sameAs":["http:\/\/nutriciondebovinos.ar"]}]}},"_links":{"self":[{"href":"https:\/\/nutriciondebovinos.ar\/index.php\/wp-json\/wp\/v2\/pages\/5094","targetHints":{"allow":["GET"]}}],"collection":[{"href":"https:\/\/nutriciondebovinos.ar\/index.php\/wp-json\/wp\/v2\/pages"}],"about":[{"href":"https:\/\/nutriciondebovinos.ar\/index.php\/wp-json\/wp\/v2\/types\/page"}],"author":[{"embeddable":true,"href":"https:\/\/nutriciondebovinos.ar\/index.php\/wp-json\/wp\/v2\/users\/1"}],"replies":[{"embeddable":true,"href":"https:\/\/nutriciondebovinos.ar\/index.php\/wp-json\/wp\/v2\/comments?post=5094"}],"version-history":[{"count":8,"href":"https:\/\/nutriciondebovinos.ar\/index.php\/wp-json\/wp\/v2\/pages\/5094\/revisions"}],"predecessor-version":[{"id":8474,"href":"https:\/\/nutriciondebovinos.ar\/index.php\/wp-json\/wp\/v2\/pages\/5094\/revisions\/8474"}],"wp:attachment":[{"href":"https:\/\/nutriciondebovinos.ar\/index.php\/wp-json\/wp\/v2\/media?parent=5094"}],"curies":[{"name":"wp","href":"https:\/\/api.w.org\/{rel}","templated":true}]}}