{"id":5119,"date":"2023-07-28T12:38:43","date_gmt":"2023-07-28T15:38:43","guid":{"rendered":"http:\/\/nutriciondebovinos.ar\/?page_id=5119"},"modified":"2023-09-01T17:00:24","modified_gmt":"2023-09-01T20:00:24","slug":"engorde-pastoril-con-sorgos-bmr-frescos","status":"publish","type":"page","link":"https:\/\/nutriciondebovinos.ar\/index.php\/engorde-pastoril-con-sorgos-bmr-frescos\/","title":{"rendered":"Engorde pastoril con sorgos BMR frescos"},"content":{"rendered":"\t\t<div data-elementor-type=\"wp-page\" data-elementor-id=\"5119\" class=\"elementor elementor-5119\" data-elementor-post-type=\"page\">\n\t\t\t\t<div class=\"elementor-element elementor-element-7e1a28c3 e-flex e-con-boxed e-con e-parent\" data-id=\"7e1a28c3\" data-element_type=\"container\" data-e-type=\"container\">\n\t\t\t\t\t<div class=\"e-con-inner\">\n\t\t\t\t\t<\/div>\n\t\t\t\t<\/div>\n\t\t<div class=\"elementor-element elementor-element-64424c0b e-flex e-con-boxed e-con e-parent\" data-id=\"64424c0b\" data-element_type=\"container\" data-e-type=\"container\" data-settings=\"{&quot;background_background&quot;:&quot;classic&quot;}\">\n\t\t\t\t\t<div class=\"e-con-inner\">\n\t\t\t\t<div class=\"elementor-element elementor-element-7a8cd047 elementor-widget-mobile__width-inherit elementor-widget elementor-widget-gallery\" data-id=\"7a8cd047\" data-element_type=\"widget\" data-e-type=\"widget\" data-settings=\"{&quot;columns&quot;:3,&quot;gap&quot;:{&quot;unit&quot;:&quot;px&quot;,&quot;size&quot;:22,&quot;sizes&quot;:[]},&quot;content_hover_animation&quot;:&quot;shrink&quot;,&quot;content_sequenced_animation&quot;:&quot;yes&quot;,&quot;lazyload&quot;:&quot;yes&quot;,&quot;gallery_layout&quot;:&quot;grid&quot;,&quot;columns_tablet&quot;:2,&quot;columns_mobile&quot;:1,&quot;gap_tablet&quot;:{&quot;unit&quot;:&quot;px&quot;,&quot;size&quot;:10,&quot;sizes&quot;:[]},&quot;gap_mobile&quot;:{&quot;unit&quot;:&quot;px&quot;,&quot;size&quot;:10,&quot;sizes&quot;:[]},&quot;link_to&quot;:&quot;file&quot;,&quot;aspect_ratio&quot;:&quot;3:2&quot;,&quot;overlay_background&quot;:&quot;yes&quot;}\" data-widget_type=\"gallery.default\">\n\t\t\t\t<div class=\"elementor-widget-container\">\n\t\t\t\t\t\t\t<div class=\"elementor-gallery__container\">\n\t\t\t\t\t\t\t<a class=\"e-gallery-item elementor-gallery-item elementor-animated-content\" href=\"https:\/\/nutriciondebovinos.ar\/wp-content\/uploads\/2023\/07\/ENGORDE-PASTORIL-CON-SORGOS-BMR-FRESCOS.webp\" data-elementor-open-lightbox=\"yes\" data-elementor-lightbox-slideshow=\"7a8cd047\" data-elementor-lightbox-title=\"Engorde pastoril con sorgos BMR frescos\" data-elementor-lightbox-description=\"Engorde pastoril con sorgos BMR frescos\" data-e-action-hash=\"#elementor-action%3Aaction%3Dlightbox%26settings%3DeyJpZCI6NTEyNCwidXJsIjoiaHR0cHM6XC9cL251dHJpY2lvbmRlYm92aW5vcy5hclwvd3AtY29udGVudFwvdXBsb2Fkc1wvMjAyM1wvMDdcL0VOR09SREUtUEFTVE9SSUwtQ09OLVNPUkdPUy1CTVItRlJFU0NPUy53ZWJwIiwic2xpZGVzaG93IjoiN2E4Y2QwNDcifQ%3D%3D\">\n\t\t\t\t\t<div class=\"e-gallery-image elementor-gallery-item__image\" data-thumbnail=\"https:\/\/nutriciondebovinos.ar\/wp-content\/uploads\/2023\/07\/ENGORDE-PASTORIL-CON-SORGOS-BMR-FRESCOS.webp\" data-width=\"800\" data-height=\"600\" aria-label=\"Engorde pastoril con sorgos BMR frescos\" role=\"img\" ><\/div>\n\t\t\t\t\t\t\t\t\t\t\t<div class=\"elementor-gallery-item__overlay\"><\/div>\n\t\t\t\t\t\t\t\t\t\t\t\t\t\t<\/a>\n\t\t\t\t\t\t\t<a class=\"e-gallery-item elementor-gallery-item elementor-animated-content\" href=\"https:\/\/nutriciondebovinos.ar\/wp-content\/uploads\/2023\/07\/ENGORDE-PASTORIL-CON-SORGOS-BMR-FRESCOS-2.webp\" data-elementor-open-lightbox=\"yes\" data-elementor-lightbox-slideshow=\"7a8cd047\" data-elementor-lightbox-title=\"sorgos frescos BMR\" data-elementor-lightbox-description=\"sorgos frescos BMR\" data-e-action-hash=\"#elementor-action%3Aaction%3Dlightbox%26settings%3DeyJpZCI6NTEyNSwidXJsIjoiaHR0cHM6XC9cL251dHJpY2lvbmRlYm92aW5vcy5hclwvd3AtY29udGVudFwvdXBsb2Fkc1wvMjAyM1wvMDdcL0VOR09SREUtUEFTVE9SSUwtQ09OLVNPUkdPUy1CTVItRlJFU0NPUy0yLndlYnAiLCJzbGlkZXNob3ciOiI3YThjZDA0NyJ9\">\n\t\t\t\t\t<div class=\"e-gallery-image elementor-gallery-item__image\" data-thumbnail=\"https:\/\/nutriciondebovinos.ar\/wp-content\/uploads\/2023\/07\/ENGORDE-PASTORIL-CON-SORGOS-BMR-FRESCOS-2.webp\" data-width=\"800\" data-height=\"600\" aria-label=\"sorgos frescos BMR\" role=\"img\" ><\/div>\n\t\t\t\t\t\t\t\t\t\t\t<div class=\"elementor-gallery-item__overlay\"><\/div>\n\t\t\t\t\t\t\t\t\t\t\t\t\t\t<\/a>\n\t\t\t\t\t\t\t<a class=\"e-gallery-item elementor-gallery-item elementor-animated-content\" href=\"https:\/\/nutriciondebovinos.ar\/wp-content\/uploads\/2023\/07\/ENGORDE-PASTORIL-CON-SORGOS-BMR-FRESCOS-3.webp\" data-elementor-open-lightbox=\"yes\" data-elementor-lightbox-slideshow=\"7a8cd047\" data-elementor-lightbox-title=\"campo con sorgos frescos BMR\" data-elementor-lightbox-description=\"campo con sorgos frescos BMR\" data-e-action-hash=\"#elementor-action%3Aaction%3Dlightbox%26settings%3DeyJpZCI6NTEyNiwidXJsIjoiaHR0cHM6XC9cL251dHJpY2lvbmRlYm92aW5vcy5hclwvd3AtY29udGVudFwvdXBsb2Fkc1wvMjAyM1wvMDdcL0VOR09SREUtUEFTVE9SSUwtQ09OLVNPUkdPUy1CTVItRlJFU0NPUy0zLndlYnAiLCJzbGlkZXNob3ciOiI3YThjZDA0NyJ9\">\n\t\t\t\t\t<div class=\"e-gallery-image elementor-gallery-item__image\" data-thumbnail=\"https:\/\/nutriciondebovinos.ar\/wp-content\/uploads\/2023\/07\/ENGORDE-PASTORIL-CON-SORGOS-BMR-FRESCOS-3.webp\" data-width=\"800\" data-height=\"600\" aria-label=\"campo con sorgos frescos BMR\" role=\"img\" ><\/div>\n\t\t\t\t\t\t\t\t\t\t\t<div class=\"elementor-gallery-item__overlay\"><\/div>\n\t\t\t\t\t\t\t\t\t\t\t\t\t\t<\/a>\n\t\t\t\t\t\t\t<a class=\"e-gallery-item elementor-gallery-item elementor-animated-content\" href=\"https:\/\/nutriciondebovinos.ar\/wp-content\/uploads\/2023\/07\/ENGORDE-PASTORIL-CON-SORGOS-BMR-FRESCOS-4.webp\" data-elementor-open-lightbox=\"yes\" data-elementor-lightbox-slideshow=\"7a8cd047\" data-elementor-lightbox-title=\"ganado en campo con sorgos frescos BMR\" data-elementor-lightbox-description=\"ganado en campo con sorgos frescos BMR\" data-e-action-hash=\"#elementor-action%3Aaction%3Dlightbox%26settings%3DeyJpZCI6NTEyNywidXJsIjoiaHR0cHM6XC9cL251dHJpY2lvbmRlYm92aW5vcy5hclwvd3AtY29udGVudFwvdXBsb2Fkc1wvMjAyM1wvMDdcL0VOR09SREUtUEFTVE9SSUwtQ09OLVNPUkdPUy1CTVItRlJFU0NPUy00LndlYnAiLCJzbGlkZXNob3ciOiI3YThjZDA0NyJ9\">\n\t\t\t\t\t<div class=\"e-gallery-image elementor-gallery-item__image\" data-thumbnail=\"https:\/\/nutriciondebovinos.ar\/wp-content\/uploads\/2023\/07\/ENGORDE-PASTORIL-CON-SORGOS-BMR-FRESCOS-4.webp\" data-width=\"800\" data-height=\"600\" aria-label=\"ganado en campo con sorgos frescos BMR\" role=\"img\" ><\/div>\n\t\t\t\t\t\t\t\t\t\t\t<div class=\"elementor-gallery-item__overlay\"><\/div>\n\t\t\t\t\t\t\t\t\t\t\t\t\t\t<\/a>\n\t\t\t\t\t\t\t<a class=\"e-gallery-item elementor-gallery-item elementor-animated-content\" href=\"https:\/\/nutriciondebovinos.ar\/wp-content\/uploads\/2023\/07\/ENGORDE-PASTORIL-CON-SORGOS-BMR-FRESCOS-5.webp\" data-elementor-open-lightbox=\"yes\" data-elementor-lightbox-slideshow=\"7a8cd047\" data-elementor-lightbox-title=\"ganado en campo con sorgos frescos BMR,imagen 2\" data-elementor-lightbox-description=\"ganado en campo con sorgos frescos BMR,imagen 2\" data-e-action-hash=\"#elementor-action%3Aaction%3Dlightbox%26settings%3DeyJpZCI6NTEyOCwidXJsIjoiaHR0cHM6XC9cL251dHJpY2lvbmRlYm92aW5vcy5hclwvd3AtY29udGVudFwvdXBsb2Fkc1wvMjAyM1wvMDdcL0VOR09SREUtUEFTVE9SSUwtQ09OLVNPUkdPUy1CTVItRlJFU0NPUy01LndlYnAiLCJzbGlkZXNob3ciOiI3YThjZDA0NyJ9\">\n\t\t\t\t\t<div class=\"e-gallery-image elementor-gallery-item__image\" data-thumbnail=\"https:\/\/nutriciondebovinos.ar\/wp-content\/uploads\/2023\/07\/ENGORDE-PASTORIL-CON-SORGOS-BMR-FRESCOS-5.webp\" data-width=\"800\" data-height=\"600\" aria-label=\"ganado en campo con sorgos frescos BMR,imagen 2\" role=\"img\" ><\/div>\n\t\t\t\t\t\t\t\t\t\t\t<div class=\"elementor-gallery-item__overlay\"><\/div>\n\t\t\t\t\t\t\t\t\t\t\t\t\t\t<\/a>\n\t\t\t\t\t\t\t<a class=\"e-gallery-item elementor-gallery-item elementor-animated-content\" href=\"https:\/\/nutriciondebovinos.ar\/wp-content\/uploads\/2023\/07\/ENGORDE-PASTORIL-CON-SORGOS-BMR-FRESCOS-6.webp\" data-elementor-open-lightbox=\"yes\" data-elementor-lightbox-slideshow=\"7a8cd047\" data-elementor-lightbox-title=\"sorgo BMR\" data-elementor-lightbox-description=\"sorgo BMR\" data-e-action-hash=\"#elementor-action%3Aaction%3Dlightbox%26settings%3DeyJpZCI6NTEyOSwidXJsIjoiaHR0cHM6XC9cL251dHJpY2lvbmRlYm92aW5vcy5hclwvd3AtY29udGVudFwvdXBsb2Fkc1wvMjAyM1wvMDdcL0VOR09SREUtUEFTVE9SSUwtQ09OLVNPUkdPUy1CTVItRlJFU0NPUy02LndlYnAiLCJzbGlkZXNob3ciOiI3YThjZDA0NyJ9\">\n\t\t\t\t\t<div class=\"e-gallery-image elementor-gallery-item__image\" data-thumbnail=\"https:\/\/nutriciondebovinos.ar\/wp-content\/uploads\/2023\/07\/ENGORDE-PASTORIL-CON-SORGOS-BMR-FRESCOS-6.webp\" data-width=\"793\" data-height=\"600\" aria-label=\"sorgo BMR\" role=\"img\" ><\/div>\n\t\t\t\t\t\t\t\t\t\t\t<div class=\"elementor-gallery-item__overlay\"><\/div>\n\t\t\t\t\t\t\t\t\t\t\t\t\t\t<\/a>\n\t\t\t\t\t\t\t<a class=\"e-gallery-item elementor-gallery-item elementor-animated-content\" href=\"https:\/\/nutriciondebovinos.ar\/wp-content\/uploads\/2023\/07\/ENGORDE-PASTORIL-CON-SORGOS-BMR-FRESCOS-7.webp\" data-elementor-open-lightbox=\"yes\" data-elementor-lightbox-slideshow=\"7a8cd047\" data-elementor-lightbox-title=\"BMR\" data-elementor-lightbox-description=\"BMR\" data-e-action-hash=\"#elementor-action%3Aaction%3Dlightbox%26settings%3DeyJpZCI6NTEzMCwidXJsIjoiaHR0cHM6XC9cL251dHJpY2lvbmRlYm92aW5vcy5hclwvd3AtY29udGVudFwvdXBsb2Fkc1wvMjAyM1wvMDdcL0VOR09SREUtUEFTVE9SSUwtQ09OLVNPUkdPUy1CTVItRlJFU0NPUy03LndlYnAiLCJzbGlkZXNob3ciOiI3YThjZDA0NyJ9\">\n\t\t\t\t\t<div class=\"e-gallery-image elementor-gallery-item__image\" data-thumbnail=\"https:\/\/nutriciondebovinos.ar\/wp-content\/uploads\/2023\/07\/ENGORDE-PASTORIL-CON-SORGOS-BMR-FRESCOS-7.webp\" data-width=\"793\" data-height=\"600\" aria-label=\"BMR\" role=\"img\" ><\/div>\n\t\t\t\t\t\t\t\t\t\t\t<div class=\"elementor-gallery-item__overlay\"><\/div>\n\t\t\t\t\t\t\t\t\t\t\t\t\t\t<\/a>\n\t\t\t\t\t\t\t<a class=\"e-gallery-item elementor-gallery-item elementor-animated-content\" href=\"https:\/\/nutriciondebovinos.ar\/wp-content\/uploads\/2023\/07\/ENGORDE-PASTORIL-CON-SORGOS-BMR-FRESCOS-8.webp\" data-elementor-open-lightbox=\"yes\" data-elementor-lightbox-slideshow=\"7a8cd047\" data-elementor-lightbox-title=\"campo de sorgos BMR\" data-elementor-lightbox-description=\"campo de sorgos BMR\" data-e-action-hash=\"#elementor-action%3Aaction%3Dlightbox%26settings%3DeyJpZCI6NTEzMSwidXJsIjoiaHR0cHM6XC9cL251dHJpY2lvbmRlYm92aW5vcy5hclwvd3AtY29udGVudFwvdXBsb2Fkc1wvMjAyM1wvMDdcL0VOR09SREUtUEFTVE9SSUwtQ09OLVNPUkdPUy1CTVItRlJFU0NPUy04LndlYnAiLCJzbGlkZXNob3ciOiI3YThjZDA0NyJ9\">\n\t\t\t\t\t<div class=\"e-gallery-image elementor-gallery-item__image\" data-thumbnail=\"https:\/\/nutriciondebovinos.ar\/wp-content\/uploads\/2023\/07\/ENGORDE-PASTORIL-CON-SORGOS-BMR-FRESCOS-8.webp\" data-width=\"800\" data-height=\"600\" aria-label=\"campo de sorgos BMR\" role=\"img\" ><\/div>\n\t\t\t\t\t\t\t\t\t\t\t<div class=\"elementor-gallery-item__overlay\"><\/div>\n\t\t\t\t\t\t\t\t\t\t\t\t\t\t<\/a>\n\t\t\t\t\t<\/div>\n\t\t\t\t\t<\/div>\n\t\t\t\t<\/div>\n\t\t\t\t\t<\/div>\n\t\t\t\t<\/div>\n\t\t\t\t<\/div>\n\t\t","protected":false},"excerpt":{"rendered":"","protected":false},"author":1,"featured_media":0,"parent":0,"menu_order":0,"comment_status":"closed","ping_status":"closed","template":"","meta":{"footnotes":""},"class_list":["post-5119","page","type-page","status-publish","hentry"],"yoast_head":"<!-- This site is optimized with the Yoast SEO plugin v27.3 - https:\/\/yoast.com\/product\/yoast-seo-wordpress\/ -->\n<title>Engorde ganado bovino con BMR<\/title>\n<meta name=\"description\" content=\"Galeria de imagenes de ganado bovino en etapa de engorde pastoril con sorgos frescos de BMR.\" \/>\n<meta name=\"robots\" content=\"noindex, nofollow\" \/>\n<meta property=\"og:locale\" content=\"es_ES\" \/>\n<meta property=\"og:type\" content=\"article\" \/>\n<meta property=\"og:title\" content=\"Engorde ganado bovino con BMR\" \/>\n<meta property=\"og:description\" content=\"Galeria de imagenes de ganado bovino en etapa de engorde pastoril con sorgos frescos de BMR.\" \/>\n<meta property=\"og:url\" content=\"https:\/\/nutriciondebovinos.ar\/index.php\/engorde-pastoril-con-sorgos-bmr-frescos\/\" \/>\n<meta property=\"og:site_name\" content=\"nutriciondebovinos\" \/>\n<meta property=\"article:modified_time\" content=\"2023-09-01T20:00:24+00:00\" \/>\n<meta property=\"og:image\" content=\"https:\/\/nutriciondebovinos.ar\/wp-content\/uploads\/2023\/06\/ganado.jpg\" \/>\n\t<meta property=\"og:image:width\" content=\"2000\" \/>\n\t<meta property=\"og:image:height\" content=\"1143\" \/>\n\t<meta property=\"og:image:type\" content=\"image\/jpeg\" \/>\n<meta name=\"twitter:card\" content=\"summary_large_image\" \/>\n<script type=\"application\/ld+json\" class=\"yoast-schema-graph\">{\"@context\":\"https:\\\/\\\/schema.org\",\"@graph\":[{\"@type\":\"WebPage\",\"@id\":\"https:\\\/\\\/nutriciondebovinos.ar\\\/index.php\\\/engorde-pastoril-con-sorgos-bmr-frescos\\\/\",\"url\":\"https:\\\/\\\/nutriciondebovinos.ar\\\/index.php\\\/engorde-pastoril-con-sorgos-bmr-frescos\\\/\",\"name\":\"Engorde ganado bovino con BMR\",\"isPartOf\":{\"@id\":\"https:\\\/\\\/nutriciondebovinos.ar\\\/#website\"},\"datePublished\":\"2023-07-28T15:38:43+00:00\",\"dateModified\":\"2023-09-01T20:00:24+00:00\",\"description\":\"Galeria de imagenes de ganado bovino en etapa de engorde pastoril con sorgos frescos de BMR.\",\"breadcrumb\":{\"@id\":\"https:\\\/\\\/nutriciondebovinos.ar\\\/index.php\\\/engorde-pastoril-con-sorgos-bmr-frescos\\\/#breadcrumb\"},\"inLanguage\":\"es-AR\",\"potentialAction\":[{\"@type\":\"ReadAction\",\"target\":[\"https:\\\/\\\/nutriciondebovinos.ar\\\/index.php\\\/engorde-pastoril-con-sorgos-bmr-frescos\\\/\"]}]},{\"@type\":\"BreadcrumbList\",\"@id\":\"https:\\\/\\\/nutriciondebovinos.ar\\\/index.php\\\/engorde-pastoril-con-sorgos-bmr-frescos\\\/#breadcrumb\",\"itemListElement\":[{\"@type\":\"ListItem\",\"position\":1,\"name\":\"Inicio\",\"item\":\"https:\\\/\\\/nutriciondebovinos.ar\\\/\"},{\"@type\":\"ListItem\",\"position\":2,\"name\":\"Engorde pastoril con sorgos BMR frescos\"}]},{\"@type\":\"WebSite\",\"@id\":\"https:\\\/\\\/nutriciondebovinos.ar\\\/#website\",\"url\":\"https:\\\/\\\/nutriciondebovinos.ar\\\/\",\"name\":\"Nutrici\u00f3n de Bovinos\",\"description\":\"Sitio Web sobre Nutrici\u00f3n de Rumiantes y Gesti\u00f3n Ganadera, tiene como finalidad representar un espacio com\u00fan de discusi\u00f3n, difusi\u00f3n y transferencia de conocimientos entre el mundo cient\u00edfico-t\u00e9cnico\",\"publisher\":{\"@id\":\"https:\\\/\\\/nutriciondebovinos.ar\\\/#\\\/schema\\\/person\\\/0728d66fb1fe97c3333f40ee2e09e263\"},\"potentialAction\":[{\"@type\":\"SearchAction\",\"target\":{\"@type\":\"EntryPoint\",\"urlTemplate\":\"https:\\\/\\\/nutriciondebovinos.ar\\\/?s={search_term_string}\"},\"query-input\":{\"@type\":\"PropertyValueSpecification\",\"valueRequired\":true,\"valueName\":\"search_term_string\"}}],\"inLanguage\":\"es-AR\"},{\"@type\":[\"Person\",\"Organization\"],\"@id\":\"https:\\\/\\\/nutriciondebovinos.ar\\\/#\\\/schema\\\/person\\\/0728d66fb1fe97c3333f40ee2e09e263\",\"name\":\"nutricion.portafoliosweb.com.ar\",\"image\":{\"@type\":\"ImageObject\",\"inLanguage\":\"es-AR\",\"@id\":\"https:\\\/\\\/nutriciondebovinos.ar\\\/wp-content\\\/uploads\\\/2023\\\/08\\\/cropped-cow-logo.png\",\"url\":\"https:\\\/\\\/nutriciondebovinos.ar\\\/wp-content\\\/uploads\\\/2023\\\/08\\\/cropped-cow-logo.png\",\"contentUrl\":\"https:\\\/\\\/nutriciondebovinos.ar\\\/wp-content\\\/uploads\\\/2023\\\/08\\\/cropped-cow-logo.png\",\"width\":2998,\"height\":1909,\"caption\":\"nutricion.portafoliosweb.com.ar\"},\"logo\":{\"@id\":\"https:\\\/\\\/nutriciondebovinos.ar\\\/wp-content\\\/uploads\\\/2023\\\/08\\\/cropped-cow-logo.png\"},\"sameAs\":[\"http:\\\/\\\/nutriciondebovinos.ar\"]}]}<\/script>\n<!-- \/ Yoast SEO plugin. -->","yoast_head_json":{"title":"Engorde ganado bovino con BMR","description":"Galeria de imagenes de ganado bovino en etapa de engorde pastoril con sorgos frescos de BMR.","robots":{"index":"noindex","follow":"nofollow"},"og_locale":"es_ES","og_type":"article","og_title":"Engorde ganado bovino con BMR","og_description":"Galeria de imagenes de ganado bovino en etapa de engorde pastoril con sorgos frescos de BMR.","og_url":"https:\/\/nutriciondebovinos.ar\/index.php\/engorde-pastoril-con-sorgos-bmr-frescos\/","og_site_name":"nutriciondebovinos","article_modified_time":"2023-09-01T20:00:24+00:00","og_image":[{"width":2000,"height":1143,"url":"https:\/\/nutriciondebovinos.ar\/wp-content\/uploads\/2023\/06\/ganado.jpg","type":"image\/jpeg"}],"twitter_card":"summary_large_image","schema":{"@context":"https:\/\/schema.org","@graph":[{"@type":"WebPage","@id":"https:\/\/nutriciondebovinos.ar\/index.php\/engorde-pastoril-con-sorgos-bmr-frescos\/","url":"https:\/\/nutriciondebovinos.ar\/index.php\/engorde-pastoril-con-sorgos-bmr-frescos\/","name":"Engorde ganado bovino con BMR","isPartOf":{"@id":"https:\/\/nutriciondebovinos.ar\/#website"},"datePublished":"2023-07-28T15:38:43+00:00","dateModified":"2023-09-01T20:00:24+00:00","description":"Galeria de imagenes de ganado bovino en etapa de engorde pastoril con sorgos frescos de BMR.","breadcrumb":{"@id":"https:\/\/nutriciondebovinos.ar\/index.php\/engorde-pastoril-con-sorgos-bmr-frescos\/#breadcrumb"},"inLanguage":"es-AR","potentialAction":[{"@type":"ReadAction","target":["https:\/\/nutriciondebovinos.ar\/index.php\/engorde-pastoril-con-sorgos-bmr-frescos\/"]}]},{"@type":"BreadcrumbList","@id":"https:\/\/nutriciondebovinos.ar\/index.php\/engorde-pastoril-con-sorgos-bmr-frescos\/#breadcrumb","itemListElement":[{"@type":"ListItem","position":1,"name":"Inicio","item":"https:\/\/nutriciondebovinos.ar\/"},{"@type":"ListItem","position":2,"name":"Engorde pastoril con sorgos BMR frescos"}]},{"@type":"WebSite","@id":"https:\/\/nutriciondebovinos.ar\/#website","url":"https:\/\/nutriciondebovinos.ar\/","name":"Nutrici\u00f3n de Bovinos","description":"Sitio Web sobre Nutrici\u00f3n de Rumiantes y Gesti\u00f3n Ganadera, tiene como finalidad representar un espacio com\u00fan de discusi\u00f3n, difusi\u00f3n y transferencia de conocimientos entre el mundo cient\u00edfico-t\u00e9cnico","publisher":{"@id":"https:\/\/nutriciondebovinos.ar\/#\/schema\/person\/0728d66fb1fe97c3333f40ee2e09e263"},"potentialAction":[{"@type":"SearchAction","target":{"@type":"EntryPoint","urlTemplate":"https:\/\/nutriciondebovinos.ar\/?s={search_term_string}"},"query-input":{"@type":"PropertyValueSpecification","valueRequired":true,"valueName":"search_term_string"}}],"inLanguage":"es-AR"},{"@type":["Person","Organization"],"@id":"https:\/\/nutriciondebovinos.ar\/#\/schema\/person\/0728d66fb1fe97c3333f40ee2e09e263","name":"nutricion.portafoliosweb.com.ar","image":{"@type":"ImageObject","inLanguage":"es-AR","@id":"https:\/\/nutriciondebovinos.ar\/wp-content\/uploads\/2023\/08\/cropped-cow-logo.png","url":"https:\/\/nutriciondebovinos.ar\/wp-content\/uploads\/2023\/08\/cropped-cow-logo.png","contentUrl":"https:\/\/nutriciondebovinos.ar\/wp-content\/uploads\/2023\/08\/cropped-cow-logo.png","width":2998,"height":1909,"caption":"nutricion.portafoliosweb.com.ar"},"logo":{"@id":"https:\/\/nutriciondebovinos.ar\/wp-content\/uploads\/2023\/08\/cropped-cow-logo.png"},"sameAs":["http:\/\/nutriciondebovinos.ar"]}]}},"_links":{"self":[{"href":"https:\/\/nutriciondebovinos.ar\/index.php\/wp-json\/wp\/v2\/pages\/5119","targetHints":{"allow":["GET"]}}],"collection":[{"href":"https:\/\/nutriciondebovinos.ar\/index.php\/wp-json\/wp\/v2\/pages"}],"about":[{"href":"https:\/\/nutriciondebovinos.ar\/index.php\/wp-json\/wp\/v2\/types\/page"}],"author":[{"embeddable":true,"href":"https:\/\/nutriciondebovinos.ar\/index.php\/wp-json\/wp\/v2\/users\/1"}],"replies":[{"embeddable":true,"href":"https:\/\/nutriciondebovinos.ar\/index.php\/wp-json\/wp\/v2\/comments?post=5119"}],"version-history":[{"count":8,"href":"https:\/\/nutriciondebovinos.ar\/index.php\/wp-json\/wp\/v2\/pages\/5119\/revisions"}],"predecessor-version":[{"id":8476,"href":"https:\/\/nutriciondebovinos.ar\/index.php\/wp-json\/wp\/v2\/pages\/5119\/revisions\/8476"}],"wp:attachment":[{"href":"https:\/\/nutriciondebovinos.ar\/index.php\/wp-json\/wp\/v2\/media?parent=5119"}],"curies":[{"name":"wp","href":"https:\/\/api.w.org\/{rel}","templated":true}]}}