{"id":5136,"date":"2023-07-28T12:43:19","date_gmt":"2023-07-28T15:43:19","guid":{"rendered":"http:\/\/nutriciondebovinos.ar\/?page_id=5136"},"modified":"2023-09-01T18:02:08","modified_gmt":"2023-09-01T21:02:08","slug":"recria-de-terneros-britanicos-con-sorgos-bmr-diferidos-y-verdeos-de-invierno-puan","status":"publish","type":"page","link":"https:\/\/nutriciondebovinos.ar\/index.php\/recria-de-terneros-britanicos-con-sorgos-bmr-diferidos-y-verdeos-de-invierno-puan\/","title":{"rendered":"Recr\u00eda de terneros Brit\u00e1nicos con sorgos BMR diferidos y verdeos de invierno (Pu\u00e1n)"},"content":{"rendered":"\t\t<div data-elementor-type=\"wp-page\" data-elementor-id=\"5136\" class=\"elementor elementor-5136\" data-elementor-post-type=\"page\">\n\t\t\t\t<div class=\"elementor-element elementor-element-6daa8c23 e-flex e-con-boxed e-con e-parent\" data-id=\"6daa8c23\" data-element_type=\"container\" data-e-type=\"container\">\n\t\t\t\t\t<div class=\"e-con-inner\">\n\t\t\t\t\t<\/div>\n\t\t\t\t<\/div>\n\t\t<div class=\"elementor-element elementor-element-772f5d89 e-flex e-con-boxed e-con e-parent\" data-id=\"772f5d89\" data-element_type=\"container\" data-e-type=\"container\" data-settings=\"{&quot;background_background&quot;:&quot;classic&quot;}\">\n\t\t\t\t\t<div class=\"e-con-inner\">\n\t\t\t\t<div class=\"elementor-element elementor-element-6079dedd elementor-widget-mobile__width-inherit elementor-widget elementor-widget-gallery\" data-id=\"6079dedd\" data-element_type=\"widget\" data-e-type=\"widget\" data-settings=\"{&quot;columns&quot;:3,&quot;gap&quot;:{&quot;unit&quot;:&quot;px&quot;,&quot;size&quot;:22,&quot;sizes&quot;:[]},&quot;content_hover_animation&quot;:&quot;shrink&quot;,&quot;content_sequenced_animation&quot;:&quot;yes&quot;,&quot;lazyload&quot;:&quot;yes&quot;,&quot;gallery_layout&quot;:&quot;grid&quot;,&quot;columns_tablet&quot;:2,&quot;columns_mobile&quot;:1,&quot;gap_tablet&quot;:{&quot;unit&quot;:&quot;px&quot;,&quot;size&quot;:10,&quot;sizes&quot;:[]},&quot;gap_mobile&quot;:{&quot;unit&quot;:&quot;px&quot;,&quot;size&quot;:10,&quot;sizes&quot;:[]},&quot;link_to&quot;:&quot;file&quot;,&quot;aspect_ratio&quot;:&quot;3:2&quot;,&quot;overlay_background&quot;:&quot;yes&quot;}\" data-widget_type=\"gallery.default\">\n\t\t\t\t<div class=\"elementor-widget-container\">\n\t\t\t\t\t\t\t<div class=\"elementor-gallery__container\">\n\t\t\t\t\t\t\t<a class=\"e-gallery-item elementor-gallery-item elementor-animated-content\" href=\"https:\/\/nutriciondebovinos.ar\/wp-content\/uploads\/2023\/07\/RECRIA-DE-TERNEROS-BRITANICOS-CON-SORGO-BMR-DIFERIDOS-Y-VERDEOS-DE-INVIERNO-PUAN.webp\" data-elementor-open-lightbox=\"yes\" data-elementor-lightbox-slideshow=\"6079dedd\" data-elementor-lightbox-title=\"campo Puan\" data-elementor-lightbox-description=\"campo Puan\" data-e-action-hash=\"#elementor-action%3Aaction%3Dlightbox%26settings%3DeyJpZCI6NTE0NCwidXJsIjoiaHR0cHM6XC9cL251dHJpY2lvbmRlYm92aW5vcy5hclwvd3AtY29udGVudFwvdXBsb2Fkc1wvMjAyM1wvMDdcL1JFQ1JJQS1ERS1URVJORVJPUy1CUklUQU5JQ09TLUNPTi1TT1JHTy1CTVItRElGRVJJRE9TLVktVkVSREVPUy1ERS1JTlZJRVJOTy1QVUFOLndlYnAiLCJzbGlkZXNob3ciOiI2MDc5ZGVkZCJ9\">\n\t\t\t\t\t<div class=\"e-gallery-image elementor-gallery-item__image\" data-thumbnail=\"https:\/\/nutriciondebovinos.ar\/wp-content\/uploads\/2023\/07\/RECRIA-DE-TERNEROS-BRITANICOS-CON-SORGO-BMR-DIFERIDOS-Y-VERDEOS-DE-INVIERNO-PUAN.webp\" data-width=\"793\" data-height=\"600\" aria-label=\"campo Puan\" role=\"img\" ><\/div>\n\t\t\t\t\t\t\t\t\t\t\t<div class=\"elementor-gallery-item__overlay\"><\/div>\n\t\t\t\t\t\t\t\t\t\t\t\t\t\t<\/a>\n\t\t\t\t\t\t\t<a class=\"e-gallery-item elementor-gallery-item elementor-animated-content\" href=\"https:\/\/nutriciondebovinos.ar\/wp-content\/uploads\/2023\/07\/RECRIA-DE-TERNEROS-BRITANICOS-CON-SORGO-BMR-DIFERIDOS-Y-VERDEOS-DE-INVIERNO-PUAN-2.webp\" data-elementor-open-lightbox=\"yes\" data-elementor-lightbox-slideshow=\"6079dedd\" data-elementor-lightbox-title=\"Sorgos BMR diferidos y verdeos de invierno, en Puan\" data-elementor-lightbox-description=\"Sorgos BMR diferidos y verdeos de invierno, en Puan\" data-e-action-hash=\"#elementor-action%3Aaction%3Dlightbox%26settings%3DeyJpZCI6NTE0NSwidXJsIjoiaHR0cHM6XC9cL251dHJpY2lvbmRlYm92aW5vcy5hclwvd3AtY29udGVudFwvdXBsb2Fkc1wvMjAyM1wvMDdcL1JFQ1JJQS1ERS1URVJORVJPUy1CUklUQU5JQ09TLUNPTi1TT1JHTy1CTVItRElGRVJJRE9TLVktVkVSREVPUy1ERS1JTlZJRVJOTy1QVUFOLTIud2VicCIsInNsaWRlc2hvdyI6IjYwNzlkZWRkIn0%3D\">\n\t\t\t\t\t<div class=\"e-gallery-image elementor-gallery-item__image\" data-thumbnail=\"https:\/\/nutriciondebovinos.ar\/wp-content\/uploads\/2023\/07\/RECRIA-DE-TERNEROS-BRITANICOS-CON-SORGO-BMR-DIFERIDOS-Y-VERDEOS-DE-INVIERNO-PUAN-2.webp\" data-width=\"800\" data-height=\"600\" aria-label=\"Sorgos BMR diferidos y verdeos de invierno, en Puan\" role=\"img\" ><\/div>\n\t\t\t\t\t\t\t\t\t\t\t<div class=\"elementor-gallery-item__overlay\"><\/div>\n\t\t\t\t\t\t\t\t\t\t\t\t\t\t<\/a>\n\t\t\t\t\t\t\t<a class=\"e-gallery-item elementor-gallery-item elementor-animated-content\" href=\"https:\/\/nutriciondebovinos.ar\/wp-content\/uploads\/2023\/07\/RECRIA-DE-TERNEROS-BRITANICOS-CON-SORGO-BMR-DIFERIDOS-Y-VERDEOS-DE-INVIERNO-PUAN-3.webp\" data-elementor-open-lightbox=\"yes\" data-elementor-lightbox-slideshow=\"6079dedd\" data-elementor-lightbox-title=\"Sorgos BMR diferidos y verdeos de invierno, en Puan, imagen 2\" data-elementor-lightbox-description=\"Sorgos BMR diferidos y verdeos de invierno, en Puan, imagen 2\" data-e-action-hash=\"#elementor-action%3Aaction%3Dlightbox%26settings%3DeyJpZCI6NTE0NiwidXJsIjoiaHR0cHM6XC9cL251dHJpY2lvbmRlYm92aW5vcy5hclwvd3AtY29udGVudFwvdXBsb2Fkc1wvMjAyM1wvMDdcL1JFQ1JJQS1ERS1URVJORVJPUy1CUklUQU5JQ09TLUNPTi1TT1JHTy1CTVItRElGRVJJRE9TLVktVkVSREVPUy1ERS1JTlZJRVJOTy1QVUFOLTMud2VicCIsInNsaWRlc2hvdyI6IjYwNzlkZWRkIn0%3D\">\n\t\t\t\t\t<div class=\"e-gallery-image elementor-gallery-item__image\" data-thumbnail=\"https:\/\/nutriciondebovinos.ar\/wp-content\/uploads\/2023\/07\/RECRIA-DE-TERNEROS-BRITANICOS-CON-SORGO-BMR-DIFERIDOS-Y-VERDEOS-DE-INVIERNO-PUAN-3.webp\" data-width=\"800\" data-height=\"600\" aria-label=\"Sorgos BMR diferidos y verdeos de invierno, en Puan, imagen 2\" role=\"img\" ><\/div>\n\t\t\t\t\t\t\t\t\t\t\t<div class=\"elementor-gallery-item__overlay\"><\/div>\n\t\t\t\t\t\t\t\t\t\t\t\t\t\t<\/a>\n\t\t\t\t\t\t\t<a class=\"e-gallery-item elementor-gallery-item elementor-animated-content\" href=\"https:\/\/nutriciondebovinos.ar\/wp-content\/uploads\/2023\/07\/RECRIA-DE-TERNEROS-BRITANICOS-CON-SORGO-BMR-DIFERIDOS-Y-VERDEOS-DE-INVIERNO-PUAN-4.webp\" data-elementor-open-lightbox=\"yes\" data-elementor-lightbox-slideshow=\"6079dedd\" data-elementor-lightbox-title=\"plantaci\u00f3n campo de Puan, para recria de terneros Brit\u00e1nicos\" data-elementor-lightbox-description=\"plantaci\u00f3n campo de Puan, para recria de terneros Brit\u00e1nicos\" data-e-action-hash=\"#elementor-action%3Aaction%3Dlightbox%26settings%3DeyJpZCI6NTE0NywidXJsIjoiaHR0cHM6XC9cL251dHJpY2lvbmRlYm92aW5vcy5hclwvd3AtY29udGVudFwvdXBsb2Fkc1wvMjAyM1wvMDdcL1JFQ1JJQS1ERS1URVJORVJPUy1CUklUQU5JQ09TLUNPTi1TT1JHTy1CTVItRElGRVJJRE9TLVktVkVSREVPUy1ERS1JTlZJRVJOTy1QVUFOLTQud2VicCIsInNsaWRlc2hvdyI6IjYwNzlkZWRkIn0%3D\">\n\t\t\t\t\t<div class=\"e-gallery-image elementor-gallery-item__image\" data-thumbnail=\"https:\/\/nutriciondebovinos.ar\/wp-content\/uploads\/2023\/07\/RECRIA-DE-TERNEROS-BRITANICOS-CON-SORGO-BMR-DIFERIDOS-Y-VERDEOS-DE-INVIERNO-PUAN-4.webp\" data-width=\"793\" data-height=\"600\" aria-label=\"plantaci\u00f3n campo de Puan, para recria de terneros Brit\u00e1nicos\" role=\"img\" ><\/div>\n\t\t\t\t\t\t\t\t\t\t\t<div class=\"elementor-gallery-item__overlay\"><\/div>\n\t\t\t\t\t\t\t\t\t\t\t\t\t\t<\/a>\n\t\t\t\t\t\t\t<a class=\"e-gallery-item elementor-gallery-item elementor-animated-content\" href=\"https:\/\/nutriciondebovinos.ar\/wp-content\/uploads\/2023\/07\/RECRIA-DE-TERNEROS-BRITANICOS-CON-SORGO-BMR-DIFERIDOS-Y-VERDEOS-DE-INVIERNO-PUAN-5.webp\" data-elementor-open-lightbox=\"yes\" data-elementor-lightbox-slideshow=\"6079dedd\" data-elementor-lightbox-title=\"Recria de terneros Brit\u00e1nicos\" data-elementor-lightbox-description=\"Recria de terneros Brit\u00e1nicos\" data-e-action-hash=\"#elementor-action%3Aaction%3Dlightbox%26settings%3DeyJpZCI6NTE0OCwidXJsIjoiaHR0cHM6XC9cL251dHJpY2lvbmRlYm92aW5vcy5hclwvd3AtY29udGVudFwvdXBsb2Fkc1wvMjAyM1wvMDdcL1JFQ1JJQS1ERS1URVJORVJPUy1CUklUQU5JQ09TLUNPTi1TT1JHTy1CTVItRElGRVJJRE9TLVktVkVSREVPUy1ERS1JTlZJRVJOTy1QVUFOLTUud2VicCIsInNsaWRlc2hvdyI6IjYwNzlkZWRkIn0%3D\">\n\t\t\t\t\t<div class=\"e-gallery-image elementor-gallery-item__image\" data-thumbnail=\"https:\/\/nutriciondebovinos.ar\/wp-content\/uploads\/2023\/07\/RECRIA-DE-TERNEROS-BRITANICOS-CON-SORGO-BMR-DIFERIDOS-Y-VERDEOS-DE-INVIERNO-PUAN-5.webp\" data-width=\"793\" data-height=\"600\" aria-label=\"Recria de terneros Brit\u00e1nicos\" role=\"img\" ><\/div>\n\t\t\t\t\t\t\t\t\t\t\t<div class=\"elementor-gallery-item__overlay\"><\/div>\n\t\t\t\t\t\t\t\t\t\t\t\t\t\t<\/a>\n\t\t\t\t\t\t\t<a class=\"e-gallery-item elementor-gallery-item elementor-animated-content\" href=\"https:\/\/nutriciondebovinos.ar\/wp-content\/uploads\/2023\/07\/RECRIA-DE-TERNEROS-BRITANICOS-CON-SORGO-BMR-DIFERIDOS-Y-VERDEOS-DE-INVIERNO-PUAN-6.webp\" data-elementor-open-lightbox=\"yes\" data-elementor-lightbox-slideshow=\"6079dedd\" data-elementor-lightbox-title=\"Sorgo BMR diferidos y verdeos de invierno\" data-elementor-lightbox-description=\"Sorgo BMR diferidos y verdeos de invierno\" data-e-action-hash=\"#elementor-action%3Aaction%3Dlightbox%26settings%3DeyJpZCI6NTE0OSwidXJsIjoiaHR0cHM6XC9cL251dHJpY2lvbmRlYm92aW5vcy5hclwvd3AtY29udGVudFwvdXBsb2Fkc1wvMjAyM1wvMDdcL1JFQ1JJQS1ERS1URVJORVJPUy1CUklUQU5JQ09TLUNPTi1TT1JHTy1CTVItRElGRVJJRE9TLVktVkVSREVPUy1ERS1JTlZJRVJOTy1QVUFOLTYud2VicCIsInNsaWRlc2hvdyI6IjYwNzlkZWRkIn0%3D\">\n\t\t\t\t\t<div class=\"e-gallery-image elementor-gallery-item__image\" data-thumbnail=\"https:\/\/nutriciondebovinos.ar\/wp-content\/uploads\/2023\/07\/RECRIA-DE-TERNEROS-BRITANICOS-CON-SORGO-BMR-DIFERIDOS-Y-VERDEOS-DE-INVIERNO-PUAN-6.webp\" data-width=\"793\" data-height=\"600\" aria-label=\"Sorgo BMR diferidos y verdeos de invierno\" role=\"img\" ><\/div>\n\t\t\t\t\t\t\t\t\t\t\t<div class=\"elementor-gallery-item__overlay\"><\/div>\n\t\t\t\t\t\t\t\t\t\t\t\t\t\t<\/a>\n\t\t\t\t\t\t\t<a class=\"e-gallery-item elementor-gallery-item elementor-animated-content\" href=\"https:\/\/nutriciondebovinos.ar\/wp-content\/uploads\/2023\/07\/RECRIA-DE-TERNEROS-BRITANICOS-CON-SORGO-BMR-DIFERIDOS-Y-VERDEOS-DE-INVIERNO-PUAN-7.webp\" data-elementor-open-lightbox=\"yes\" data-elementor-lightbox-slideshow=\"6079dedd\" data-elementor-lightbox-title=\"Sorgo BMR diferidos y verdeos de invierno para recria de terneros Brit\u00e1nicos\" data-elementor-lightbox-description=\"Sorgo BMR diferidos y verdeos de invierno para recria de terneros Brit\u00e1nicos\" data-e-action-hash=\"#elementor-action%3Aaction%3Dlightbox%26settings%3DeyJpZCI6NTE1MCwidXJsIjoiaHR0cHM6XC9cL251dHJpY2lvbmRlYm92aW5vcy5hclwvd3AtY29udGVudFwvdXBsb2Fkc1wvMjAyM1wvMDdcL1JFQ1JJQS1ERS1URVJORVJPUy1CUklUQU5JQ09TLUNPTi1TT1JHTy1CTVItRElGRVJJRE9TLVktVkVSREVPUy1ERS1JTlZJRVJOTy1QVUFOLTcud2VicCIsInNsaWRlc2hvdyI6IjYwNzlkZWRkIn0%3D\">\n\t\t\t\t\t<div class=\"e-gallery-image elementor-gallery-item__image\" data-thumbnail=\"https:\/\/nutriciondebovinos.ar\/wp-content\/uploads\/2023\/07\/RECRIA-DE-TERNEROS-BRITANICOS-CON-SORGO-BMR-DIFERIDOS-Y-VERDEOS-DE-INVIERNO-PUAN-7.webp\" data-width=\"793\" data-height=\"600\" aria-label=\"Sorgo BMR diferidos y verdeos de invierno para recria de terneros Brit\u00e1nicos\" role=\"img\" ><\/div>\n\t\t\t\t\t\t\t\t\t\t\t<div class=\"elementor-gallery-item__overlay\"><\/div>\n\t\t\t\t\t\t\t\t\t\t\t\t\t\t<\/a>\n\t\t\t\t\t\t\t<a class=\"e-gallery-item elementor-gallery-item elementor-animated-content\" href=\"https:\/\/nutriciondebovinos.ar\/wp-content\/uploads\/2023\/07\/RECRIA-DE-TERNEROS-BRITANICOS-CON-SORGO-BMR-DIFERIDOS-Y-VERDEOS-DE-INVIERNO-PUAN-8.webp\" data-elementor-open-lightbox=\"yes\" data-elementor-lightbox-slideshow=\"6079dedd\" data-elementor-lightbox-title=\"Terneros Brit\u00e1nicos\" data-elementor-lightbox-description=\"Terneros Brit\u00e1nicos\" data-e-action-hash=\"#elementor-action%3Aaction%3Dlightbox%26settings%3DeyJpZCI6NTE1MSwidXJsIjoiaHR0cHM6XC9cL251dHJpY2lvbmRlYm92aW5vcy5hclwvd3AtY29udGVudFwvdXBsb2Fkc1wvMjAyM1wvMDdcL1JFQ1JJQS1ERS1URVJORVJPUy1CUklUQU5JQ09TLUNPTi1TT1JHTy1CTVItRElGRVJJRE9TLVktVkVSREVPUy1ERS1JTlZJRVJOTy1QVUFOLTgud2VicCIsInNsaWRlc2hvdyI6IjYwNzlkZWRkIn0%3D\">\n\t\t\t\t\t<div class=\"e-gallery-image elementor-gallery-item__image\" data-thumbnail=\"https:\/\/nutriciondebovinos.ar\/wp-content\/uploads\/2023\/07\/RECRIA-DE-TERNEROS-BRITANICOS-CON-SORGO-BMR-DIFERIDOS-Y-VERDEOS-DE-INVIERNO-PUAN-8.webp\" data-width=\"793\" data-height=\"600\" aria-label=\"Terneros Brit\u00e1nicos\" role=\"img\" ><\/div>\n\t\t\t\t\t\t\t\t\t\t\t<div class=\"elementor-gallery-item__overlay\"><\/div>\n\t\t\t\t\t\t\t\t\t\t\t\t\t\t<\/a>\n\t\t\t\t\t\t\t<a class=\"e-gallery-item elementor-gallery-item elementor-animated-content\" href=\"https:\/\/nutriciondebovinos.ar\/wp-content\/uploads\/2023\/07\/RECRIA-DE-TERNEROS-BRITANICOS-CON-SORGO-BMR-DIFERIDOS-Y-VERDEOS-DE-INVIERNO-PUAN-9.webp\" data-elementor-open-lightbox=\"yes\" data-elementor-lightbox-slideshow=\"6079dedd\" data-elementor-lightbox-title=\"Terneros Brit\u00e1nicos, en campo de Puan\" data-elementor-lightbox-description=\"Terneros Brit\u00e1nicos, en campo de Puan\" data-e-action-hash=\"#elementor-action%3Aaction%3Dlightbox%26settings%3DeyJpZCI6NTE1MiwidXJsIjoiaHR0cHM6XC9cL251dHJpY2lvbmRlYm92aW5vcy5hclwvd3AtY29udGVudFwvdXBsb2Fkc1wvMjAyM1wvMDdcL1JFQ1JJQS1ERS1URVJORVJPUy1CUklUQU5JQ09TLUNPTi1TT1JHTy1CTVItRElGRVJJRE9TLVktVkVSREVPUy1ERS1JTlZJRVJOTy1QVUFOLTkud2VicCIsInNsaWRlc2hvdyI6IjYwNzlkZWRkIn0%3D\">\n\t\t\t\t\t<div class=\"e-gallery-image elementor-gallery-item__image\" data-thumbnail=\"https:\/\/nutriciondebovinos.ar\/wp-content\/uploads\/2023\/07\/RECRIA-DE-TERNEROS-BRITANICOS-CON-SORGO-BMR-DIFERIDOS-Y-VERDEOS-DE-INVIERNO-PUAN-9.webp\" data-width=\"793\" data-height=\"600\" aria-label=\"Terneros Brit\u00e1nicos, en campo de Puan\" role=\"img\" ><\/div>\n\t\t\t\t\t\t\t\t\t\t\t<div class=\"elementor-gallery-item__overlay\"><\/div>\n\t\t\t\t\t\t\t\t\t\t\t\t\t\t<\/a>\n\t\t\t\t\t<\/div>\n\t\t\t\t\t<\/div>\n\t\t\t\t<\/div>\n\t\t\t\t\t<\/div>\n\t\t\t\t<\/div>\n\t\t\t\t<\/div>\n\t\t","protected":false},"excerpt":{"rendered":"","protected":false},"author":1,"featured_media":0,"parent":0,"menu_order":0,"comment_status":"closed","ping_status":"closed","template":"","meta":{"footnotes":""},"class_list":["post-5136","page","type-page","status-publish","hentry"],"yoast_head":"<!-- This site is optimized with the Yoast SEO plugin v27.3 - https:\/\/yoast.com\/product\/yoast-seo-wordpress\/ -->\n<title>Recria de terneros Brit\u00e1nicos con sorgos BMR<\/title>\n<meta name=\"description\" content=\"Galeria de imagenes de terneros Brit\u00e1nicos alimentados con sorgos BMR y verdeos de invierno en la localidad de Puan\" \/>\n<meta name=\"robots\" content=\"noindex, nofollow\" \/>\n<meta property=\"og:locale\" content=\"es_ES\" \/>\n<meta property=\"og:type\" content=\"article\" \/>\n<meta property=\"og:title\" content=\"Recria de terneros Brit\u00e1nicos con sorgos BMR\" \/>\n<meta property=\"og:description\" content=\"Galeria de imagenes de terneros Brit\u00e1nicos alimentados con sorgos BMR y verdeos de invierno en la localidad de Puan\" \/>\n<meta property=\"og:url\" content=\"https:\/\/nutriciondebovinos.ar\/index.php\/recria-de-terneros-britanicos-con-sorgos-bmr-diferidos-y-verdeos-de-invierno-puan\/\" \/>\n<meta property=\"og:site_name\" content=\"nutriciondebovinos\" \/>\n<meta property=\"article:modified_time\" content=\"2023-09-01T21:02:08+00:00\" \/>\n<meta property=\"og:image\" content=\"https:\/\/nutriciondebovinos.ar\/wp-content\/uploads\/2023\/06\/ganado.jpg\" \/>\n\t<meta property=\"og:image:width\" content=\"2000\" \/>\n\t<meta property=\"og:image:height\" content=\"1143\" \/>\n\t<meta property=\"og:image:type\" content=\"image\/jpeg\" \/>\n<meta name=\"twitter:card\" content=\"summary_large_image\" \/>\n<script type=\"application\/ld+json\" class=\"yoast-schema-graph\">{\"@context\":\"https:\\\/\\\/schema.org\",\"@graph\":[{\"@type\":\"WebPage\",\"@id\":\"https:\\\/\\\/nutriciondebovinos.ar\\\/index.php\\\/recria-de-terneros-britanicos-con-sorgos-bmr-diferidos-y-verdeos-de-invierno-puan\\\/\",\"url\":\"https:\\\/\\\/nutriciondebovinos.ar\\\/index.php\\\/recria-de-terneros-britanicos-con-sorgos-bmr-diferidos-y-verdeos-de-invierno-puan\\\/\",\"name\":\"Recria de terneros Brit\u00e1nicos con sorgos BMR\",\"isPartOf\":{\"@id\":\"https:\\\/\\\/nutriciondebovinos.ar\\\/#website\"},\"datePublished\":\"2023-07-28T15:43:19+00:00\",\"dateModified\":\"2023-09-01T21:02:08+00:00\",\"description\":\"Galeria de imagenes de terneros Brit\u00e1nicos alimentados con sorgos BMR y verdeos de invierno en la localidad de Puan\",\"breadcrumb\":{\"@id\":\"https:\\\/\\\/nutriciondebovinos.ar\\\/index.php\\\/recria-de-terneros-britanicos-con-sorgos-bmr-diferidos-y-verdeos-de-invierno-puan\\\/#breadcrumb\"},\"inLanguage\":\"es-AR\",\"potentialAction\":[{\"@type\":\"ReadAction\",\"target\":[\"https:\\\/\\\/nutriciondebovinos.ar\\\/index.php\\\/recria-de-terneros-britanicos-con-sorgos-bmr-diferidos-y-verdeos-de-invierno-puan\\\/\"]}]},{\"@type\":\"BreadcrumbList\",\"@id\":\"https:\\\/\\\/nutriciondebovinos.ar\\\/index.php\\\/recria-de-terneros-britanicos-con-sorgos-bmr-diferidos-y-verdeos-de-invierno-puan\\\/#breadcrumb\",\"itemListElement\":[{\"@type\":\"ListItem\",\"position\":1,\"name\":\"Inicio\",\"item\":\"https:\\\/\\\/nutriciondebovinos.ar\\\/\"},{\"@type\":\"ListItem\",\"position\":2,\"name\":\"Recr\u00eda de terneros Brit\u00e1nicos con sorgos BMR diferidos y verdeos de invierno (Pu\u00e1n)\"}]},{\"@type\":\"WebSite\",\"@id\":\"https:\\\/\\\/nutriciondebovinos.ar\\\/#website\",\"url\":\"https:\\\/\\\/nutriciondebovinos.ar\\\/\",\"name\":\"Nutrici\u00f3n de Bovinos\",\"description\":\"Sitio Web sobre Nutrici\u00f3n de Rumiantes y Gesti\u00f3n Ganadera, tiene como finalidad representar un espacio com\u00fan de discusi\u00f3n, difusi\u00f3n y transferencia de conocimientos entre el mundo cient\u00edfico-t\u00e9cnico\",\"publisher\":{\"@id\":\"https:\\\/\\\/nutriciondebovinos.ar\\\/#\\\/schema\\\/person\\\/0728d66fb1fe97c3333f40ee2e09e263\"},\"potentialAction\":[{\"@type\":\"SearchAction\",\"target\":{\"@type\":\"EntryPoint\",\"urlTemplate\":\"https:\\\/\\\/nutriciondebovinos.ar\\\/?s={search_term_string}\"},\"query-input\":{\"@type\":\"PropertyValueSpecification\",\"valueRequired\":true,\"valueName\":\"search_term_string\"}}],\"inLanguage\":\"es-AR\"},{\"@type\":[\"Person\",\"Organization\"],\"@id\":\"https:\\\/\\\/nutriciondebovinos.ar\\\/#\\\/schema\\\/person\\\/0728d66fb1fe97c3333f40ee2e09e263\",\"name\":\"nutricion.portafoliosweb.com.ar\",\"image\":{\"@type\":\"ImageObject\",\"inLanguage\":\"es-AR\",\"@id\":\"https:\\\/\\\/nutriciondebovinos.ar\\\/wp-content\\\/uploads\\\/2023\\\/08\\\/cropped-cow-logo.png\",\"url\":\"https:\\\/\\\/nutriciondebovinos.ar\\\/wp-content\\\/uploads\\\/2023\\\/08\\\/cropped-cow-logo.png\",\"contentUrl\":\"https:\\\/\\\/nutriciondebovinos.ar\\\/wp-content\\\/uploads\\\/2023\\\/08\\\/cropped-cow-logo.png\",\"width\":2998,\"height\":1909,\"caption\":\"nutricion.portafoliosweb.com.ar\"},\"logo\":{\"@id\":\"https:\\\/\\\/nutriciondebovinos.ar\\\/wp-content\\\/uploads\\\/2023\\\/08\\\/cropped-cow-logo.png\"},\"sameAs\":[\"http:\\\/\\\/nutriciondebovinos.ar\"]}]}<\/script>\n<!-- \/ Yoast SEO plugin. -->","yoast_head_json":{"title":"Recria de terneros Brit\u00e1nicos con sorgos BMR","description":"Galeria de imagenes de terneros Brit\u00e1nicos alimentados con sorgos BMR y verdeos de invierno en la localidad de Puan","robots":{"index":"noindex","follow":"nofollow"},"og_locale":"es_ES","og_type":"article","og_title":"Recria de terneros Brit\u00e1nicos con sorgos BMR","og_description":"Galeria de imagenes de terneros Brit\u00e1nicos alimentados con sorgos BMR y verdeos de invierno en la localidad de Puan","og_url":"https:\/\/nutriciondebovinos.ar\/index.php\/recria-de-terneros-britanicos-con-sorgos-bmr-diferidos-y-verdeos-de-invierno-puan\/","og_site_name":"nutriciondebovinos","article_modified_time":"2023-09-01T21:02:08+00:00","og_image":[{"width":2000,"height":1143,"url":"https:\/\/nutriciondebovinos.ar\/wp-content\/uploads\/2023\/06\/ganado.jpg","type":"image\/jpeg"}],"twitter_card":"summary_large_image","schema":{"@context":"https:\/\/schema.org","@graph":[{"@type":"WebPage","@id":"https:\/\/nutriciondebovinos.ar\/index.php\/recria-de-terneros-britanicos-con-sorgos-bmr-diferidos-y-verdeos-de-invierno-puan\/","url":"https:\/\/nutriciondebovinos.ar\/index.php\/recria-de-terneros-britanicos-con-sorgos-bmr-diferidos-y-verdeos-de-invierno-puan\/","name":"Recria de terneros Brit\u00e1nicos con sorgos BMR","isPartOf":{"@id":"https:\/\/nutriciondebovinos.ar\/#website"},"datePublished":"2023-07-28T15:43:19+00:00","dateModified":"2023-09-01T21:02:08+00:00","description":"Galeria de imagenes de terneros Brit\u00e1nicos alimentados con sorgos BMR y verdeos de invierno en la localidad de Puan","breadcrumb":{"@id":"https:\/\/nutriciondebovinos.ar\/index.php\/recria-de-terneros-britanicos-con-sorgos-bmr-diferidos-y-verdeos-de-invierno-puan\/#breadcrumb"},"inLanguage":"es-AR","potentialAction":[{"@type":"ReadAction","target":["https:\/\/nutriciondebovinos.ar\/index.php\/recria-de-terneros-britanicos-con-sorgos-bmr-diferidos-y-verdeos-de-invierno-puan\/"]}]},{"@type":"BreadcrumbList","@id":"https:\/\/nutriciondebovinos.ar\/index.php\/recria-de-terneros-britanicos-con-sorgos-bmr-diferidos-y-verdeos-de-invierno-puan\/#breadcrumb","itemListElement":[{"@type":"ListItem","position":1,"name":"Inicio","item":"https:\/\/nutriciondebovinos.ar\/"},{"@type":"ListItem","position":2,"name":"Recr\u00eda de terneros Brit\u00e1nicos con sorgos BMR diferidos y verdeos de invierno (Pu\u00e1n)"}]},{"@type":"WebSite","@id":"https:\/\/nutriciondebovinos.ar\/#website","url":"https:\/\/nutriciondebovinos.ar\/","name":"Nutrici\u00f3n de Bovinos","description":"Sitio Web sobre Nutrici\u00f3n de Rumiantes y Gesti\u00f3n Ganadera, tiene como finalidad representar un espacio com\u00fan de discusi\u00f3n, difusi\u00f3n y transferencia de conocimientos entre el mundo cient\u00edfico-t\u00e9cnico","publisher":{"@id":"https:\/\/nutriciondebovinos.ar\/#\/schema\/person\/0728d66fb1fe97c3333f40ee2e09e263"},"potentialAction":[{"@type":"SearchAction","target":{"@type":"EntryPoint","urlTemplate":"https:\/\/nutriciondebovinos.ar\/?s={search_term_string}"},"query-input":{"@type":"PropertyValueSpecification","valueRequired":true,"valueName":"search_term_string"}}],"inLanguage":"es-AR"},{"@type":["Person","Organization"],"@id":"https:\/\/nutriciondebovinos.ar\/#\/schema\/person\/0728d66fb1fe97c3333f40ee2e09e263","name":"nutricion.portafoliosweb.com.ar","image":{"@type":"ImageObject","inLanguage":"es-AR","@id":"https:\/\/nutriciondebovinos.ar\/wp-content\/uploads\/2023\/08\/cropped-cow-logo.png","url":"https:\/\/nutriciondebovinos.ar\/wp-content\/uploads\/2023\/08\/cropped-cow-logo.png","contentUrl":"https:\/\/nutriciondebovinos.ar\/wp-content\/uploads\/2023\/08\/cropped-cow-logo.png","width":2998,"height":1909,"caption":"nutricion.portafoliosweb.com.ar"},"logo":{"@id":"https:\/\/nutriciondebovinos.ar\/wp-content\/uploads\/2023\/08\/cropped-cow-logo.png"},"sameAs":["http:\/\/nutriciondebovinos.ar"]}]}},"_links":{"self":[{"href":"https:\/\/nutriciondebovinos.ar\/index.php\/wp-json\/wp\/v2\/pages\/5136","targetHints":{"allow":["GET"]}}],"collection":[{"href":"https:\/\/nutriciondebovinos.ar\/index.php\/wp-json\/wp\/v2\/pages"}],"about":[{"href":"https:\/\/nutriciondebovinos.ar\/index.php\/wp-json\/wp\/v2\/types\/page"}],"author":[{"embeddable":true,"href":"https:\/\/nutriciondebovinos.ar\/index.php\/wp-json\/wp\/v2\/users\/1"}],"replies":[{"embeddable":true,"href":"https:\/\/nutriciondebovinos.ar\/index.php\/wp-json\/wp\/v2\/comments?post=5136"}],"version-history":[{"count":11,"href":"https:\/\/nutriciondebovinos.ar\/index.php\/wp-json\/wp\/v2\/pages\/5136\/revisions"}],"predecessor-version":[{"id":8506,"href":"https:\/\/nutriciondebovinos.ar\/index.php\/wp-json\/wp\/v2\/pages\/5136\/revisions\/8506"}],"wp:attachment":[{"href":"https:\/\/nutriciondebovinos.ar\/index.php\/wp-json\/wp\/v2\/media?parent=5136"}],"curies":[{"name":"wp","href":"https:\/\/api.w.org\/{rel}","templated":true}]}}