{"id":5176,"date":"2023-07-28T12:54:51","date_gmt":"2023-07-28T15:54:51","guid":{"rendered":"http:\/\/nutriciondebovinos.ar\/?page_id=5176"},"modified":"2023-09-01T17:02:49","modified_gmt":"2023-09-01T20:02:49","slug":"engorde-pastoril-de-novillitos-britanicos-bonifacio-guamini","status":"publish","type":"page","link":"https:\/\/nutriciondebovinos.ar\/index.php\/engorde-pastoril-de-novillitos-britanicos-bonifacio-guamini\/","title":{"rendered":"Engorde pastoril de novillitos Brit\u00e1nicos (Bonifacio Guamini)"},"content":{"rendered":"\t\t<div data-elementor-type=\"wp-page\" data-elementor-id=\"5176\" class=\"elementor elementor-5176\" data-elementor-post-type=\"page\">\n\t\t\t\t<div class=\"elementor-element elementor-element-7c608037 e-flex e-con-boxed e-con e-parent\" data-id=\"7c608037\" data-element_type=\"container\" data-e-type=\"container\">\n\t\t\t\t\t<div class=\"e-con-inner\">\n\t\t\t\t\t<\/div>\n\t\t\t\t<\/div>\n\t\t<div class=\"elementor-element elementor-element-e96d5d8 e-flex e-con-boxed e-con e-parent\" data-id=\"e96d5d8\" data-element_type=\"container\" data-e-type=\"container\" data-settings=\"{&quot;background_background&quot;:&quot;classic&quot;}\">\n\t\t\t\t\t<div class=\"e-con-inner\">\n\t\t\t\t<div class=\"elementor-element elementor-element-5dc81260 elementor-widget-mobile__width-inherit elementor-widget elementor-widget-gallery\" data-id=\"5dc81260\" data-element_type=\"widget\" data-e-type=\"widget\" data-settings=\"{&quot;columns&quot;:3,&quot;gap&quot;:{&quot;unit&quot;:&quot;px&quot;,&quot;size&quot;:22,&quot;sizes&quot;:[]},&quot;content_hover_animation&quot;:&quot;shrink&quot;,&quot;content_sequenced_animation&quot;:&quot;yes&quot;,&quot;lazyload&quot;:&quot;yes&quot;,&quot;gallery_layout&quot;:&quot;grid&quot;,&quot;columns_tablet&quot;:2,&quot;columns_mobile&quot;:1,&quot;gap_tablet&quot;:{&quot;unit&quot;:&quot;px&quot;,&quot;size&quot;:10,&quot;sizes&quot;:[]},&quot;gap_mobile&quot;:{&quot;unit&quot;:&quot;px&quot;,&quot;size&quot;:10,&quot;sizes&quot;:[]},&quot;link_to&quot;:&quot;file&quot;,&quot;aspect_ratio&quot;:&quot;3:2&quot;,&quot;overlay_background&quot;:&quot;yes&quot;}\" data-widget_type=\"gallery.default\">\n\t\t\t\t<div class=\"elementor-widget-container\">\n\t\t\t\t\t\t\t<div class=\"elementor-gallery__container\">\n\t\t\t\t\t\t\t<a class=\"e-gallery-item elementor-gallery-item elementor-animated-content\" href=\"https:\/\/nutriciondebovinos.ar\/wp-content\/uploads\/2023\/07\/ENGORDE-PASTORIL-DE-NOVILLITOS-BRITANICOS-BONIFACIO-GUAMINI-4.webp\" data-elementor-open-lightbox=\"yes\" data-elementor-lightbox-slideshow=\"5dc81260\" data-elementor-lightbox-title=\"Engorde pastoril de novillitos Brit\u00e1nicos (Bonifacio Guamini)\" data-elementor-lightbox-description=\"Engorde pastoril de novillitos Brit\u00e1nicos (Bonifacio Guamini)\" data-e-action-hash=\"#elementor-action%3Aaction%3Dlightbox%26settings%3DeyJpZCI6NTE4MSwidXJsIjoiaHR0cHM6XC9cL251dHJpY2lvbmRlYm92aW5vcy5hclwvd3AtY29udGVudFwvdXBsb2Fkc1wvMjAyM1wvMDdcL0VOR09SREUtUEFTVE9SSUwtREUtTk9WSUxMSVRPUy1CUklUQU5JQ09TLUJPTklGQUNJTy1HVUFNSU5JLTQud2VicCIsInNsaWRlc2hvdyI6IjVkYzgxMjYwIn0%3D\">\n\t\t\t\t\t<div class=\"e-gallery-image elementor-gallery-item__image\" data-thumbnail=\"https:\/\/nutriciondebovinos.ar\/wp-content\/uploads\/2023\/07\/ENGORDE-PASTORIL-DE-NOVILLITOS-BRITANICOS-BONIFACIO-GUAMINI-4.webp\" data-width=\"800\" data-height=\"450\" aria-label=\"Engorde pastoril de novillitos Brit\u00e1nicos (Bonifacio Guamini)\" role=\"img\" ><\/div>\n\t\t\t\t\t\t\t\t\t\t\t<div class=\"elementor-gallery-item__overlay\"><\/div>\n\t\t\t\t\t\t\t\t\t\t\t\t\t\t<\/a>\n\t\t\t\t\t\t\t<a class=\"e-gallery-item elementor-gallery-item elementor-animated-content\" href=\"https:\/\/nutriciondebovinos.ar\/wp-content\/uploads\/2023\/07\/ENGORDE-PASTORIL-DE-NOVILLITOS-BRITANICOS-BONIFACIO-GUAMINI-5.webp\" data-elementor-open-lightbox=\"yes\" data-elementor-lightbox-slideshow=\"5dc81260\" data-elementor-lightbox-title=\"Novillo Brit\u00e1nico\" data-elementor-lightbox-description=\"Novillo Brit\u00e1nico\" data-e-action-hash=\"#elementor-action%3Aaction%3Dlightbox%26settings%3DeyJpZCI6NTE4MiwidXJsIjoiaHR0cHM6XC9cL251dHJpY2lvbmRlYm92aW5vcy5hclwvd3AtY29udGVudFwvdXBsb2Fkc1wvMjAyM1wvMDdcL0VOR09SREUtUEFTVE9SSUwtREUtTk9WSUxMSVRPUy1CUklUQU5JQ09TLUJPTklGQUNJTy1HVUFNSU5JLTUud2VicCIsInNsaWRlc2hvdyI6IjVkYzgxMjYwIn0%3D\">\n\t\t\t\t\t<div class=\"e-gallery-image elementor-gallery-item__image\" data-thumbnail=\"https:\/\/nutriciondebovinos.ar\/wp-content\/uploads\/2023\/07\/ENGORDE-PASTORIL-DE-NOVILLITOS-BRITANICOS-BONIFACIO-GUAMINI-5.webp\" data-width=\"800\" data-height=\"600\" aria-label=\"Novillo Brit\u00e1nico\" role=\"img\" ><\/div>\n\t\t\t\t\t\t\t\t\t\t\t<div class=\"elementor-gallery-item__overlay\"><\/div>\n\t\t\t\t\t\t\t\t\t\t\t\t\t\t<\/a>\n\t\t\t\t\t\t\t<a class=\"e-gallery-item elementor-gallery-item elementor-animated-content\" href=\"https:\/\/nutriciondebovinos.ar\/wp-content\/uploads\/2023\/07\/ENGORDE-PASTORIL-DE-NOVILLITOS-BRITANICOS-BONIFACIO-GUAMINI-6.webp\" data-elementor-open-lightbox=\"yes\" data-elementor-lightbox-slideshow=\"5dc81260\" data-elementor-lightbox-title=\"Novillo Brit\u00e1nico en campo Guamini\" data-elementor-lightbox-description=\"Novillo Brit\u00e1nico en campo Guamini\" data-e-action-hash=\"#elementor-action%3Aaction%3Dlightbox%26settings%3DeyJpZCI6NTE4MywidXJsIjoiaHR0cHM6XC9cL251dHJpY2lvbmRlYm92aW5vcy5hclwvd3AtY29udGVudFwvdXBsb2Fkc1wvMjAyM1wvMDdcL0VOR09SREUtUEFTVE9SSUwtREUtTk9WSUxMSVRPUy1CUklUQU5JQ09TLUJPTklGQUNJTy1HVUFNSU5JLTYud2VicCIsInNsaWRlc2hvdyI6IjVkYzgxMjYwIn0%3D\">\n\t\t\t\t\t<div class=\"e-gallery-image elementor-gallery-item__image\" data-thumbnail=\"https:\/\/nutriciondebovinos.ar\/wp-content\/uploads\/2023\/07\/ENGORDE-PASTORIL-DE-NOVILLITOS-BRITANICOS-BONIFACIO-GUAMINI-6.webp\" data-width=\"800\" data-height=\"600\" aria-label=\"Novillo Brit\u00e1nico en campo Guamini\" role=\"img\" ><\/div>\n\t\t\t\t\t\t\t\t\t\t\t<div class=\"elementor-gallery-item__overlay\"><\/div>\n\t\t\t\t\t\t\t\t\t\t\t\t\t\t<\/a>\n\t\t\t\t\t\t\t<a class=\"e-gallery-item elementor-gallery-item elementor-animated-content\" href=\"https:\/\/nutriciondebovinos.ar\/wp-content\/uploads\/2023\/07\/ENGORDE-PASTORIL-DE-NOVILLITOS-BRITANICOS-BONIFACIO-GUAMINI-7.webp\" data-elementor-open-lightbox=\"yes\" data-elementor-lightbox-slideshow=\"5dc81260\" data-elementor-lightbox-title=\"Novillos Brit\u00e1nicos, en campo\" data-elementor-lightbox-description=\"Novillos Brit\u00e1nicos, en campo \" data-e-action-hash=\"#elementor-action%3Aaction%3Dlightbox%26settings%3DeyJpZCI6NTE4NCwidXJsIjoiaHR0cHM6XC9cL251dHJpY2lvbmRlYm92aW5vcy5hclwvd3AtY29udGVudFwvdXBsb2Fkc1wvMjAyM1wvMDdcL0VOR09SREUtUEFTVE9SSUwtREUtTk9WSUxMSVRPUy1CUklUQU5JQ09TLUJPTklGQUNJTy1HVUFNSU5JLTcud2VicCIsInNsaWRlc2hvdyI6IjVkYzgxMjYwIn0%3D\">\n\t\t\t\t\t<div class=\"e-gallery-image elementor-gallery-item__image\" data-thumbnail=\"https:\/\/nutriciondebovinos.ar\/wp-content\/uploads\/2023\/07\/ENGORDE-PASTORIL-DE-NOVILLITOS-BRITANICOS-BONIFACIO-GUAMINI-7.webp\" data-width=\"800\" data-height=\"600\" aria-label=\"Novillos Brit\u00e1nicos, en campo\" role=\"img\" ><\/div>\n\t\t\t\t\t\t\t\t\t\t\t<div class=\"elementor-gallery-item__overlay\"><\/div>\n\t\t\t\t\t\t\t\t\t\t\t\t\t\t<\/a>\n\t\t\t\t\t\t\t<a class=\"e-gallery-item elementor-gallery-item elementor-animated-content\" href=\"https:\/\/nutriciondebovinos.ar\/wp-content\/uploads\/2023\/07\/ENGORDE-PASTORIL-DE-NOVILLITOS-BRITANICOS-BONIFACIO-GUAMINI-8.webp\" data-elementor-open-lightbox=\"yes\" data-elementor-lightbox-slideshow=\"5dc81260\" data-elementor-lightbox-title=\"Novillos Brit\u00e1nicos, pastando\" data-elementor-lightbox-description=\"Novillos Brit\u00e1nicos, pastando\" data-e-action-hash=\"#elementor-action%3Aaction%3Dlightbox%26settings%3DeyJpZCI6NTE4NSwidXJsIjoiaHR0cHM6XC9cL251dHJpY2lvbmRlYm92aW5vcy5hclwvd3AtY29udGVudFwvdXBsb2Fkc1wvMjAyM1wvMDdcL0VOR09SREUtUEFTVE9SSUwtREUtTk9WSUxMSVRPUy1CUklUQU5JQ09TLUJPTklGQUNJTy1HVUFNSU5JLTgud2VicCIsInNsaWRlc2hvdyI6IjVkYzgxMjYwIn0%3D\">\n\t\t\t\t\t<div class=\"e-gallery-image elementor-gallery-item__image\" data-thumbnail=\"https:\/\/nutriciondebovinos.ar\/wp-content\/uploads\/2023\/07\/ENGORDE-PASTORIL-DE-NOVILLITOS-BRITANICOS-BONIFACIO-GUAMINI-8.webp\" data-width=\"800\" data-height=\"600\" aria-label=\"Novillos Brit\u00e1nicos, pastando\" role=\"img\" ><\/div>\n\t\t\t\t\t\t\t\t\t\t\t<div class=\"elementor-gallery-item__overlay\"><\/div>\n\t\t\t\t\t\t\t\t\t\t\t\t\t\t<\/a>\n\t\t\t\t\t\t\t<a class=\"e-gallery-item elementor-gallery-item elementor-animated-content\" href=\"https:\/\/nutriciondebovinos.ar\/wp-content\/uploads\/2023\/07\/ENGORDE-PASTORIL-DE-NOVILLITOS-BRITANICOS-BONIFACIO-GUAMINI-9.webp\" data-elementor-open-lightbox=\"yes\" data-elementor-lightbox-slideshow=\"5dc81260\" data-elementor-lightbox-title=\"Novillo Brit\u00e1nico, en campo Bonifacio Guamini\" data-elementor-lightbox-description=\"Novillo Brit\u00e1nico, en campo Bonifacio Guamini\" data-e-action-hash=\"#elementor-action%3Aaction%3Dlightbox%26settings%3DeyJpZCI6NTE4NiwidXJsIjoiaHR0cHM6XC9cL251dHJpY2lvbmRlYm92aW5vcy5hclwvd3AtY29udGVudFwvdXBsb2Fkc1wvMjAyM1wvMDdcL0VOR09SREUtUEFTVE9SSUwtREUtTk9WSUxMSVRPUy1CUklUQU5JQ09TLUJPTklGQUNJTy1HVUFNSU5JLTkud2VicCIsInNsaWRlc2hvdyI6IjVkYzgxMjYwIn0%3D\">\n\t\t\t\t\t<div class=\"e-gallery-image elementor-gallery-item__image\" data-thumbnail=\"https:\/\/nutriciondebovinos.ar\/wp-content\/uploads\/2023\/07\/ENGORDE-PASTORIL-DE-NOVILLITOS-BRITANICOS-BONIFACIO-GUAMINI-9.webp\" data-width=\"800\" data-height=\"600\" aria-label=\"Novillo Brit\u00e1nico, en campo Bonifacio Guamini\" role=\"img\" ><\/div>\n\t\t\t\t\t\t\t\t\t\t\t<div class=\"elementor-gallery-item__overlay\"><\/div>\n\t\t\t\t\t\t\t\t\t\t\t\t\t\t<\/a>\n\t\t\t\t\t\t\t<a class=\"e-gallery-item elementor-gallery-item elementor-animated-content\" href=\"https:\/\/nutriciondebovinos.ar\/wp-content\/uploads\/2023\/07\/ENGORDE-PASTORIL-DE-NOVILLITOS-BRITANICOS-BONIFACIO-GUAMINI-10.webp\" data-elementor-open-lightbox=\"yes\" data-elementor-lightbox-slideshow=\"5dc81260\" data-elementor-lightbox-title=\"Engorde de novillos Brit\u00e1nicos con pasto\" data-elementor-lightbox-description=\"Engorde de novillos Brit\u00e1nicos con pasto\" data-e-action-hash=\"#elementor-action%3Aaction%3Dlightbox%26settings%3DeyJpZCI6NTE4NywidXJsIjoiaHR0cHM6XC9cL251dHJpY2lvbmRlYm92aW5vcy5hclwvd3AtY29udGVudFwvdXBsb2Fkc1wvMjAyM1wvMDdcL0VOR09SREUtUEFTVE9SSUwtREUtTk9WSUxMSVRPUy1CUklUQU5JQ09TLUJPTklGQUNJTy1HVUFNSU5JLTEwLndlYnAiLCJzbGlkZXNob3ciOiI1ZGM4MTI2MCJ9\">\n\t\t\t\t\t<div class=\"e-gallery-image elementor-gallery-item__image\" data-thumbnail=\"https:\/\/nutriciondebovinos.ar\/wp-content\/uploads\/2023\/07\/ENGORDE-PASTORIL-DE-NOVILLITOS-BRITANICOS-BONIFACIO-GUAMINI-10.webp\" data-width=\"800\" data-height=\"450\" aria-label=\"Engorde de novillos Brit\u00e1nicos con pasto\" role=\"img\" ><\/div>\n\t\t\t\t\t\t\t\t\t\t\t<div class=\"elementor-gallery-item__overlay\"><\/div>\n\t\t\t\t\t\t\t\t\t\t\t\t\t\t<\/a>\n\t\t\t\t\t\t\t<a class=\"e-gallery-item elementor-gallery-item elementor-animated-content\" href=\"https:\/\/nutriciondebovinos.ar\/wp-content\/uploads\/2023\/07\/ENGORDE-PASTORIL-DE-NOVILLITOS-BRITANICOS-BONIFACIO-GUAMINI-11.webp\" data-elementor-open-lightbox=\"yes\" data-elementor-lightbox-slideshow=\"5dc81260\" data-elementor-lightbox-title=\"Novillo marron Brit\u00e1nico\" data-elementor-lightbox-description=\"Novillo marron Brit\u00e1nico\" data-e-action-hash=\"#elementor-action%3Aaction%3Dlightbox%26settings%3DeyJpZCI6NTE4OCwidXJsIjoiaHR0cHM6XC9cL251dHJpY2lvbmRlYm92aW5vcy5hclwvd3AtY29udGVudFwvdXBsb2Fkc1wvMjAyM1wvMDdcL0VOR09SREUtUEFTVE9SSUwtREUtTk9WSUxMSVRPUy1CUklUQU5JQ09TLUJPTklGQUNJTy1HVUFNSU5JLTExLndlYnAiLCJzbGlkZXNob3ciOiI1ZGM4MTI2MCJ9\">\n\t\t\t\t\t<div class=\"e-gallery-image elementor-gallery-item__image\" data-thumbnail=\"https:\/\/nutriciondebovinos.ar\/wp-content\/uploads\/2023\/07\/ENGORDE-PASTORIL-DE-NOVILLITOS-BRITANICOS-BONIFACIO-GUAMINI-11.webp\" data-width=\"800\" data-height=\"450\" aria-label=\"Novillo marron Brit\u00e1nico\" role=\"img\" ><\/div>\n\t\t\t\t\t\t\t\t\t\t\t<div class=\"elementor-gallery-item__overlay\"><\/div>\n\t\t\t\t\t\t\t\t\t\t\t\t\t\t<\/a>\n\t\t\t\t\t\t\t<a class=\"e-gallery-item elementor-gallery-item elementor-animated-content\" href=\"https:\/\/nutriciondebovinos.ar\/wp-content\/uploads\/2023\/07\/ENGORDE-PASTORIL-DE-NOVILLITOS-BRITANICOS-BONIFACIO-GUAMINI-12.webp\" data-elementor-open-lightbox=\"yes\" data-elementor-lightbox-slideshow=\"5dc81260\" data-elementor-lightbox-title=\"Novillos Brit\u00e1nicos en campo con pastos verdes\" data-elementor-lightbox-description=\"Novillos Brit\u00e1nicos en campo con pastos verdes\" data-e-action-hash=\"#elementor-action%3Aaction%3Dlightbox%26settings%3DeyJpZCI6NTE4OSwidXJsIjoiaHR0cHM6XC9cL251dHJpY2lvbmRlYm92aW5vcy5hclwvd3AtY29udGVudFwvdXBsb2Fkc1wvMjAyM1wvMDdcL0VOR09SREUtUEFTVE9SSUwtREUtTk9WSUxMSVRPUy1CUklUQU5JQ09TLUJPTklGQUNJTy1HVUFNSU5JLTEyLndlYnAiLCJzbGlkZXNob3ciOiI1ZGM4MTI2MCJ9\">\n\t\t\t\t\t<div class=\"e-gallery-image elementor-gallery-item__image\" data-thumbnail=\"https:\/\/nutriciondebovinos.ar\/wp-content\/uploads\/2023\/07\/ENGORDE-PASTORIL-DE-NOVILLITOS-BRITANICOS-BONIFACIO-GUAMINI-12.webp\" data-width=\"800\" data-height=\"450\" aria-label=\"Novillos Brit\u00e1nicos en campo con pastos verdes\" role=\"img\" ><\/div>\n\t\t\t\t\t\t\t\t\t\t\t<div class=\"elementor-gallery-item__overlay\"><\/div>\n\t\t\t\t\t\t\t\t\t\t\t\t\t\t<\/a>\n\t\t\t\t\t\t\t<a class=\"e-gallery-item elementor-gallery-item elementor-animated-content\" href=\"https:\/\/nutriciondebovinos.ar\/wp-content\/uploads\/2023\/07\/ENGORDE-PASTORIL-DE-NOVILLITOS-BRITANICOS-BONIFACIO-GUAMINI-.webp\" data-elementor-open-lightbox=\"yes\" data-elementor-lightbox-slideshow=\"5dc81260\" data-elementor-lightbox-title=\"Novillo Brit\u00e1nico marron\" data-elementor-lightbox-description=\"Novillo Brit\u00e1nico marron\" data-e-action-hash=\"#elementor-action%3Aaction%3Dlightbox%26settings%3DeyJpZCI6NTE5MCwidXJsIjoiaHR0cHM6XC9cL251dHJpY2lvbmRlYm92aW5vcy5hclwvd3AtY29udGVudFwvdXBsb2Fkc1wvMjAyM1wvMDdcL0VOR09SREUtUEFTVE9SSUwtREUtTk9WSUxMSVRPUy1CUklUQU5JQ09TLUJPTklGQUNJTy1HVUFNSU5JLS53ZWJwIiwic2xpZGVzaG93IjoiNWRjODEyNjAifQ%3D%3D\">\n\t\t\t\t\t<div class=\"e-gallery-image elementor-gallery-item__image\" data-thumbnail=\"https:\/\/nutriciondebovinos.ar\/wp-content\/uploads\/2023\/07\/ENGORDE-PASTORIL-DE-NOVILLITOS-BRITANICOS-BONIFACIO-GUAMINI-.webp\" data-width=\"795\" data-height=\"600\" aria-label=\"Novillo Brit\u00e1nico marron\" role=\"img\" ><\/div>\n\t\t\t\t\t\t\t\t\t\t\t<div class=\"elementor-gallery-item__overlay\"><\/div>\n\t\t\t\t\t\t\t\t\t\t\t\t\t\t<\/a>\n\t\t\t\t\t\t\t<a class=\"e-gallery-item elementor-gallery-item elementor-animated-content\" href=\"https:\/\/nutriciondebovinos.ar\/wp-content\/uploads\/2023\/07\/ENGORDE-PASTORIL-DE-NOVILLITOS-BRITANICOS-BONIFACIO-GUAMINI-2.webp\" data-elementor-open-lightbox=\"yes\" data-elementor-lightbox-slideshow=\"5dc81260\" data-elementor-lightbox-title=\"Engorde pastoril de novillitos Brit\u00e1nicos\" data-elementor-lightbox-description=\"Engorde pastoril de novillitos Brit\u00e1nicos\" data-e-action-hash=\"#elementor-action%3Aaction%3Dlightbox%26settings%3DeyJpZCI6NTE5MSwidXJsIjoiaHR0cHM6XC9cL251dHJpY2lvbmRlYm92aW5vcy5hclwvd3AtY29udGVudFwvdXBsb2Fkc1wvMjAyM1wvMDdcL0VOR09SREUtUEFTVE9SSUwtREUtTk9WSUxMSVRPUy1CUklUQU5JQ09TLUJPTklGQUNJTy1HVUFNSU5JLTIud2VicCIsInNsaWRlc2hvdyI6IjVkYzgxMjYwIn0%3D\">\n\t\t\t\t\t<div class=\"e-gallery-image elementor-gallery-item__image\" data-thumbnail=\"https:\/\/nutriciondebovinos.ar\/wp-content\/uploads\/2023\/07\/ENGORDE-PASTORIL-DE-NOVILLITOS-BRITANICOS-BONIFACIO-GUAMINI-2.webp\" data-width=\"800\" data-height=\"450\" aria-label=\"Engorde pastoril de novillitos Brit\u00e1nicos\" role=\"img\" ><\/div>\n\t\t\t\t\t\t\t\t\t\t\t<div class=\"elementor-gallery-item__overlay\"><\/div>\n\t\t\t\t\t\t\t\t\t\t\t\t\t\t<\/a>\n\t\t\t\t\t\t\t<a class=\"e-gallery-item elementor-gallery-item elementor-animated-content\" href=\"https:\/\/nutriciondebovinos.ar\/wp-content\/uploads\/2023\/07\/ENGORDE-PASTORIL-DE-NOVILLITOS-BRITANICOS-BONIFACIO-GUAMINI-3.webp\" data-elementor-open-lightbox=\"yes\" data-elementor-lightbox-slideshow=\"5dc81260\" data-elementor-lightbox-title=\"Engorde pastoril de novillitos Brit\u00e1nicos, imagen 2\" data-elementor-lightbox-description=\"Engorde pastoril de novillitos Brit\u00e1nicos, imagen 2\" data-e-action-hash=\"#elementor-action%3Aaction%3Dlightbox%26settings%3DeyJpZCI6NTE5MiwidXJsIjoiaHR0cHM6XC9cL251dHJpY2lvbmRlYm92aW5vcy5hclwvd3AtY29udGVudFwvdXBsb2Fkc1wvMjAyM1wvMDdcL0VOR09SREUtUEFTVE9SSUwtREUtTk9WSUxMSVRPUy1CUklUQU5JQ09TLUJPTklGQUNJTy1HVUFNSU5JLTMud2VicCIsInNsaWRlc2hvdyI6IjVkYzgxMjYwIn0%3D\">\n\t\t\t\t\t<div class=\"e-gallery-image elementor-gallery-item__image\" data-thumbnail=\"https:\/\/nutriciondebovinos.ar\/wp-content\/uploads\/2023\/07\/ENGORDE-PASTORIL-DE-NOVILLITOS-BRITANICOS-BONIFACIO-GUAMINI-3.webp\" data-width=\"800\" data-height=\"450\" aria-label=\"Engorde pastoril de novillitos Brit\u00e1nicos, imagen 2\" role=\"img\" ><\/div>\n\t\t\t\t\t\t\t\t\t\t\t<div class=\"elementor-gallery-item__overlay\"><\/div>\n\t\t\t\t\t\t\t\t\t\t\t\t\t\t<\/a>\n\t\t\t\t\t<\/div>\n\t\t\t\t\t<\/div>\n\t\t\t\t<\/div>\n\t\t\t\t\t<\/div>\n\t\t\t\t<\/div>\n\t\t\t\t<\/div>\n\t\t","protected":false},"excerpt":{"rendered":"","protected":false},"author":1,"featured_media":0,"parent":0,"menu_order":0,"comment_status":"closed","ping_status":"closed","template":"","meta":{"footnotes":""},"class_list":["post-5176","page","type-page","status-publish","hentry"],"yoast_head":"<!-- This site is optimized with the Yoast SEO plugin v27.3 - https:\/\/yoast.com\/product\/yoast-seo-wordpress\/ -->\n<title>Engorde pastoril de novillos Brit\u00e1nicos<\/title>\n<meta name=\"description\" content=\"Galeria de imagenes de novillos Brit\u00e1nicos en etapa de engorde pastoril ubicado en campo Bonifacio ( Guamini ).\" \/>\n<meta name=\"robots\" content=\"noindex, nofollow\" \/>\n<meta property=\"og:locale\" content=\"es_ES\" \/>\n<meta property=\"og:type\" content=\"article\" \/>\n<meta property=\"og:title\" content=\"Engorde pastoril de novillos Brit\u00e1nicos\" \/>\n<meta property=\"og:description\" content=\"Galeria de imagenes de novillos Brit\u00e1nicos en etapa de engorde pastoril ubicado en campo Bonifacio ( Guamini ).\" \/>\n<meta property=\"og:url\" content=\"https:\/\/nutriciondebovinos.ar\/index.php\/engorde-pastoril-de-novillitos-britanicos-bonifacio-guamini\/\" \/>\n<meta property=\"og:site_name\" content=\"nutriciondebovinos\" \/>\n<meta property=\"article:modified_time\" content=\"2023-09-01T20:02:49+00:00\" \/>\n<meta property=\"og:image\" content=\"https:\/\/nutriciondebovinos.ar\/wp-content\/uploads\/2023\/06\/ganado.jpg\" \/>\n\t<meta property=\"og:image:width\" content=\"2000\" \/>\n\t<meta property=\"og:image:height\" content=\"1143\" \/>\n\t<meta property=\"og:image:type\" content=\"image\/jpeg\" \/>\n<meta name=\"twitter:card\" content=\"summary_large_image\" \/>\n<script type=\"application\/ld+json\" class=\"yoast-schema-graph\">{\"@context\":\"https:\\\/\\\/schema.org\",\"@graph\":[{\"@type\":\"WebPage\",\"@id\":\"https:\\\/\\\/nutriciondebovinos.ar\\\/index.php\\\/engorde-pastoril-de-novillitos-britanicos-bonifacio-guamini\\\/\",\"url\":\"https:\\\/\\\/nutriciondebovinos.ar\\\/index.php\\\/engorde-pastoril-de-novillitos-britanicos-bonifacio-guamini\\\/\",\"name\":\"Engorde pastoril de novillos Brit\u00e1nicos\",\"isPartOf\":{\"@id\":\"https:\\\/\\\/nutriciondebovinos.ar\\\/#website\"},\"datePublished\":\"2023-07-28T15:54:51+00:00\",\"dateModified\":\"2023-09-01T20:02:49+00:00\",\"description\":\"Galeria de imagenes de novillos Brit\u00e1nicos en etapa de engorde pastoril ubicado en campo Bonifacio ( Guamini ).\",\"breadcrumb\":{\"@id\":\"https:\\\/\\\/nutriciondebovinos.ar\\\/index.php\\\/engorde-pastoril-de-novillitos-britanicos-bonifacio-guamini\\\/#breadcrumb\"},\"inLanguage\":\"es-AR\",\"potentialAction\":[{\"@type\":\"ReadAction\",\"target\":[\"https:\\\/\\\/nutriciondebovinos.ar\\\/index.php\\\/engorde-pastoril-de-novillitos-britanicos-bonifacio-guamini\\\/\"]}]},{\"@type\":\"BreadcrumbList\",\"@id\":\"https:\\\/\\\/nutriciondebovinos.ar\\\/index.php\\\/engorde-pastoril-de-novillitos-britanicos-bonifacio-guamini\\\/#breadcrumb\",\"itemListElement\":[{\"@type\":\"ListItem\",\"position\":1,\"name\":\"Inicio\",\"item\":\"https:\\\/\\\/nutriciondebovinos.ar\\\/\"},{\"@type\":\"ListItem\",\"position\":2,\"name\":\"Engorde pastoril de novillitos Brit\u00e1nicos (Bonifacio Guamini)\"}]},{\"@type\":\"WebSite\",\"@id\":\"https:\\\/\\\/nutriciondebovinos.ar\\\/#website\",\"url\":\"https:\\\/\\\/nutriciondebovinos.ar\\\/\",\"name\":\"Nutrici\u00f3n de Bovinos\",\"description\":\"Sitio Web sobre Nutrici\u00f3n de Rumiantes y Gesti\u00f3n Ganadera, tiene como finalidad representar un espacio com\u00fan de discusi\u00f3n, difusi\u00f3n y transferencia de conocimientos entre el mundo cient\u00edfico-t\u00e9cnico\",\"publisher\":{\"@id\":\"https:\\\/\\\/nutriciondebovinos.ar\\\/#\\\/schema\\\/person\\\/0728d66fb1fe97c3333f40ee2e09e263\"},\"potentialAction\":[{\"@type\":\"SearchAction\",\"target\":{\"@type\":\"EntryPoint\",\"urlTemplate\":\"https:\\\/\\\/nutriciondebovinos.ar\\\/?s={search_term_string}\"},\"query-input\":{\"@type\":\"PropertyValueSpecification\",\"valueRequired\":true,\"valueName\":\"search_term_string\"}}],\"inLanguage\":\"es-AR\"},{\"@type\":[\"Person\",\"Organization\"],\"@id\":\"https:\\\/\\\/nutriciondebovinos.ar\\\/#\\\/schema\\\/person\\\/0728d66fb1fe97c3333f40ee2e09e263\",\"name\":\"nutricion.portafoliosweb.com.ar\",\"image\":{\"@type\":\"ImageObject\",\"inLanguage\":\"es-AR\",\"@id\":\"https:\\\/\\\/nutriciondebovinos.ar\\\/wp-content\\\/uploads\\\/2023\\\/08\\\/cropped-cow-logo.png\",\"url\":\"https:\\\/\\\/nutriciondebovinos.ar\\\/wp-content\\\/uploads\\\/2023\\\/08\\\/cropped-cow-logo.png\",\"contentUrl\":\"https:\\\/\\\/nutriciondebovinos.ar\\\/wp-content\\\/uploads\\\/2023\\\/08\\\/cropped-cow-logo.png\",\"width\":2998,\"height\":1909,\"caption\":\"nutricion.portafoliosweb.com.ar\"},\"logo\":{\"@id\":\"https:\\\/\\\/nutriciondebovinos.ar\\\/wp-content\\\/uploads\\\/2023\\\/08\\\/cropped-cow-logo.png\"},\"sameAs\":[\"http:\\\/\\\/nutriciondebovinos.ar\"]}]}<\/script>\n<!-- \/ Yoast SEO plugin. -->","yoast_head_json":{"title":"Engorde pastoril de novillos Brit\u00e1nicos","description":"Galeria de imagenes de novillos Brit\u00e1nicos en etapa de engorde pastoril ubicado en campo Bonifacio ( Guamini ).","robots":{"index":"noindex","follow":"nofollow"},"og_locale":"es_ES","og_type":"article","og_title":"Engorde pastoril de novillos Brit\u00e1nicos","og_description":"Galeria de imagenes de novillos Brit\u00e1nicos en etapa de engorde pastoril ubicado en campo Bonifacio ( Guamini ).","og_url":"https:\/\/nutriciondebovinos.ar\/index.php\/engorde-pastoril-de-novillitos-britanicos-bonifacio-guamini\/","og_site_name":"nutriciondebovinos","article_modified_time":"2023-09-01T20:02:49+00:00","og_image":[{"width":2000,"height":1143,"url":"https:\/\/nutriciondebovinos.ar\/wp-content\/uploads\/2023\/06\/ganado.jpg","type":"image\/jpeg"}],"twitter_card":"summary_large_image","schema":{"@context":"https:\/\/schema.org","@graph":[{"@type":"WebPage","@id":"https:\/\/nutriciondebovinos.ar\/index.php\/engorde-pastoril-de-novillitos-britanicos-bonifacio-guamini\/","url":"https:\/\/nutriciondebovinos.ar\/index.php\/engorde-pastoril-de-novillitos-britanicos-bonifacio-guamini\/","name":"Engorde pastoril de novillos Brit\u00e1nicos","isPartOf":{"@id":"https:\/\/nutriciondebovinos.ar\/#website"},"datePublished":"2023-07-28T15:54:51+00:00","dateModified":"2023-09-01T20:02:49+00:00","description":"Galeria de imagenes de novillos Brit\u00e1nicos en etapa de engorde pastoril ubicado en campo Bonifacio ( Guamini ).","breadcrumb":{"@id":"https:\/\/nutriciondebovinos.ar\/index.php\/engorde-pastoril-de-novillitos-britanicos-bonifacio-guamini\/#breadcrumb"},"inLanguage":"es-AR","potentialAction":[{"@type":"ReadAction","target":["https:\/\/nutriciondebovinos.ar\/index.php\/engorde-pastoril-de-novillitos-britanicos-bonifacio-guamini\/"]}]},{"@type":"BreadcrumbList","@id":"https:\/\/nutriciondebovinos.ar\/index.php\/engorde-pastoril-de-novillitos-britanicos-bonifacio-guamini\/#breadcrumb","itemListElement":[{"@type":"ListItem","position":1,"name":"Inicio","item":"https:\/\/nutriciondebovinos.ar\/"},{"@type":"ListItem","position":2,"name":"Engorde pastoril de novillitos Brit\u00e1nicos (Bonifacio Guamini)"}]},{"@type":"WebSite","@id":"https:\/\/nutriciondebovinos.ar\/#website","url":"https:\/\/nutriciondebovinos.ar\/","name":"Nutrici\u00f3n de Bovinos","description":"Sitio Web sobre Nutrici\u00f3n de Rumiantes y Gesti\u00f3n Ganadera, tiene como finalidad representar un espacio com\u00fan de discusi\u00f3n, difusi\u00f3n y transferencia de conocimientos entre el mundo cient\u00edfico-t\u00e9cnico","publisher":{"@id":"https:\/\/nutriciondebovinos.ar\/#\/schema\/person\/0728d66fb1fe97c3333f40ee2e09e263"},"potentialAction":[{"@type":"SearchAction","target":{"@type":"EntryPoint","urlTemplate":"https:\/\/nutriciondebovinos.ar\/?s={search_term_string}"},"query-input":{"@type":"PropertyValueSpecification","valueRequired":true,"valueName":"search_term_string"}}],"inLanguage":"es-AR"},{"@type":["Person","Organization"],"@id":"https:\/\/nutriciondebovinos.ar\/#\/schema\/person\/0728d66fb1fe97c3333f40ee2e09e263","name":"nutricion.portafoliosweb.com.ar","image":{"@type":"ImageObject","inLanguage":"es-AR","@id":"https:\/\/nutriciondebovinos.ar\/wp-content\/uploads\/2023\/08\/cropped-cow-logo.png","url":"https:\/\/nutriciondebovinos.ar\/wp-content\/uploads\/2023\/08\/cropped-cow-logo.png","contentUrl":"https:\/\/nutriciondebovinos.ar\/wp-content\/uploads\/2023\/08\/cropped-cow-logo.png","width":2998,"height":1909,"caption":"nutricion.portafoliosweb.com.ar"},"logo":{"@id":"https:\/\/nutriciondebovinos.ar\/wp-content\/uploads\/2023\/08\/cropped-cow-logo.png"},"sameAs":["http:\/\/nutriciondebovinos.ar"]}]}},"_links":{"self":[{"href":"https:\/\/nutriciondebovinos.ar\/index.php\/wp-json\/wp\/v2\/pages\/5176","targetHints":{"allow":["GET"]}}],"collection":[{"href":"https:\/\/nutriciondebovinos.ar\/index.php\/wp-json\/wp\/v2\/pages"}],"about":[{"href":"https:\/\/nutriciondebovinos.ar\/index.php\/wp-json\/wp\/v2\/types\/page"}],"author":[{"embeddable":true,"href":"https:\/\/nutriciondebovinos.ar\/index.php\/wp-json\/wp\/v2\/users\/1"}],"replies":[{"embeddable":true,"href":"https:\/\/nutriciondebovinos.ar\/index.php\/wp-json\/wp\/v2\/comments?post=5176"}],"version-history":[{"count":5,"href":"https:\/\/nutriciondebovinos.ar\/index.php\/wp-json\/wp\/v2\/pages\/5176\/revisions"}],"predecessor-version":[{"id":8477,"href":"https:\/\/nutriciondebovinos.ar\/index.php\/wp-json\/wp\/v2\/pages\/5176\/revisions\/8477"}],"wp:attachment":[{"href":"https:\/\/nutriciondebovinos.ar\/index.php\/wp-json\/wp\/v2\/media?parent=5176"}],"curies":[{"name":"wp","href":"https:\/\/api.w.org\/{rel}","templated":true}]}}