{"id":5200,"date":"2023-07-28T13:07:52","date_gmt":"2023-07-28T16:07:52","guid":{"rendered":"http:\/\/nutriciondebovinos.ar\/?page_id=5200"},"modified":"2023-09-01T10:06:58","modified_gmt":"2023-09-01T13:06:58","slug":"bufalos-la-salamdra-silaje-sorgo-bmr-picado","status":"publish","type":"page","link":"https:\/\/nutriciondebovinos.ar\/index.php\/bufalos-la-salamdra-silaje-sorgo-bmr-picado\/","title":{"rendered":"B\u00fafalos (La Salamdra, silaje, Sorgo BMR picado)"},"content":{"rendered":"\t\t<div data-elementor-type=\"wp-page\" data-elementor-id=\"5200\" class=\"elementor elementor-5200\" data-elementor-post-type=\"page\">\n\t\t\t\t<div class=\"elementor-element elementor-element-1d13cf61 e-flex e-con-boxed e-con e-parent\" data-id=\"1d13cf61\" data-element_type=\"container\" data-e-type=\"container\">\n\t\t\t\t\t<div class=\"e-con-inner\">\n\t\t\t\t\t<\/div>\n\t\t\t\t<\/div>\n\t\t<div class=\"elementor-element elementor-element-2af90c28 e-flex e-con-boxed e-con e-parent\" data-id=\"2af90c28\" data-element_type=\"container\" data-e-type=\"container\" data-settings=\"{&quot;background_background&quot;:&quot;classic&quot;}\">\n\t\t\t\t\t<div class=\"e-con-inner\">\n\t\t\t\t<div class=\"elementor-element elementor-element-249cdf78 elementor-widget-mobile__width-inherit elementor-widget elementor-widget-gallery\" data-id=\"249cdf78\" data-element_type=\"widget\" data-e-type=\"widget\" data-settings=\"{&quot;columns&quot;:3,&quot;gap&quot;:{&quot;unit&quot;:&quot;px&quot;,&quot;size&quot;:22,&quot;sizes&quot;:[]},&quot;content_hover_animation&quot;:&quot;shrink&quot;,&quot;content_sequenced_animation&quot;:&quot;yes&quot;,&quot;lazyload&quot;:&quot;yes&quot;,&quot;gallery_layout&quot;:&quot;grid&quot;,&quot;columns_tablet&quot;:2,&quot;columns_mobile&quot;:1,&quot;gap_tablet&quot;:{&quot;unit&quot;:&quot;px&quot;,&quot;size&quot;:10,&quot;sizes&quot;:[]},&quot;gap_mobile&quot;:{&quot;unit&quot;:&quot;px&quot;,&quot;size&quot;:10,&quot;sizes&quot;:[]},&quot;link_to&quot;:&quot;file&quot;,&quot;aspect_ratio&quot;:&quot;3:2&quot;,&quot;overlay_background&quot;:&quot;yes&quot;}\" data-widget_type=\"gallery.default\">\n\t\t\t\t<div class=\"elementor-widget-container\">\n\t\t\t\t\t\t\t<div class=\"elementor-gallery__container\">\n\t\t\t\t\t\t\t<a class=\"e-gallery-item elementor-gallery-item elementor-animated-content\" href=\"https:\/\/nutriciondebovinos.ar\/wp-content\/uploads\/2023\/07\/bme-silaje-bufalos-marzo-2014-33.webp\" data-elementor-open-lightbox=\"yes\" data-elementor-lightbox-slideshow=\"249cdf78\" data-elementor-lightbox-title=\"B\u00fafalos, 33 Marzo 2014\" data-elementor-lightbox-description=\"B\u00fafalos, 33 Marzo 2014\" data-e-action-hash=\"#elementor-action%3Aaction%3Dlightbox%26settings%3DeyJpZCI6NTIwNSwidXJsIjoiaHR0cHM6XC9cL251dHJpY2lvbmRlYm92aW5vcy5hclwvd3AtY29udGVudFwvdXBsb2Fkc1wvMjAyM1wvMDdcL2JtZS1zaWxhamUtYnVmYWxvcy1tYXJ6by0yMDE0LTMzLndlYnAiLCJzbGlkZXNob3ciOiIyNDljZGY3OCJ9\">\n\t\t\t\t\t<div class=\"e-gallery-image elementor-gallery-item__image\" data-thumbnail=\"https:\/\/nutriciondebovinos.ar\/wp-content\/uploads\/2023\/07\/bme-silaje-bufalos-marzo-2014-33.webp\" data-width=\"800\" data-height=\"600\" aria-label=\"B\u00fafalos, 33 Marzo 2014\" role=\"img\" ><\/div>\n\t\t\t\t\t\t\t\t\t\t\t<div class=\"elementor-gallery-item__overlay\"><\/div>\n\t\t\t\t\t\t\t\t\t\t\t\t\t\t<\/a>\n\t\t\t\t\t\t\t<a class=\"e-gallery-item elementor-gallery-item elementor-animated-content\" href=\"https:\/\/nutriciondebovinos.ar\/wp-content\/uploads\/2023\/07\/bme-silaje-bufalos-marzo-2014-34.webp\" data-elementor-open-lightbox=\"yes\" data-elementor-lightbox-slideshow=\"249cdf78\" data-elementor-lightbox-title=\"B\u00fafalos, 33 Marzo 2014, imagen 2\" data-elementor-lightbox-description=\"B\u00fafalos, 33 Marzo 2014, imagen 2\" data-e-action-hash=\"#elementor-action%3Aaction%3Dlightbox%26settings%3DeyJpZCI6NTIwNiwidXJsIjoiaHR0cHM6XC9cL251dHJpY2lvbmRlYm92aW5vcy5hclwvd3AtY29udGVudFwvdXBsb2Fkc1wvMjAyM1wvMDdcL2JtZS1zaWxhamUtYnVmYWxvcy1tYXJ6by0yMDE0LTM0LndlYnAiLCJzbGlkZXNob3ciOiIyNDljZGY3OCJ9\">\n\t\t\t\t\t<div class=\"e-gallery-image elementor-gallery-item__image\" data-thumbnail=\"https:\/\/nutriciondebovinos.ar\/wp-content\/uploads\/2023\/07\/bme-silaje-bufalos-marzo-2014-34.webp\" data-width=\"800\" data-height=\"600\" aria-label=\"B\u00fafalos, 33 Marzo 2014, imagen 2\" role=\"img\" ><\/div>\n\t\t\t\t\t\t\t\t\t\t\t<div class=\"elementor-gallery-item__overlay\"><\/div>\n\t\t\t\t\t\t\t\t\t\t\t\t\t\t<\/a>\n\t\t\t\t\t\t\t<a class=\"e-gallery-item elementor-gallery-item elementor-animated-content\" href=\"https:\/\/nutriciondebovinos.ar\/wp-content\/uploads\/2023\/07\/bme-silaje-bufalos-marzo-2014-36.webp\" data-elementor-open-lightbox=\"yes\" data-elementor-lightbox-slideshow=\"249cdf78\" data-elementor-lightbox-title=\"BME\" data-elementor-lightbox-description=\"BME\" data-e-action-hash=\"#elementor-action%3Aaction%3Dlightbox%26settings%3DeyJpZCI6NTIwNywidXJsIjoiaHR0cHM6XC9cL251dHJpY2lvbmRlYm92aW5vcy5hclwvd3AtY29udGVudFwvdXBsb2Fkc1wvMjAyM1wvMDdcL2JtZS1zaWxhamUtYnVmYWxvcy1tYXJ6by0yMDE0LTM2LndlYnAiLCJzbGlkZXNob3ciOiIyNDljZGY3OCJ9\">\n\t\t\t\t\t<div class=\"e-gallery-image elementor-gallery-item__image\" data-thumbnail=\"https:\/\/nutriciondebovinos.ar\/wp-content\/uploads\/2023\/07\/bme-silaje-bufalos-marzo-2014-36.webp\" data-width=\"800\" data-height=\"600\" aria-label=\"BME\" role=\"img\" ><\/div>\n\t\t\t\t\t\t\t\t\t\t\t<div class=\"elementor-gallery-item__overlay\"><\/div>\n\t\t\t\t\t\t\t\t\t\t\t\t\t\t<\/a>\n\t\t\t\t\t\t\t<a class=\"e-gallery-item elementor-gallery-item elementor-animated-content\" href=\"https:\/\/nutriciondebovinos.ar\/wp-content\/uploads\/2023\/07\/o-bme-silaje-bufalos-marzo-2014-11.webp\" data-elementor-open-lightbox=\"yes\" data-elementor-lightbox-slideshow=\"249cdf78\" data-elementor-lightbox-title=\"BME silaje bufalos\" data-elementor-lightbox-description=\"BME silaje bufalos\" data-e-action-hash=\"#elementor-action%3Aaction%3Dlightbox%26settings%3DeyJpZCI6NTIwOCwidXJsIjoiaHR0cHM6XC9cL251dHJpY2lvbmRlYm92aW5vcy5hclwvd3AtY29udGVudFwvdXBsb2Fkc1wvMjAyM1wvMDdcL28tYm1lLXNpbGFqZS1idWZhbG9zLW1hcnpvLTIwMTQtMTEud2VicCIsInNsaWRlc2hvdyI6IjI0OWNkZjc4In0%3D\">\n\t\t\t\t\t<div class=\"e-gallery-image elementor-gallery-item__image\" data-thumbnail=\"https:\/\/nutriciondebovinos.ar\/wp-content\/uploads\/2023\/07\/o-bme-silaje-bufalos-marzo-2014-11.webp\" data-width=\"800\" data-height=\"600\" aria-label=\"BME silaje bufalos\" role=\"img\" ><\/div>\n\t\t\t\t\t\t\t\t\t\t\t<div class=\"elementor-gallery-item__overlay\"><\/div>\n\t\t\t\t\t\t\t\t\t\t\t\t\t\t<\/a>\n\t\t\t\t\t\t\t<a class=\"e-gallery-item elementor-gallery-item elementor-animated-content\" href=\"https:\/\/nutriciondebovinos.ar\/wp-content\/uploads\/2023\/07\/bme-silaje-bufalos-marzo-2014-4.webp\" data-elementor-open-lightbox=\"yes\" data-elementor-lightbox-slideshow=\"249cdf78\" data-elementor-lightbox-title=\"BME silaje bufalos, La Salamdra\" data-elementor-lightbox-description=\"BME silaje bufalos, La Salamdra\" data-e-action-hash=\"#elementor-action%3Aaction%3Dlightbox%26settings%3DeyJpZCI6NTIwOSwidXJsIjoiaHR0cHM6XC9cL251dHJpY2lvbmRlYm92aW5vcy5hclwvd3AtY29udGVudFwvdXBsb2Fkc1wvMjAyM1wvMDdcL2JtZS1zaWxhamUtYnVmYWxvcy1tYXJ6by0yMDE0LTQud2VicCIsInNsaWRlc2hvdyI6IjI0OWNkZjc4In0%3D\">\n\t\t\t\t\t<div class=\"e-gallery-image elementor-gallery-item__image\" data-thumbnail=\"https:\/\/nutriciondebovinos.ar\/wp-content\/uploads\/2023\/07\/bme-silaje-bufalos-marzo-2014-4.webp\" data-width=\"800\" data-height=\"600\" aria-label=\"BME silaje bufalos, La Salamdra\" role=\"img\" ><\/div>\n\t\t\t\t\t\t\t\t\t\t\t<div class=\"elementor-gallery-item__overlay\"><\/div>\n\t\t\t\t\t\t\t\t\t\t\t\t\t\t<\/a>\n\t\t\t\t\t\t\t<a class=\"e-gallery-item elementor-gallery-item elementor-animated-content\" href=\"https:\/\/nutriciondebovinos.ar\/wp-content\/uploads\/2023\/07\/bme-silaje-bufalos-marzo-2014-7.webp\" data-elementor-open-lightbox=\"yes\" data-elementor-lightbox-slideshow=\"249cdf78\" data-elementor-lightbox-title=\"B\u00fafalos en campo de BME\" data-elementor-lightbox-description=\"B\u00fafalos en campo de BME\" data-e-action-hash=\"#elementor-action%3Aaction%3Dlightbox%26settings%3DeyJpZCI6NTIxMCwidXJsIjoiaHR0cHM6XC9cL251dHJpY2lvbmRlYm92aW5vcy5hclwvd3AtY29udGVudFwvdXBsb2Fkc1wvMjAyM1wvMDdcL2JtZS1zaWxhamUtYnVmYWxvcy1tYXJ6by0yMDE0LTcud2VicCIsInNsaWRlc2hvdyI6IjI0OWNkZjc4In0%3D\">\n\t\t\t\t\t<div class=\"e-gallery-image elementor-gallery-item__image\" data-thumbnail=\"https:\/\/nutriciondebovinos.ar\/wp-content\/uploads\/2023\/07\/bme-silaje-bufalos-marzo-2014-7.webp\" data-width=\"800\" data-height=\"600\" aria-label=\"B\u00fafalos en campo de BME\" role=\"img\" ><\/div>\n\t\t\t\t\t\t\t\t\t\t\t<div class=\"elementor-gallery-item__overlay\"><\/div>\n\t\t\t\t\t\t\t\t\t\t\t\t\t\t<\/a>\n\t\t\t\t\t\t\t<a class=\"e-gallery-item elementor-gallery-item elementor-animated-content\" href=\"https:\/\/nutriciondebovinos.ar\/wp-content\/uploads\/2023\/07\/bme-silaje-bufalos-marzo-2014-15.webp\" data-elementor-open-lightbox=\"yes\" data-elementor-lightbox-slideshow=\"249cdf78\" data-elementor-lightbox-title=\"Alimento para B\u00fafalo\" data-elementor-lightbox-description=\"Alimento para B\u00fafalo\" data-e-action-hash=\"#elementor-action%3Aaction%3Dlightbox%26settings%3DeyJpZCI6NTIxMSwidXJsIjoiaHR0cHM6XC9cL251dHJpY2lvbmRlYm92aW5vcy5hclwvd3AtY29udGVudFwvdXBsb2Fkc1wvMjAyM1wvMDdcL2JtZS1zaWxhamUtYnVmYWxvcy1tYXJ6by0yMDE0LTE1LndlYnAiLCJzbGlkZXNob3ciOiIyNDljZGY3OCJ9\">\n\t\t\t\t\t<div class=\"e-gallery-image elementor-gallery-item__image\" data-thumbnail=\"https:\/\/nutriciondebovinos.ar\/wp-content\/uploads\/2023\/07\/bme-silaje-bufalos-marzo-2014-15.webp\" data-width=\"800\" data-height=\"600\" aria-label=\"Alimento para B\u00fafalo\" role=\"img\" ><\/div>\n\t\t\t\t\t\t\t\t\t\t\t<div class=\"elementor-gallery-item__overlay\"><\/div>\n\t\t\t\t\t\t\t\t\t\t\t\t\t\t<\/a>\n\t\t\t\t\t\t\t<a class=\"e-gallery-item elementor-gallery-item elementor-animated-content\" href=\"https:\/\/nutriciondebovinos.ar\/wp-content\/uploads\/2023\/07\/bme-silaje-bufalos-marzo-2014-19.webp\" data-elementor-open-lightbox=\"yes\" data-elementor-lightbox-slideshow=\"249cdf78\" data-elementor-lightbox-title=\"B\u00fafalos en campo La Salamdra\" data-elementor-lightbox-description=\"B\u00fafalos en campo La Salamdra\" data-e-action-hash=\"#elementor-action%3Aaction%3Dlightbox%26settings%3DeyJpZCI6NTIxMiwidXJsIjoiaHR0cHM6XC9cL251dHJpY2lvbmRlYm92aW5vcy5hclwvd3AtY29udGVudFwvdXBsb2Fkc1wvMjAyM1wvMDdcL2JtZS1zaWxhamUtYnVmYWxvcy1tYXJ6by0yMDE0LTE5LndlYnAiLCJzbGlkZXNob3ciOiIyNDljZGY3OCJ9\">\n\t\t\t\t\t<div class=\"e-gallery-image elementor-gallery-item__image\" data-thumbnail=\"https:\/\/nutriciondebovinos.ar\/wp-content\/uploads\/2023\/07\/bme-silaje-bufalos-marzo-2014-19.webp\" data-width=\"800\" data-height=\"600\" aria-label=\"B\u00fafalos en campo La Salamdra\" role=\"img\" ><\/div>\n\t\t\t\t\t\t\t\t\t\t\t<div class=\"elementor-gallery-item__overlay\"><\/div>\n\t\t\t\t\t\t\t\t\t\t\t\t\t\t<\/a>\n\t\t\t\t\t\t\t<a class=\"e-gallery-item elementor-gallery-item elementor-animated-content\" href=\"https:\/\/nutriciondebovinos.ar\/wp-content\/uploads\/2023\/07\/bme-silaje-bufalos-marzo-2014-21.webp\" data-elementor-open-lightbox=\"yes\" data-elementor-lightbox-slideshow=\"249cdf78\" data-elementor-lightbox-title=\"BME para B\u00fafalos\" data-elementor-lightbox-description=\"BME para B\u00fafalos\" data-e-action-hash=\"#elementor-action%3Aaction%3Dlightbox%26settings%3DeyJpZCI6NTIxMywidXJsIjoiaHR0cHM6XC9cL251dHJpY2lvbmRlYm92aW5vcy5hclwvd3AtY29udGVudFwvdXBsb2Fkc1wvMjAyM1wvMDdcL2JtZS1zaWxhamUtYnVmYWxvcy1tYXJ6by0yMDE0LTIxLndlYnAiLCJzbGlkZXNob3ciOiIyNDljZGY3OCJ9\">\n\t\t\t\t\t<div class=\"e-gallery-image elementor-gallery-item__image\" data-thumbnail=\"https:\/\/nutriciondebovinos.ar\/wp-content\/uploads\/2023\/07\/bme-silaje-bufalos-marzo-2014-21.webp\" data-width=\"800\" data-height=\"600\" aria-label=\"BME para B\u00fafalos\" role=\"img\" ><\/div>\n\t\t\t\t\t\t\t\t\t\t\t<div class=\"elementor-gallery-item__overlay\"><\/div>\n\t\t\t\t\t\t\t\t\t\t\t\t\t\t<\/a>\n\t\t\t\t\t\t\t<a class=\"e-gallery-item elementor-gallery-item elementor-animated-content\" href=\"https:\/\/nutriciondebovinos.ar\/wp-content\/uploads\/2023\/07\/bme-silaje-bufalos-marzo-2014-22.webp\" data-elementor-open-lightbox=\"yes\" data-elementor-lightbox-slideshow=\"249cdf78\" data-elementor-lightbox-title=\"BME para B\u00fafalos, imagen 2\" data-elementor-lightbox-description=\"BME para B\u00fafalos, imagen 2\" data-e-action-hash=\"#elementor-action%3Aaction%3Dlightbox%26settings%3DeyJpZCI6NTIxNCwidXJsIjoiaHR0cHM6XC9cL251dHJpY2lvbmRlYm92aW5vcy5hclwvd3AtY29udGVudFwvdXBsb2Fkc1wvMjAyM1wvMDdcL2JtZS1zaWxhamUtYnVmYWxvcy1tYXJ6by0yMDE0LTIyLndlYnAiLCJzbGlkZXNob3ciOiIyNDljZGY3OCJ9\">\n\t\t\t\t\t<div class=\"e-gallery-image elementor-gallery-item__image\" data-thumbnail=\"https:\/\/nutriciondebovinos.ar\/wp-content\/uploads\/2023\/07\/bme-silaje-bufalos-marzo-2014-22.webp\" data-width=\"800\" data-height=\"600\" aria-label=\"BME para B\u00fafalos, imagen 2\" role=\"img\" ><\/div>\n\t\t\t\t\t\t\t\t\t\t\t<div class=\"elementor-gallery-item__overlay\"><\/div>\n\t\t\t\t\t\t\t\t\t\t\t\t\t\t<\/a>\n\t\t\t\t\t\t\t<a class=\"e-gallery-item elementor-gallery-item elementor-animated-content\" href=\"https:\/\/nutriciondebovinos.ar\/wp-content\/uploads\/2023\/07\/bme-silaje-bufalos-marzo-2014-25.webp\" data-elementor-open-lightbox=\"yes\" data-elementor-lightbox-slideshow=\"249cdf78\" data-elementor-lightbox-title=\"B\u00fafalo con ganadero\" data-elementor-lightbox-description=\"B\u00fafalo con ganadero\" data-e-action-hash=\"#elementor-action%3Aaction%3Dlightbox%26settings%3DeyJpZCI6NTIxNSwidXJsIjoiaHR0cHM6XC9cL251dHJpY2lvbmRlYm92aW5vcy5hclwvd3AtY29udGVudFwvdXBsb2Fkc1wvMjAyM1wvMDdcL2JtZS1zaWxhamUtYnVmYWxvcy1tYXJ6by0yMDE0LTI1LndlYnAiLCJzbGlkZXNob3ciOiIyNDljZGY3OCJ9\">\n\t\t\t\t\t<div class=\"e-gallery-image elementor-gallery-item__image\" data-thumbnail=\"https:\/\/nutriciondebovinos.ar\/wp-content\/uploads\/2023\/07\/bme-silaje-bufalos-marzo-2014-25.webp\" data-width=\"800\" data-height=\"600\" aria-label=\"B\u00fafalo con ganadero\" role=\"img\" ><\/div>\n\t\t\t\t\t\t\t\t\t\t\t<div class=\"elementor-gallery-item__overlay\"><\/div>\n\t\t\t\t\t\t\t\t\t\t\t\t\t\t<\/a>\n\t\t\t\t\t\t\t<a class=\"e-gallery-item elementor-gallery-item elementor-animated-content\" href=\"https:\/\/nutriciondebovinos.ar\/wp-content\/uploads\/2023\/07\/bme-silaje-bufalos-marzo-2014-30.webp\" data-elementor-open-lightbox=\"yes\" data-elementor-lightbox-slideshow=\"249cdf78\" data-elementor-lightbox-title=\"Manada de B\u00fafalos\" data-elementor-lightbox-description=\"Manada de B\u00fafalos\" data-e-action-hash=\"#elementor-action%3Aaction%3Dlightbox%26settings%3DeyJpZCI6NTIxNiwidXJsIjoiaHR0cHM6XC9cL251dHJpY2lvbmRlYm92aW5vcy5hclwvd3AtY29udGVudFwvdXBsb2Fkc1wvMjAyM1wvMDdcL2JtZS1zaWxhamUtYnVmYWxvcy1tYXJ6by0yMDE0LTMwLndlYnAiLCJzbGlkZXNob3ciOiIyNDljZGY3OCJ9\">\n\t\t\t\t\t<div class=\"e-gallery-image elementor-gallery-item__image\" data-thumbnail=\"https:\/\/nutriciondebovinos.ar\/wp-content\/uploads\/2023\/07\/bme-silaje-bufalos-marzo-2014-30.webp\" data-width=\"800\" data-height=\"600\" aria-label=\"Manada de B\u00fafalos\" role=\"img\" ><\/div>\n\t\t\t\t\t\t\t\t\t\t\t<div class=\"elementor-gallery-item__overlay\"><\/div>\n\t\t\t\t\t\t\t\t\t\t\t\t\t\t<\/a>\n\t\t\t\t\t<\/div>\n\t\t\t\t\t<\/div>\n\t\t\t\t<\/div>\n\t\t\t\t\t<\/div>\n\t\t\t\t<\/div>\n\t\t\t\t<\/div>\n\t\t","protected":false},"excerpt":{"rendered":"","protected":false},"author":1,"featured_media":0,"parent":0,"menu_order":0,"comment_status":"closed","ping_status":"closed","template":"","meta":{"footnotes":""},"class_list":["post-5200","page","type-page","status-publish","hentry"],"yoast_head":"<!-- This site is optimized with the Yoast SEO plugin v27.3 - https:\/\/yoast.com\/product\/yoast-seo-wordpress\/ -->\n<title>B\u00fafalos (La Salamdra, silaje, Sorgo BMR picado) | nutriciondebovinos<\/title>\n<meta name=\"description\" content=\"Galeria de imagenes de bufalos en campo La Salandra, silaje, sorgo y BMR picado\" \/>\n<meta name=\"robots\" content=\"noindex, nofollow\" \/>\n<meta property=\"og:locale\" content=\"es_ES\" \/>\n<meta property=\"og:type\" content=\"article\" \/>\n<meta property=\"og:title\" content=\"B\u00fafalos (La Salamdra, silaje, Sorgo BMR picado) | nutriciondebovinos\" \/>\n<meta property=\"og:description\" content=\"Galeria de imagenes de bufalos en campo La Salandra, silaje, sorgo y BMR picado\" \/>\n<meta property=\"og:url\" content=\"https:\/\/nutriciondebovinos.ar\/index.php\/bufalos-la-salamdra-silaje-sorgo-bmr-picado\/\" \/>\n<meta property=\"og:site_name\" content=\"nutriciondebovinos\" \/>\n<meta property=\"article:modified_time\" content=\"2023-09-01T13:06:58+00:00\" \/>\n<meta property=\"og:image\" content=\"https:\/\/nutriciondebovinos.ar\/wp-content\/uploads\/2023\/06\/ganado.jpg\" \/>\n\t<meta property=\"og:image:width\" content=\"2000\" \/>\n\t<meta property=\"og:image:height\" content=\"1143\" \/>\n\t<meta property=\"og:image:type\" content=\"image\/jpeg\" \/>\n<meta name=\"twitter:card\" content=\"summary_large_image\" \/>\n<script type=\"application\/ld+json\" class=\"yoast-schema-graph\">{\"@context\":\"https:\\\/\\\/schema.org\",\"@graph\":[{\"@type\":\"WebPage\",\"@id\":\"https:\\\/\\\/nutriciondebovinos.ar\\\/index.php\\\/bufalos-la-salamdra-silaje-sorgo-bmr-picado\\\/\",\"url\":\"https:\\\/\\\/nutriciondebovinos.ar\\\/index.php\\\/bufalos-la-salamdra-silaje-sorgo-bmr-picado\\\/\",\"name\":\"B\u00fafalos (La Salamdra, silaje, Sorgo BMR picado) | nutriciondebovinos\",\"isPartOf\":{\"@id\":\"https:\\\/\\\/nutriciondebovinos.ar\\\/#website\"},\"datePublished\":\"2023-07-28T16:07:52+00:00\",\"dateModified\":\"2023-09-01T13:06:58+00:00\",\"description\":\"Galeria de imagenes de bufalos en campo La Salandra, silaje, sorgo y BMR picado\",\"breadcrumb\":{\"@id\":\"https:\\\/\\\/nutriciondebovinos.ar\\\/index.php\\\/bufalos-la-salamdra-silaje-sorgo-bmr-picado\\\/#breadcrumb\"},\"inLanguage\":\"es-AR\",\"potentialAction\":[{\"@type\":\"ReadAction\",\"target\":[\"https:\\\/\\\/nutriciondebovinos.ar\\\/index.php\\\/bufalos-la-salamdra-silaje-sorgo-bmr-picado\\\/\"]}]},{\"@type\":\"BreadcrumbList\",\"@id\":\"https:\\\/\\\/nutriciondebovinos.ar\\\/index.php\\\/bufalos-la-salamdra-silaje-sorgo-bmr-picado\\\/#breadcrumb\",\"itemListElement\":[{\"@type\":\"ListItem\",\"position\":1,\"name\":\"Inicio\",\"item\":\"https:\\\/\\\/nutriciondebovinos.ar\\\/\"},{\"@type\":\"ListItem\",\"position\":2,\"name\":\"B\u00fafalos (La Salamdra, silaje, Sorgo BMR picado)\"}]},{\"@type\":\"WebSite\",\"@id\":\"https:\\\/\\\/nutriciondebovinos.ar\\\/#website\",\"url\":\"https:\\\/\\\/nutriciondebovinos.ar\\\/\",\"name\":\"Nutrici\u00f3n de Bovinos\",\"description\":\"Sitio Web sobre Nutrici\u00f3n de Rumiantes y Gesti\u00f3n Ganadera, tiene como finalidad representar un espacio com\u00fan de discusi\u00f3n, difusi\u00f3n y transferencia de conocimientos entre el mundo cient\u00edfico-t\u00e9cnico\",\"publisher\":{\"@id\":\"https:\\\/\\\/nutriciondebovinos.ar\\\/#\\\/schema\\\/person\\\/0728d66fb1fe97c3333f40ee2e09e263\"},\"potentialAction\":[{\"@type\":\"SearchAction\",\"target\":{\"@type\":\"EntryPoint\",\"urlTemplate\":\"https:\\\/\\\/nutriciondebovinos.ar\\\/?s={search_term_string}\"},\"query-input\":{\"@type\":\"PropertyValueSpecification\",\"valueRequired\":true,\"valueName\":\"search_term_string\"}}],\"inLanguage\":\"es-AR\"},{\"@type\":[\"Person\",\"Organization\"],\"@id\":\"https:\\\/\\\/nutriciondebovinos.ar\\\/#\\\/schema\\\/person\\\/0728d66fb1fe97c3333f40ee2e09e263\",\"name\":\"nutricion.portafoliosweb.com.ar\",\"image\":{\"@type\":\"ImageObject\",\"inLanguage\":\"es-AR\",\"@id\":\"https:\\\/\\\/nutriciondebovinos.ar\\\/wp-content\\\/uploads\\\/2023\\\/08\\\/cropped-cow-logo.png\",\"url\":\"https:\\\/\\\/nutriciondebovinos.ar\\\/wp-content\\\/uploads\\\/2023\\\/08\\\/cropped-cow-logo.png\",\"contentUrl\":\"https:\\\/\\\/nutriciondebovinos.ar\\\/wp-content\\\/uploads\\\/2023\\\/08\\\/cropped-cow-logo.png\",\"width\":2998,\"height\":1909,\"caption\":\"nutricion.portafoliosweb.com.ar\"},\"logo\":{\"@id\":\"https:\\\/\\\/nutriciondebovinos.ar\\\/wp-content\\\/uploads\\\/2023\\\/08\\\/cropped-cow-logo.png\"},\"sameAs\":[\"http:\\\/\\\/nutriciondebovinos.ar\"]}]}<\/script>\n<!-- \/ Yoast SEO plugin. -->","yoast_head_json":{"title":"B\u00fafalos (La Salamdra, silaje, Sorgo BMR picado) | nutriciondebovinos","description":"Galeria de imagenes de bufalos en campo La Salandra, silaje, sorgo y BMR picado","robots":{"index":"noindex","follow":"nofollow"},"og_locale":"es_ES","og_type":"article","og_title":"B\u00fafalos (La Salamdra, silaje, Sorgo BMR picado) | nutriciondebovinos","og_description":"Galeria de imagenes de bufalos en campo La Salandra, silaje, sorgo y BMR picado","og_url":"https:\/\/nutriciondebovinos.ar\/index.php\/bufalos-la-salamdra-silaje-sorgo-bmr-picado\/","og_site_name":"nutriciondebovinos","article_modified_time":"2023-09-01T13:06:58+00:00","og_image":[{"width":2000,"height":1143,"url":"https:\/\/nutriciondebovinos.ar\/wp-content\/uploads\/2023\/06\/ganado.jpg","type":"image\/jpeg"}],"twitter_card":"summary_large_image","schema":{"@context":"https:\/\/schema.org","@graph":[{"@type":"WebPage","@id":"https:\/\/nutriciondebovinos.ar\/index.php\/bufalos-la-salamdra-silaje-sorgo-bmr-picado\/","url":"https:\/\/nutriciondebovinos.ar\/index.php\/bufalos-la-salamdra-silaje-sorgo-bmr-picado\/","name":"B\u00fafalos (La Salamdra, silaje, Sorgo BMR picado) | nutriciondebovinos","isPartOf":{"@id":"https:\/\/nutriciondebovinos.ar\/#website"},"datePublished":"2023-07-28T16:07:52+00:00","dateModified":"2023-09-01T13:06:58+00:00","description":"Galeria de imagenes de bufalos en campo La Salandra, silaje, sorgo y BMR picado","breadcrumb":{"@id":"https:\/\/nutriciondebovinos.ar\/index.php\/bufalos-la-salamdra-silaje-sorgo-bmr-picado\/#breadcrumb"},"inLanguage":"es-AR","potentialAction":[{"@type":"ReadAction","target":["https:\/\/nutriciondebovinos.ar\/index.php\/bufalos-la-salamdra-silaje-sorgo-bmr-picado\/"]}]},{"@type":"BreadcrumbList","@id":"https:\/\/nutriciondebovinos.ar\/index.php\/bufalos-la-salamdra-silaje-sorgo-bmr-picado\/#breadcrumb","itemListElement":[{"@type":"ListItem","position":1,"name":"Inicio","item":"https:\/\/nutriciondebovinos.ar\/"},{"@type":"ListItem","position":2,"name":"B\u00fafalos (La Salamdra, silaje, Sorgo BMR picado)"}]},{"@type":"WebSite","@id":"https:\/\/nutriciondebovinos.ar\/#website","url":"https:\/\/nutriciondebovinos.ar\/","name":"Nutrici\u00f3n de Bovinos","description":"Sitio Web sobre Nutrici\u00f3n de Rumiantes y Gesti\u00f3n Ganadera, tiene como finalidad representar un espacio com\u00fan de discusi\u00f3n, difusi\u00f3n y transferencia de conocimientos entre el mundo cient\u00edfico-t\u00e9cnico","publisher":{"@id":"https:\/\/nutriciondebovinos.ar\/#\/schema\/person\/0728d66fb1fe97c3333f40ee2e09e263"},"potentialAction":[{"@type":"SearchAction","target":{"@type":"EntryPoint","urlTemplate":"https:\/\/nutriciondebovinos.ar\/?s={search_term_string}"},"query-input":{"@type":"PropertyValueSpecification","valueRequired":true,"valueName":"search_term_string"}}],"inLanguage":"es-AR"},{"@type":["Person","Organization"],"@id":"https:\/\/nutriciondebovinos.ar\/#\/schema\/person\/0728d66fb1fe97c3333f40ee2e09e263","name":"nutricion.portafoliosweb.com.ar","image":{"@type":"ImageObject","inLanguage":"es-AR","@id":"https:\/\/nutriciondebovinos.ar\/wp-content\/uploads\/2023\/08\/cropped-cow-logo.png","url":"https:\/\/nutriciondebovinos.ar\/wp-content\/uploads\/2023\/08\/cropped-cow-logo.png","contentUrl":"https:\/\/nutriciondebovinos.ar\/wp-content\/uploads\/2023\/08\/cropped-cow-logo.png","width":2998,"height":1909,"caption":"nutricion.portafoliosweb.com.ar"},"logo":{"@id":"https:\/\/nutriciondebovinos.ar\/wp-content\/uploads\/2023\/08\/cropped-cow-logo.png"},"sameAs":["http:\/\/nutriciondebovinos.ar"]}]}},"_links":{"self":[{"href":"https:\/\/nutriciondebovinos.ar\/index.php\/wp-json\/wp\/v2\/pages\/5200","targetHints":{"allow":["GET"]}}],"collection":[{"href":"https:\/\/nutriciondebovinos.ar\/index.php\/wp-json\/wp\/v2\/pages"}],"about":[{"href":"https:\/\/nutriciondebovinos.ar\/index.php\/wp-json\/wp\/v2\/types\/page"}],"author":[{"embeddable":true,"href":"https:\/\/nutriciondebovinos.ar\/index.php\/wp-json\/wp\/v2\/users\/1"}],"replies":[{"embeddable":true,"href":"https:\/\/nutriciondebovinos.ar\/index.php\/wp-json\/wp\/v2\/comments?post=5200"}],"version-history":[{"count":5,"href":"https:\/\/nutriciondebovinos.ar\/index.php\/wp-json\/wp\/v2\/pages\/5200\/revisions"}],"predecessor-version":[{"id":8464,"href":"https:\/\/nutriciondebovinos.ar\/index.php\/wp-json\/wp\/v2\/pages\/5200\/revisions\/8464"}],"wp:attachment":[{"href":"https:\/\/nutriciondebovinos.ar\/index.php\/wp-json\/wp\/v2\/media?parent=5200"}],"curies":[{"name":"wp","href":"https:\/\/api.w.org\/{rel}","templated":true}]}}