{"id":5239,"date":"2023-07-28T13:24:05","date_gmt":"2023-07-28T16:24:05","guid":{"rendered":"http:\/\/nutriciondebovinos.ar\/?page_id=5239"},"modified":"2023-09-01T16:57:59","modified_gmt":"2023-09-01T19:57:59","slug":"engorde-de-vaquillonas-con-grano-de-trigo","status":"publish","type":"page","link":"https:\/\/nutriciondebovinos.ar\/index.php\/engorde-de-vaquillonas-con-grano-de-trigo\/","title":{"rendered":"Engorde de vaquillonas con grano de trigo"},"content":{"rendered":"\t\t<div data-elementor-type=\"wp-page\" data-elementor-id=\"5239\" class=\"elementor elementor-5239\" data-elementor-post-type=\"page\">\n\t\t\t\t<div class=\"elementor-element elementor-element-3ca8f1d e-flex e-con-boxed e-con e-parent\" data-id=\"3ca8f1d\" data-element_type=\"container\" data-e-type=\"container\">\n\t\t\t\t\t<div class=\"e-con-inner\">\n\t\t\t\t\t<\/div>\n\t\t\t\t<\/div>\n\t\t<div class=\"elementor-element elementor-element-1f37c5a7 e-flex e-con-boxed e-con e-parent\" data-id=\"1f37c5a7\" data-element_type=\"container\" data-e-type=\"container\" data-settings=\"{&quot;background_background&quot;:&quot;classic&quot;}\">\n\t\t\t\t\t<div class=\"e-con-inner\">\n\t\t\t\t<div class=\"elementor-element elementor-element-1adcd1aa elementor-widget-mobile__width-inherit elementor-widget elementor-widget-gallery\" data-id=\"1adcd1aa\" data-element_type=\"widget\" data-e-type=\"widget\" data-settings=\"{&quot;columns&quot;:3,&quot;gap&quot;:{&quot;unit&quot;:&quot;px&quot;,&quot;size&quot;:22,&quot;sizes&quot;:[]},&quot;content_hover_animation&quot;:&quot;shrink&quot;,&quot;content_sequenced_animation&quot;:&quot;yes&quot;,&quot;lazyload&quot;:&quot;yes&quot;,&quot;gallery_layout&quot;:&quot;grid&quot;,&quot;columns_tablet&quot;:2,&quot;columns_mobile&quot;:1,&quot;gap_tablet&quot;:{&quot;unit&quot;:&quot;px&quot;,&quot;size&quot;:10,&quot;sizes&quot;:[]},&quot;gap_mobile&quot;:{&quot;unit&quot;:&quot;px&quot;,&quot;size&quot;:10,&quot;sizes&quot;:[]},&quot;link_to&quot;:&quot;file&quot;,&quot;aspect_ratio&quot;:&quot;3:2&quot;,&quot;overlay_background&quot;:&quot;yes&quot;}\" data-widget_type=\"gallery.default\">\n\t\t\t\t<div class=\"elementor-widget-container\">\n\t\t\t\t\t\t\t<div class=\"elementor-gallery__container\">\n\t\t\t\t\t\t\t<a class=\"e-gallery-item elementor-gallery-item elementor-animated-content\" href=\"https:\/\/nutriciondebovinos.ar\/wp-content\/uploads\/2023\/07\/BOSTA_4_BUENA.webp\" data-elementor-open-lightbox=\"yes\" data-elementor-lightbox-slideshow=\"1adcd1aa\" data-elementor-lightbox-title=\"Bosta Buena\" data-elementor-lightbox-description=\"Bosta Buena\" data-e-action-hash=\"#elementor-action%3Aaction%3Dlightbox%26settings%3DeyJpZCI6NTI0NSwidXJsIjoiaHR0cHM6XC9cL251dHJpY2lvbmRlYm92aW5vcy5hclwvd3AtY29udGVudFwvdXBsb2Fkc1wvMjAyM1wvMDdcL0JPU1RBXzRfQlVFTkEud2VicCIsInNsaWRlc2hvdyI6IjFhZGNkMWFhIn0%3D\">\n\t\t\t\t\t<div class=\"e-gallery-image elementor-gallery-item__image\" data-thumbnail=\"https:\/\/nutriciondebovinos.ar\/wp-content\/uploads\/2023\/07\/BOSTA_4_BUENA-1024x768.webp\" data-width=\"800\" data-height=\"600\" aria-label=\"Bosta Buena\" role=\"img\" ><\/div>\n\t\t\t\t\t\t\t\t\t\t\t<div class=\"elementor-gallery-item__overlay\"><\/div>\n\t\t\t\t\t\t\t\t\t\t\t\t\t\t<\/a>\n\t\t\t\t\t\t\t<a class=\"e-gallery-item elementor-gallery-item elementor-animated-content\" href=\"https:\/\/nutriciondebovinos.ar\/wp-content\/uploads\/2023\/07\/GRANO_DE_TRIGO__TORTA_GIRASOL_2-scaled.webp\" data-elementor-open-lightbox=\"yes\" data-elementor-lightbox-slideshow=\"1adcd1aa\" data-elementor-lightbox-title=\"Grano de trigo + torta de girasol\" data-elementor-lightbox-description=\"Grano de trigo + torta de girasol\" data-e-action-hash=\"#elementor-action%3Aaction%3Dlightbox%26settings%3DeyJpZCI6NTI0NiwidXJsIjoiaHR0cHM6XC9cL251dHJpY2lvbmRlYm92aW5vcy5hclwvd3AtY29udGVudFwvdXBsb2Fkc1wvMjAyM1wvMDdcL0dSQU5PX0RFX1RSSUdPX19UT1JUQV9HSVJBU09MXzItc2NhbGVkLndlYnAiLCJzbGlkZXNob3ciOiIxYWRjZDFhYSJ9\">\n\t\t\t\t\t<div class=\"e-gallery-image elementor-gallery-item__image\" data-thumbnail=\"https:\/\/nutriciondebovinos.ar\/wp-content\/uploads\/2023\/07\/GRANO_DE_TRIGO__TORTA_GIRASOL_2-576x1024.webp\" data-width=\"576\" data-height=\"1024\" aria-label=\"Grano de trigo + torta de girasol\" role=\"img\" ><\/div>\n\t\t\t\t\t\t\t\t\t\t\t<div class=\"elementor-gallery-item__overlay\"><\/div>\n\t\t\t\t\t\t\t\t\t\t\t\t\t\t<\/a>\n\t\t\t\t\t\t\t<a class=\"e-gallery-item elementor-gallery-item elementor-animated-content\" href=\"https:\/\/nutriciondebovinos.ar\/wp-content\/uploads\/2023\/07\/GRANO_DE_TRIGO__TORTA_GIRASOL_3-scaled.webp\" data-elementor-open-lightbox=\"yes\" data-elementor-lightbox-slideshow=\"1adcd1aa\" data-elementor-lightbox-title=\"Grano de trigo + torta de girasol, en comedero\" data-elementor-lightbox-description=\"Grano de trigo + torta de girasol, en comedero\" data-e-action-hash=\"#elementor-action%3Aaction%3Dlightbox%26settings%3DeyJpZCI6NTI0NywidXJsIjoiaHR0cHM6XC9cL251dHJpY2lvbmRlYm92aW5vcy5hclwvd3AtY29udGVudFwvdXBsb2Fkc1wvMjAyM1wvMDdcL0dSQU5PX0RFX1RSSUdPX19UT1JUQV9HSVJBU09MXzMtc2NhbGVkLndlYnAiLCJzbGlkZXNob3ciOiIxYWRjZDFhYSJ9\">\n\t\t\t\t\t<div class=\"e-gallery-image elementor-gallery-item__image\" data-thumbnail=\"https:\/\/nutriciondebovinos.ar\/wp-content\/uploads\/2023\/07\/GRANO_DE_TRIGO__TORTA_GIRASOL_3-576x1024.webp\" data-width=\"576\" data-height=\"1024\" aria-label=\"Grano de trigo + torta de girasol, en comedero\" role=\"img\" ><\/div>\n\t\t\t\t\t\t\t\t\t\t\t<div class=\"elementor-gallery-item__overlay\"><\/div>\n\t\t\t\t\t\t\t\t\t\t\t\t\t\t<\/a>\n\t\t\t\t\t\t\t<a class=\"e-gallery-item elementor-gallery-item elementor-animated-content\" href=\"https:\/\/nutriciondebovinos.ar\/wp-content\/uploads\/2023\/07\/ROLLO_DE_SOJA.webp\" data-elementor-open-lightbox=\"yes\" data-elementor-lightbox-slideshow=\"1adcd1aa\" data-elementor-lightbox-title=\"Rollo de Soja\" data-elementor-lightbox-description=\"Rollo de Soja\" data-e-action-hash=\"#elementor-action%3Aaction%3Dlightbox%26settings%3DeyJpZCI6NTI0OCwidXJsIjoiaHR0cHM6XC9cL251dHJpY2lvbmRlYm92aW5vcy5hclwvd3AtY29udGVudFwvdXBsb2Fkc1wvMjAyM1wvMDdcL1JPTExPX0RFX1NPSkEud2VicCIsInNsaWRlc2hvdyI6IjFhZGNkMWFhIn0%3D\">\n\t\t\t\t\t<div class=\"e-gallery-image elementor-gallery-item__image\" data-thumbnail=\"https:\/\/nutriciondebovinos.ar\/wp-content\/uploads\/2023\/07\/ROLLO_DE_SOJA-768x1024.webp\" data-width=\"768\" data-height=\"1024\" aria-label=\"Rollo de Soja\" role=\"img\" ><\/div>\n\t\t\t\t\t\t\t\t\t\t\t<div class=\"elementor-gallery-item__overlay\"><\/div>\n\t\t\t\t\t\t\t\t\t\t\t\t\t\t<\/a>\n\t\t\t\t\t\t\t<a class=\"e-gallery-item elementor-gallery-item elementor-animated-content\" href=\"https:\/\/nutriciondebovinos.ar\/wp-content\/uploads\/2023\/07\/VAQUILLONAS_ENSAYO_GRANO_DE_TRIGO_4-scaled.webp\" data-elementor-open-lightbox=\"yes\" data-elementor-lightbox-slideshow=\"1adcd1aa\" data-elementor-lightbox-title=\"Vaquillonas ensayo con grano de trigo\" data-elementor-lightbox-description=\"Vaquillonas ensayo con grano de trigo\" data-e-action-hash=\"#elementor-action%3Aaction%3Dlightbox%26settings%3DeyJpZCI6NTI0OSwidXJsIjoiaHR0cHM6XC9cL251dHJpY2lvbmRlYm92aW5vcy5hclwvd3AtY29udGVudFwvdXBsb2Fkc1wvMjAyM1wvMDdcL1ZBUVVJTExPTkFTX0VOU0FZT19HUkFOT19ERV9UUklHT180LXNjYWxlZC53ZWJwIiwic2xpZGVzaG93IjoiMWFkY2QxYWEifQ%3D%3D\">\n\t\t\t\t\t<div class=\"e-gallery-image elementor-gallery-item__image\" data-thumbnail=\"https:\/\/nutriciondebovinos.ar\/wp-content\/uploads\/2023\/07\/VAQUILLONAS_ENSAYO_GRANO_DE_TRIGO_4-1024x576.webp\" data-width=\"800\" data-height=\"450\" aria-label=\"Vaquillonas ensayo con grano de trigo\" role=\"img\" ><\/div>\n\t\t\t\t\t\t\t\t\t\t\t<div class=\"elementor-gallery-item__overlay\"><\/div>\n\t\t\t\t\t\t\t\t\t\t\t\t\t\t<\/a>\n\t\t\t\t\t<\/div>\n\t\t\t\t\t<\/div>\n\t\t\t\t<\/div>\n\t\t\t\t\t<\/div>\n\t\t\t\t<\/div>\n\t\t\t\t<\/div>\n\t\t","protected":false},"excerpt":{"rendered":"","protected":false},"author":1,"featured_media":0,"parent":0,"menu_order":0,"comment_status":"closed","ping_status":"closed","template":"","meta":{"footnotes":""},"class_list":["post-5239","page","type-page","status-publish","hentry"],"yoast_head":"<!-- This site is optimized with the Yoast SEO plugin v27.3 - https:\/\/yoast.com\/product\/yoast-seo-wordpress\/ -->\n<title>Engorde ganado bovino con granos de trigo<\/title>\n<meta name=\"description\" content=\"Biblioteca de imagenes de ganado bovino en etapa de engorde mediante granos de trigo.\" \/>\n<meta name=\"robots\" content=\"noindex, nofollow\" \/>\n<meta property=\"og:locale\" content=\"es_ES\" \/>\n<meta property=\"og:type\" content=\"article\" \/>\n<meta property=\"og:title\" content=\"Engorde ganado bovino con granos de trigo\" \/>\n<meta property=\"og:description\" content=\"Biblioteca de imagenes de ganado bovino en etapa de engorde mediante granos de trigo.\" \/>\n<meta property=\"og:url\" content=\"https:\/\/nutriciondebovinos.ar\/index.php\/engorde-de-vaquillonas-con-grano-de-trigo\/\" \/>\n<meta property=\"og:site_name\" content=\"nutriciondebovinos\" \/>\n<meta property=\"article:modified_time\" content=\"2023-09-01T19:57:59+00:00\" \/>\n<meta property=\"og:image\" content=\"https:\/\/nutriciondebovinos.ar\/wp-content\/uploads\/2023\/06\/ganado.jpg\" \/>\n\t<meta property=\"og:image:width\" content=\"2000\" \/>\n\t<meta property=\"og:image:height\" content=\"1143\" \/>\n\t<meta property=\"og:image:type\" content=\"image\/jpeg\" \/>\n<meta name=\"twitter:card\" content=\"summary_large_image\" \/>\n<script type=\"application\/ld+json\" class=\"yoast-schema-graph\">{\"@context\":\"https:\\\/\\\/schema.org\",\"@graph\":[{\"@type\":\"WebPage\",\"@id\":\"https:\\\/\\\/nutriciondebovinos.ar\\\/index.php\\\/engorde-de-vaquillonas-con-grano-de-trigo\\\/\",\"url\":\"https:\\\/\\\/nutriciondebovinos.ar\\\/index.php\\\/engorde-de-vaquillonas-con-grano-de-trigo\\\/\",\"name\":\"Engorde ganado bovino con granos de trigo\",\"isPartOf\":{\"@id\":\"https:\\\/\\\/nutriciondebovinos.ar\\\/#website\"},\"datePublished\":\"2023-07-28T16:24:05+00:00\",\"dateModified\":\"2023-09-01T19:57:59+00:00\",\"description\":\"Biblioteca de imagenes de ganado bovino en etapa de engorde mediante granos de trigo.\",\"breadcrumb\":{\"@id\":\"https:\\\/\\\/nutriciondebovinos.ar\\\/index.php\\\/engorde-de-vaquillonas-con-grano-de-trigo\\\/#breadcrumb\"},\"inLanguage\":\"es-AR\",\"potentialAction\":[{\"@type\":\"ReadAction\",\"target\":[\"https:\\\/\\\/nutriciondebovinos.ar\\\/index.php\\\/engorde-de-vaquillonas-con-grano-de-trigo\\\/\"]}]},{\"@type\":\"BreadcrumbList\",\"@id\":\"https:\\\/\\\/nutriciondebovinos.ar\\\/index.php\\\/engorde-de-vaquillonas-con-grano-de-trigo\\\/#breadcrumb\",\"itemListElement\":[{\"@type\":\"ListItem\",\"position\":1,\"name\":\"Inicio\",\"item\":\"https:\\\/\\\/nutriciondebovinos.ar\\\/\"},{\"@type\":\"ListItem\",\"position\":2,\"name\":\"Engorde de vaquillonas con grano de trigo\"}]},{\"@type\":\"WebSite\",\"@id\":\"https:\\\/\\\/nutriciondebovinos.ar\\\/#website\",\"url\":\"https:\\\/\\\/nutriciondebovinos.ar\\\/\",\"name\":\"Nutrici\u00f3n de Bovinos\",\"description\":\"Sitio Web sobre Nutrici\u00f3n de Rumiantes y Gesti\u00f3n Ganadera, tiene como finalidad representar un espacio com\u00fan de discusi\u00f3n, difusi\u00f3n y transferencia de conocimientos entre el mundo cient\u00edfico-t\u00e9cnico\",\"publisher\":{\"@id\":\"https:\\\/\\\/nutriciondebovinos.ar\\\/#\\\/schema\\\/person\\\/0728d66fb1fe97c3333f40ee2e09e263\"},\"potentialAction\":[{\"@type\":\"SearchAction\",\"target\":{\"@type\":\"EntryPoint\",\"urlTemplate\":\"https:\\\/\\\/nutriciondebovinos.ar\\\/?s={search_term_string}\"},\"query-input\":{\"@type\":\"PropertyValueSpecification\",\"valueRequired\":true,\"valueName\":\"search_term_string\"}}],\"inLanguage\":\"es-AR\"},{\"@type\":[\"Person\",\"Organization\"],\"@id\":\"https:\\\/\\\/nutriciondebovinos.ar\\\/#\\\/schema\\\/person\\\/0728d66fb1fe97c3333f40ee2e09e263\",\"name\":\"nutricion.portafoliosweb.com.ar\",\"image\":{\"@type\":\"ImageObject\",\"inLanguage\":\"es-AR\",\"@id\":\"https:\\\/\\\/nutriciondebovinos.ar\\\/wp-content\\\/uploads\\\/2023\\\/08\\\/cropped-cow-logo.png\",\"url\":\"https:\\\/\\\/nutriciondebovinos.ar\\\/wp-content\\\/uploads\\\/2023\\\/08\\\/cropped-cow-logo.png\",\"contentUrl\":\"https:\\\/\\\/nutriciondebovinos.ar\\\/wp-content\\\/uploads\\\/2023\\\/08\\\/cropped-cow-logo.png\",\"width\":2998,\"height\":1909,\"caption\":\"nutricion.portafoliosweb.com.ar\"},\"logo\":{\"@id\":\"https:\\\/\\\/nutriciondebovinos.ar\\\/wp-content\\\/uploads\\\/2023\\\/08\\\/cropped-cow-logo.png\"},\"sameAs\":[\"http:\\\/\\\/nutriciondebovinos.ar\"]}]}<\/script>\n<!-- \/ Yoast SEO plugin. -->","yoast_head_json":{"title":"Engorde ganado bovino con granos de trigo","description":"Biblioteca de imagenes de ganado bovino en etapa de engorde mediante granos de trigo.","robots":{"index":"noindex","follow":"nofollow"},"og_locale":"es_ES","og_type":"article","og_title":"Engorde ganado bovino con granos de trigo","og_description":"Biblioteca de imagenes de ganado bovino en etapa de engorde mediante granos de trigo.","og_url":"https:\/\/nutriciondebovinos.ar\/index.php\/engorde-de-vaquillonas-con-grano-de-trigo\/","og_site_name":"nutriciondebovinos","article_modified_time":"2023-09-01T19:57:59+00:00","og_image":[{"width":2000,"height":1143,"url":"https:\/\/nutriciondebovinos.ar\/wp-content\/uploads\/2023\/06\/ganado.jpg","type":"image\/jpeg"}],"twitter_card":"summary_large_image","schema":{"@context":"https:\/\/schema.org","@graph":[{"@type":"WebPage","@id":"https:\/\/nutriciondebovinos.ar\/index.php\/engorde-de-vaquillonas-con-grano-de-trigo\/","url":"https:\/\/nutriciondebovinos.ar\/index.php\/engorde-de-vaquillonas-con-grano-de-trigo\/","name":"Engorde ganado bovino con granos de trigo","isPartOf":{"@id":"https:\/\/nutriciondebovinos.ar\/#website"},"datePublished":"2023-07-28T16:24:05+00:00","dateModified":"2023-09-01T19:57:59+00:00","description":"Biblioteca de imagenes de ganado bovino en etapa de engorde mediante granos de trigo.","breadcrumb":{"@id":"https:\/\/nutriciondebovinos.ar\/index.php\/engorde-de-vaquillonas-con-grano-de-trigo\/#breadcrumb"},"inLanguage":"es-AR","potentialAction":[{"@type":"ReadAction","target":["https:\/\/nutriciondebovinos.ar\/index.php\/engorde-de-vaquillonas-con-grano-de-trigo\/"]}]},{"@type":"BreadcrumbList","@id":"https:\/\/nutriciondebovinos.ar\/index.php\/engorde-de-vaquillonas-con-grano-de-trigo\/#breadcrumb","itemListElement":[{"@type":"ListItem","position":1,"name":"Inicio","item":"https:\/\/nutriciondebovinos.ar\/"},{"@type":"ListItem","position":2,"name":"Engorde de vaquillonas con grano de trigo"}]},{"@type":"WebSite","@id":"https:\/\/nutriciondebovinos.ar\/#website","url":"https:\/\/nutriciondebovinos.ar\/","name":"Nutrici\u00f3n de Bovinos","description":"Sitio Web sobre Nutrici\u00f3n de Rumiantes y Gesti\u00f3n Ganadera, tiene como finalidad representar un espacio com\u00fan de discusi\u00f3n, difusi\u00f3n y transferencia de conocimientos entre el mundo cient\u00edfico-t\u00e9cnico","publisher":{"@id":"https:\/\/nutriciondebovinos.ar\/#\/schema\/person\/0728d66fb1fe97c3333f40ee2e09e263"},"potentialAction":[{"@type":"SearchAction","target":{"@type":"EntryPoint","urlTemplate":"https:\/\/nutriciondebovinos.ar\/?s={search_term_string}"},"query-input":{"@type":"PropertyValueSpecification","valueRequired":true,"valueName":"search_term_string"}}],"inLanguage":"es-AR"},{"@type":["Person","Organization"],"@id":"https:\/\/nutriciondebovinos.ar\/#\/schema\/person\/0728d66fb1fe97c3333f40ee2e09e263","name":"nutricion.portafoliosweb.com.ar","image":{"@type":"ImageObject","inLanguage":"es-AR","@id":"https:\/\/nutriciondebovinos.ar\/wp-content\/uploads\/2023\/08\/cropped-cow-logo.png","url":"https:\/\/nutriciondebovinos.ar\/wp-content\/uploads\/2023\/08\/cropped-cow-logo.png","contentUrl":"https:\/\/nutriciondebovinos.ar\/wp-content\/uploads\/2023\/08\/cropped-cow-logo.png","width":2998,"height":1909,"caption":"nutricion.portafoliosweb.com.ar"},"logo":{"@id":"https:\/\/nutriciondebovinos.ar\/wp-content\/uploads\/2023\/08\/cropped-cow-logo.png"},"sameAs":["http:\/\/nutriciondebovinos.ar"]}]}},"_links":{"self":[{"href":"https:\/\/nutriciondebovinos.ar\/index.php\/wp-json\/wp\/v2\/pages\/5239","targetHints":{"allow":["GET"]}}],"collection":[{"href":"https:\/\/nutriciondebovinos.ar\/index.php\/wp-json\/wp\/v2\/pages"}],"about":[{"href":"https:\/\/nutriciondebovinos.ar\/index.php\/wp-json\/wp\/v2\/types\/page"}],"author":[{"embeddable":true,"href":"https:\/\/nutriciondebovinos.ar\/index.php\/wp-json\/wp\/v2\/users\/1"}],"replies":[{"embeddable":true,"href":"https:\/\/nutriciondebovinos.ar\/index.php\/wp-json\/wp\/v2\/comments?post=5239"}],"version-history":[{"count":8,"href":"https:\/\/nutriciondebovinos.ar\/index.php\/wp-json\/wp\/v2\/pages\/5239\/revisions"}],"predecessor-version":[{"id":8475,"href":"https:\/\/nutriciondebovinos.ar\/index.php\/wp-json\/wp\/v2\/pages\/5239\/revisions\/8475"}],"wp:attachment":[{"href":"https:\/\/nutriciondebovinos.ar\/index.php\/wp-json\/wp\/v2\/media?parent=5239"}],"curies":[{"name":"wp","href":"https:\/\/api.w.org\/{rel}","templated":true}]}}